{"id":69995,"date":"2025-12-24T11:57:48","date_gmt":"2025-12-24T10:57:48","guid":{"rendered":"https:\/\/zupnija-lendava.si\/?page_id=69995"},"modified":"2026-02-07T15:16:03","modified_gmt":"2026-02-07T14:16:03","slug":"fotogaleria-oratorium-lendvan-2025-ben-4-nap","status":"publish","type":"page","link":"https:\/\/zupnija-lendava.si\/hu\/fotogaleria-oratorium-lendvan-2025-ben-4-nap\/","title":{"rendered":"FOT\u00d3GAL\u00c9RIA: Orat\u00f3rium Lendv\u00e1n 2025-ben \u2013 4. nap"},"content":{"rendered":"<p><img loading=\"lazy\" decoding=\"async\" class=\"alignnone size-full wp-image-67978\" src=\"https:\/\/zupnija-lendava.si\/wp-content\/uploads\/2025\/06\/2025-06_oratorij_hu.png\" alt=\"\" width=\"710\" height=\"200\" srcset=\"https:\/\/zupnija-lendava.si\/wp-content\/uploads\/2025\/06\/2025-06_oratorij_hu.png 710w, https:\/\/zupnija-lendava.si\/wp-content\/uploads\/2025\/06\/2025-06_oratorij_hu-300x85.png 300w\" sizes=\"auto, (max-width: 710px) 100vw, 710px\" \/><\/p>\n<p>F\u00e9nyk\u00e9palbum c\u00edme: <strong> Orat\u00f3rium Lendv\u00e1n 2025-ben \u2013 4. nap<\/strong><br \/>\nD\u00e1tum: <strong>2025. augusztus 21.<\/strong><\/p>\n<div id=\"tabela2\">\n<table style=\"width: 98%; background-color: #f7d9b7;\" border=\"0\">\n<tbody>\n<tr>\n<td style=\"text-align: center;\"><span style=\"font-family: verdana,geneva; font-size: 11px;\">A megny\u00edtott k\u00e9pek k\u00f6z\u00f6tt el\u0151re \u00e9s h\u00e1tra a <strong>billenty\u0171zettel is mozoghatunk<\/strong> (bal \u00e9s jobb oldali ny\u00edlak)<\/span><\/td>\n<\/tr>\n<\/tbody>\n<\/table>\n<\/div>\n<div id='gallery-1' class='gallery galleryid-69995 gallery-columns-5 gallery-size-thumbnail'><dl class='gallery-item'>\n\t\t\t<dt class='gallery-icon landscape'>\n\t\t\t\t<a href='https:\/\/zupnija-lendava.si\/wp-content\/uploads\/2025\/12\/20250821_oratorij_4dan_01.jpg'><img loading=\"lazy\" decoding=\"async\" width=\"120\" height=\"120\" src=\"https:\/\/zupnija-lendava.si\/wp-content\/uploads\/2025\/12\/20250821_oratorij_4dan_01-120x120.jpg\" class=\"attachment-thumbnail size-thumbnail\" alt=\"\" \/><\/a>\n\t\t\t<\/dt><\/dl><dl class='gallery-item'>\n\t\t\t<dt class='gallery-icon landscape'>\n\t\t\t\t<a href='https:\/\/zupnija-lendava.si\/wp-content\/uploads\/2025\/12\/20250821_oratorij_4dan_02.jpg'><img loading=\"lazy\" decoding=\"async\" width=\"120\" height=\"120\" src=\"https:\/\/zupnija-lendava.si\/wp-content\/uploads\/2025\/12\/20250821_oratorij_4dan_02-120x120.jpg\" class=\"attachment-thumbnail size-thumbnail\" alt=\"\" \/><\/a>\n\t\t\t<\/dt><\/dl><dl class='gallery-item'>\n\t\t\t<dt class='gallery-icon landscape'>\n\t\t\t\t<a href='https:\/\/zupnija-lendava.si\/wp-content\/uploads\/2025\/12\/20250821_oratorij_4dan_03.jpg'><img loading=\"lazy\" decoding=\"async\" width=\"120\" height=\"120\" src=\"https:\/\/zupnija-lendava.si\/wp-content\/uploads\/2025\/12\/20250821_oratorij_4dan_03-120x120.jpg\" class=\"attachment-thumbnail size-thumbnail\" alt=\"\" \/><\/a>\n\t\t\t<\/dt><\/dl><dl class='gallery-item'>\n\t\t\t<dt class='gallery-icon landscape'>\n\t\t\t\t<a href='https:\/\/zupnija-lendava.si\/wp-content\/uploads\/2025\/12\/20250821_oratorij_4dan_04.jpg'><img loading=\"lazy\" decoding=\"async\" width=\"120\" height=\"120\" src=\"https:\/\/zupnija-lendava.si\/wp-content\/uploads\/2025\/12\/20250821_oratorij_4dan_04-120x120.jpg\" class=\"attachment-thumbnail size-thumbnail\" alt=\"\" \/><\/a>\n\t\t\t<\/dt><\/dl><dl class='gallery-item'>\n\t\t\t<dt class='gallery-icon landscape'>\n\t\t\t\t<a href='https:\/\/zupnija-lendava.si\/wp-content\/uploads\/2025\/12\/20250821_oratorij_4dan_05.jpg'><img loading=\"lazy\" decoding=\"async\" width=\"120\" height=\"120\" src=\"https:\/\/zupnija-lendava.si\/wp-content\/uploads\/2025\/12\/20250821_oratorij_4dan_05-120x120.jpg\" class=\"attachment-thumbnail size-thumbnail\" alt=\"\" \/><\/a>\n\t\t\t<\/dt><\/dl><br style=\"clear: both\" \/><dl class='gallery-item'>\n\t\t\t<dt class='gallery-icon landscape'>\n\t\t\t\t<a href='https:\/\/zupnija-lendava.si\/wp-content\/uploads\/2025\/12\/20250821_oratorij_4dan_06.jpg'><img loading=\"lazy\" decoding=\"async\" width=\"120\" height=\"120\" src=\"https:\/\/zupnija-lendava.si\/wp-content\/uploads\/2025\/12\/20250821_oratorij_4dan_06-120x120.jpg\" class=\"attachment-thumbnail size-thumbnail\" alt=\"\" \/><\/a>\n\t\t\t<\/dt><\/dl><dl class='gallery-item'>\n\t\t\t<dt class='gallery-icon landscape'>\n\t\t\t\t<a href='https:\/\/zupnija-lendava.si\/wp-content\/uploads\/2025\/12\/20250821_oratorij_4dan_07.jpg'><img loading=\"lazy\" decoding=\"async\" width=\"120\" height=\"120\" src=\"https:\/\/zupnija-lendava.si\/wp-content\/uploads\/2025\/12\/20250821_oratorij_4dan_07-120x120.jpg\" class=\"attachment-thumbnail size-thumbnail\" alt=\"\" \/><\/a>\n\t\t\t<\/dt><\/dl><dl class='gallery-item'>\n\t\t\t<dt class='gallery-icon portrait'>\n\t\t\t\t<a href='https:\/\/zupnija-lendava.si\/wp-content\/uploads\/2025\/12\/20250821_oratorij_4dan_08.jpg'><img loading=\"lazy\" decoding=\"async\" width=\"120\" height=\"120\" src=\"https:\/\/zupnija-lendava.si\/wp-content\/uploads\/2025\/12\/20250821_oratorij_4dan_08-120x120.jpg\" class=\"attachment-thumbnail size-thumbnail\" alt=\"\" \/><\/a>\n\t\t\t<\/dt><\/dl><dl class='gallery-item'>\n\t\t\t<dt class='gallery-icon portrait'>\n\t\t\t\t<a href='https:\/\/zupnija-lendava.si\/wp-content\/uploads\/2025\/12\/20250821_oratorij_4dan_09.jpg'><img loading=\"lazy\" decoding=\"async\" width=\"120\" height=\"120\" src=\"https:\/\/zupnija-lendava.si\/wp-content\/uploads\/2025\/12\/20250821_oratorij_4dan_09-120x120.jpg\" class=\"attachment-thumbnail size-thumbnail\" alt=\"\" \/><\/a>\n\t\t\t<\/dt><\/dl><dl class='gallery-item'>\n\t\t\t<dt class='gallery-icon portrait'>\n\t\t\t\t<a href='https:\/\/zupnija-lendava.si\/wp-content\/uploads\/2025\/12\/20250821_oratorij_4dan_10.jpg'><img loading=\"lazy\" decoding=\"async\" width=\"120\" height=\"120\" src=\"https:\/\/zupnija-lendava.si\/wp-content\/uploads\/2025\/12\/20250821_oratorij_4dan_10-120x120.jpg\" class=\"attachment-thumbnail size-thumbnail\" alt=\"\" \/><\/a>\n\t\t\t<\/dt><\/dl><br style=\"clear: both\" \/><dl class='gallery-item'>\n\t\t\t<dt class='gallery-icon landscape'>\n\t\t\t\t<a href='https:\/\/zupnija-lendava.si\/wp-content\/uploads\/2025\/12\/20250821_oratorij_4dan_11.jpg'><img loading=\"lazy\" decoding=\"async\" width=\"120\" height=\"120\" src=\"https:\/\/zupnija-lendava.si\/wp-content\/uploads\/2025\/12\/20250821_oratorij_4dan_11-120x120.jpg\" class=\"attachment-thumbnail size-thumbnail\" alt=\"\" \/><\/a>\n\t\t\t<\/dt><\/dl><dl class='gallery-item'>\n\t\t\t<dt class='gallery-icon landscape'>\n\t\t\t\t<a href='https:\/\/zupnija-lendava.si\/wp-content\/uploads\/2025\/12\/20250821_oratorij_4dan_12.jpg'><img loading=\"lazy\" decoding=\"async\" width=\"120\" height=\"120\" src=\"https:\/\/zupnija-lendava.si\/wp-content\/uploads\/2025\/12\/20250821_oratorij_4dan_12-120x120.jpg\" class=\"attachment-thumbnail size-thumbnail\" alt=\"\" \/><\/a>\n\t\t\t<\/dt><\/dl><dl class='gallery-item'>\n\t\t\t<dt class='gallery-icon landscape'>\n\t\t\t\t<a href='https:\/\/zupnija-lendava.si\/wp-content\/uploads\/2025\/12\/20250821_oratorij_4dan_13.jpg'><img loading=\"lazy\" decoding=\"async\" width=\"120\" height=\"120\" src=\"https:\/\/zupnija-lendava.si\/wp-content\/uploads\/2025\/12\/20250821_oratorij_4dan_13-120x120.jpg\" class=\"attachment-thumbnail size-thumbnail\" alt=\"\" \/><\/a>\n\t\t\t<\/dt><\/dl><dl class='gallery-item'>\n\t\t\t<dt class='gallery-icon landscape'>\n\t\t\t\t<a href='https:\/\/zupnija-lendava.si\/wp-content\/uploads\/2025\/12\/20250821_oratorij_4dan_14.jpg'><img loading=\"lazy\" decoding=\"async\" width=\"120\" height=\"120\" src=\"https:\/\/zupnija-lendava.si\/wp-content\/uploads\/2025\/12\/20250821_oratorij_4dan_14-120x120.jpg\" class=\"attachment-thumbnail size-thumbnail\" alt=\"\" \/><\/a>\n\t\t\t<\/dt><\/dl><dl class='gallery-item'>\n\t\t\t<dt class='gallery-icon landscape'>\n\t\t\t\t<a href='https:\/\/zupnija-lendava.si\/wp-content\/uploads\/2025\/12\/20250821_oratorij_4dan_15.jpg'><img loading=\"lazy\" decoding=\"async\" width=\"120\" height=\"120\" src=\"https:\/\/zupnija-lendava.si\/wp-content\/uploads\/2025\/12\/20250821_oratorij_4dan_15-120x120.jpg\" class=\"attachment-thumbnail size-thumbnail\" alt=\"\" \/><\/a>\n\t\t\t<\/dt><\/dl><br style=\"clear: both\" \/><dl class='gallery-item'>\n\t\t\t<dt class='gallery-icon landscape'>\n\t\t\t\t<a href='https:\/\/zupnija-lendava.si\/wp-content\/uploads\/2025\/12\/20250821_oratorij_4dan_16.jpg'><img loading=\"lazy\" decoding=\"async\" width=\"120\" height=\"120\" src=\"https:\/\/zupnija-lendava.si\/wp-content\/uploads\/2025\/12\/20250821_oratorij_4dan_16-120x120.jpg\" class=\"attachment-thumbnail size-thumbnail\" alt=\"\" \/><\/a>\n\t\t\t<\/dt><\/dl><dl class='gallery-item'>\n\t\t\t<dt class='gallery-icon landscape'>\n\t\t\t\t<a href='https:\/\/zupnija-lendava.si\/wp-content\/uploads\/2025\/12\/20250821_oratorij_4dan_17.jpg'><img loading=\"lazy\" decoding=\"async\" width=\"120\" height=\"120\" src=\"https:\/\/zupnija-lendava.si\/wp-content\/uploads\/2025\/12\/20250821_oratorij_4dan_17-120x120.jpg\" class=\"attachment-thumbnail size-thumbnail\" alt=\"\" \/><\/a>\n\t\t\t<\/dt><\/dl><dl class='gallery-item'>\n\t\t\t<dt class='gallery-icon landscape'>\n\t\t\t\t<a href='https:\/\/zupnija-lendava.si\/wp-content\/uploads\/2025\/12\/20250821_oratorij_4dan_18.jpg'><img loading=\"lazy\" decoding=\"async\" width=\"120\" height=\"120\" src=\"https:\/\/zupnija-lendava.si\/wp-content\/uploads\/2025\/12\/20250821_oratorij_4dan_18-120x120.jpg\" class=\"attachment-thumbnail size-thumbnail\" alt=\"\" \/><\/a>\n\t\t\t<\/dt><\/dl><dl class='gallery-item'>\n\t\t\t<dt class='gallery-icon landscape'>\n\t\t\t\t<a href='https:\/\/zupnija-lendava.si\/wp-content\/uploads\/2025\/12\/20250821_oratorij_4dan_19.jpg'><img loading=\"lazy\" decoding=\"async\" width=\"120\" height=\"120\" src=\"https:\/\/zupnija-lendava.si\/wp-content\/uploads\/2025\/12\/20250821_oratorij_4dan_19-120x120.jpg\" class=\"attachment-thumbnail size-thumbnail\" alt=\"\" \/><\/a>\n\t\t\t<\/dt><\/dl><dl class='gallery-item'>\n\t\t\t<dt class='gallery-icon landscape'>\n\t\t\t\t<a href='https:\/\/zupnija-lendava.si\/wp-content\/uploads\/2025\/12\/20250821_oratorij_4dan_20.jpg'><img loading=\"lazy\" decoding=\"async\" width=\"120\" height=\"120\" src=\"https:\/\/zupnija-lendava.si\/wp-content\/uploads\/2025\/12\/20250821_oratorij_4dan_20-120x120.jpg\" class=\"attachment-thumbnail size-thumbnail\" alt=\"\" \/><\/a>\n\t\t\t<\/dt><\/dl><br style=\"clear: both\" \/><dl class='gallery-item'>\n\t\t\t<dt class='gallery-icon landscape'>\n\t\t\t\t<a href='https:\/\/zupnija-lendava.si\/wp-content\/uploads\/2025\/12\/20250821_oratorij_4dan_21.jpg'><img loading=\"lazy\" decoding=\"async\" width=\"120\" height=\"120\" src=\"https:\/\/zupnija-lendava.si\/wp-content\/uploads\/2025\/12\/20250821_oratorij_4dan_21-120x120.jpg\" class=\"attachment-thumbnail size-thumbnail\" alt=\"\" \/><\/a>\n\t\t\t<\/dt><\/dl><dl class='gallery-item'>\n\t\t\t<dt class='gallery-icon landscape'>\n\t\t\t\t<a href='https:\/\/zupnija-lendava.si\/wp-content\/uploads\/2025\/12\/20250821_oratorij_4dan_22.jpg'><img loading=\"lazy\" decoding=\"async\" width=\"120\" height=\"120\" src=\"https:\/\/zupnija-lendava.si\/wp-content\/uploads\/2025\/12\/20250821_oratorij_4dan_22-120x120.jpg\" class=\"attachment-thumbnail size-thumbnail\" alt=\"\" \/><\/a>\n\t\t\t<\/dt><\/dl><dl class='gallery-item'>\n\t\t\t<dt class='gallery-icon landscape'>\n\t\t\t\t<a href='https:\/\/zupnija-lendava.si\/wp-content\/uploads\/2025\/12\/20250821_oratorij_4dan_23.jpg'><img loading=\"lazy\" decoding=\"async\" width=\"120\" height=\"120\" src=\"https:\/\/zupnija-lendava.si\/wp-content\/uploads\/2025\/12\/20250821_oratorij_4dan_23-120x120.jpg\" class=\"attachment-thumbnail size-thumbnail\" alt=\"\" \/><\/a>\n\t\t\t<\/dt><\/dl><dl class='gallery-item'>\n\t\t\t<dt class='gallery-icon landscape'>\n\t\t\t\t<a href='https:\/\/zupnija-lendava.si\/wp-content\/uploads\/2025\/12\/20250821_oratorij_4dan_24.jpg'><img loading=\"lazy\" decoding=\"async\" width=\"120\" height=\"120\" src=\"https:\/\/zupnija-lendava.si\/wp-content\/uploads\/2025\/12\/20250821_oratorij_4dan_24-120x120.jpg\" class=\"attachment-thumbnail size-thumbnail\" alt=\"\" \/><\/a>\n\t\t\t<\/dt><\/dl><dl class='gallery-item'>\n\t\t\t<dt class='gallery-icon landscape'>\n\t\t\t\t<a href='https:\/\/zupnija-lendava.si\/wp-content\/uploads\/2025\/12\/20250821_oratorij_4dan_25.jpg'><img loading=\"lazy\" decoding=\"async\" width=\"120\" height=\"120\" src=\"https:\/\/zupnija-lendava.si\/wp-content\/uploads\/2025\/12\/20250821_oratorij_4dan_25-120x120.jpg\" class=\"attachment-thumbnail size-thumbnail\" alt=\"\" \/><\/a>\n\t\t\t<\/dt><\/dl><br style=\"clear: both\" \/><dl class='gallery-item'>\n\t\t\t<dt class='gallery-icon landscape'>\n\t\t\t\t<a href='https:\/\/zupnija-lendava.si\/wp-content\/uploads\/2025\/12\/20250821_oratorij_4dan_26.jpg'><img loading=\"lazy\" decoding=\"async\" width=\"120\" height=\"120\" src=\"https:\/\/zupnija-lendava.si\/wp-content\/uploads\/2025\/12\/20250821_oratorij_4dan_26-120x120.jpg\" class=\"attachment-thumbnail size-thumbnail\" alt=\"\" \/><\/a>\n\t\t\t<\/dt><\/dl><dl class='gallery-item'>\n\t\t\t<dt class='gallery-icon landscape'>\n\t\t\t\t<a href='https:\/\/zupnija-lendava.si\/wp-content\/uploads\/2025\/12\/20250821_oratorij_4dan_27.jpg'><img loading=\"lazy\" decoding=\"async\" width=\"120\" height=\"120\" src=\"https:\/\/zupnija-lendava.si\/wp-content\/uploads\/2025\/12\/20250821_oratorij_4dan_27-120x120.jpg\" class=\"attachment-thumbnail size-thumbnail\" alt=\"\" \/><\/a>\n\t\t\t<\/dt><\/dl><dl class='gallery-item'>\n\t\t\t<dt class='gallery-icon landscape'>\n\t\t\t\t<a href='https:\/\/zupnija-lendava.si\/wp-content\/uploads\/2025\/12\/20250821_oratorij_4dan_28.jpg'><img loading=\"lazy\" decoding=\"async\" width=\"120\" height=\"120\" src=\"https:\/\/zupnija-lendava.si\/wp-content\/uploads\/2025\/12\/20250821_oratorij_4dan_28-120x120.jpg\" class=\"attachment-thumbnail size-thumbnail\" alt=\"\" \/><\/a>\n\t\t\t<\/dt><\/dl><dl class='gallery-item'>\n\t\t\t<dt class='gallery-icon landscape'>\n\t\t\t\t<a href='https:\/\/zupnija-lendava.si\/wp-content\/uploads\/2025\/12\/20250821_oratorij_4dan_29.jpg'><img loading=\"lazy\" decoding=\"async\" width=\"120\" height=\"120\" src=\"https:\/\/zupnija-lendava.si\/wp-content\/uploads\/2025\/12\/20250821_oratorij_4dan_29-120x120.jpg\" class=\"attachment-thumbnail size-thumbnail\" alt=\"\" \/><\/a>\n\t\t\t<\/dt><\/dl><dl class='gallery-item'>\n\t\t\t<dt class='gallery-icon landscape'>\n\t\t\t\t<a href='https:\/\/zupnija-lendava.si\/wp-content\/uploads\/2025\/12\/20250821_oratorij_4dan_30.jpg'><img loading=\"lazy\" decoding=\"async\" width=\"120\" height=\"120\" src=\"https:\/\/zupnija-lendava.si\/wp-content\/uploads\/2025\/12\/20250821_oratorij_4dan_30-120x120.jpg\" class=\"attachment-thumbnail size-thumbnail\" alt=\"\" \/><\/a>\n\t\t\t<\/dt><\/dl><br style=\"clear: both\" \/><dl class='gallery-item'>\n\t\t\t<dt class='gallery-icon landscape'>\n\t\t\t\t<a href='https:\/\/zupnija-lendava.si\/wp-content\/uploads\/2025\/12\/20250821_oratorij_4dan_31.jpg'><img loading=\"lazy\" decoding=\"async\" width=\"120\" height=\"120\" src=\"https:\/\/zupnija-lendava.si\/wp-content\/uploads\/2025\/12\/20250821_oratorij_4dan_31-120x120.jpg\" class=\"attachment-thumbnail size-thumbnail\" alt=\"\" \/><\/a>\n\t\t\t<\/dt><\/dl><dl class='gallery-item'>\n\t\t\t<dt class='gallery-icon portrait'>\n\t\t\t\t<a href='https:\/\/zupnija-lendava.si\/wp-content\/uploads\/2025\/12\/20250821_oratorij_4dan_32.jpg'><img loading=\"lazy\" decoding=\"async\" width=\"120\" height=\"120\" src=\"https:\/\/zupnija-lendava.si\/wp-content\/uploads\/2025\/12\/20250821_oratorij_4dan_32-120x120.jpg\" class=\"attachment-thumbnail size-thumbnail\" alt=\"\" \/><\/a>\n\t\t\t<\/dt><\/dl><dl class='gallery-item'>\n\t\t\t<dt class='gallery-icon landscape'>\n\t\t\t\t<a href='https:\/\/zupnija-lendava.si\/wp-content\/uploads\/2025\/12\/20250821_oratorij_4dan_33.jpg'><img loading=\"lazy\" decoding=\"async\" width=\"120\" height=\"120\" src=\"https:\/\/zupnija-lendava.si\/wp-content\/uploads\/2025\/12\/20250821_oratorij_4dan_33-120x120.jpg\" class=\"attachment-thumbnail size-thumbnail\" alt=\"\" \/><\/a>\n\t\t\t<\/dt><\/dl>\n\t\t\t<br style='clear: both' \/>\n\t\t<\/div>\n\n","protected":false},"excerpt":{"rendered":"<p>F\u00e9nyk\u00e9palbum c\u00edme: Orat\u00f3rium Lendv\u00e1n 2025-ben \u2013 4. nap D\u00e1tum: 2025. augusztus 21. A megny\u00edtott k\u00e9pek k\u00f6z\u00f6tt el\u0151re \u00e9s h\u00e1tra a billenty\u0171zettel is mozoghatunk (bal \u00e9s jobb oldali ny\u00edlak)<\/p>\n","protected":false},"author":3,"featured_media":69656,"parent":0,"menu_order":0,"comment_status":"closed","ping_status":"closed","template":"","meta":{"footnotes":""},"class_list":["post-69995","page","type-page","status-publish","has-post-thumbnail","hentry"],"_links":{"self":[{"href":"https:\/\/zupnija-lendava.si\/hu\/wp-json\/wp\/v2\/pages\/69995","targetHints":{"allow":["GET"]}}],"collection":[{"href":"https:\/\/zupnija-lendava.si\/hu\/wp-json\/wp\/v2\/pages"}],"about":[{"href":"https:\/\/zupnija-lendava.si\/hu\/wp-json\/wp\/v2\/types\/page"}],"author":[{"embeddable":true,"href":"https:\/\/zupnija-lendava.si\/hu\/wp-json\/wp\/v2\/users\/3"}],"replies":[{"embeddable":true,"href":"https:\/\/zupnija-lendava.si\/hu\/wp-json\/wp\/v2\/comments?post=69995"}],"version-history":[{"count":1,"href":"https:\/\/zupnija-lendava.si\/hu\/wp-json\/wp\/v2\/pages\/69995\/revisions"}],"predecessor-version":[{"id":69996,"href":"https:\/\/zupnija-lendava.si\/hu\/wp-json\/wp\/v2\/pages\/69995\/revisions\/69996"}],"wp:featuredmedia":[{"embeddable":true,"href":"https:\/\/zupnija-lendava.si\/hu\/wp-json\/wp\/v2\/media\/69656"}],"wp:attachment":[{"href":"https:\/\/zupnija-lendava.si\/hu\/wp-json\/wp\/v2\/media?parent=69995"}],"curies":[{"name":"wp","href":"https:\/\/api.w.org\/{rel}","templated":true}]}}