{"id":69919,"date":"2025-12-20T14:50:40","date_gmt":"2025-12-20T13:50:40","guid":{"rendered":"https:\/\/zupnija-lendava.si\/?page_id=69919"},"modified":"2026-02-07T12:10:29","modified_gmt":"2026-02-07T11:10:29","slug":"fotogaleria-unnepi-szentmise-szent-istvan-kiraly-unnepe-alkalmabol-2025-ben","status":"publish","type":"page","link":"https:\/\/zupnija-lendava.si\/hu\/fotogaleria-unnepi-szentmise-szent-istvan-kiraly-unnepe-alkalmabol-2025-ben\/","title":{"rendered":"FOT\u00d3GAL\u00c9RIA: \u00dcnnepi szentmise Szent Istv\u00e1n kir\u00e1ly \u00fcnnepe alkalm\u00e1b\u00f3l 2025-ben"},"content":{"rendered":"<p>F\u00e9nyk\u00e9palbum c\u00edme: <strong>Szent Istv\u00e1n kir\u00e1ly \u00fcnnepe<\/strong><br \/>\nD\u00e1tum: <strong>2025. augusztus 19.<\/strong><\/p>\n<p>A magyar nemzeti \u00fcnnep \u00e9s Szent Istv\u00e1n, Magyarorsz\u00e1g els\u0151 kir\u00e1ly\u00e1nak napja el\u0151est\u00e9j\u00e9n, amelyet minden \u00e9vben augusztus 20-\u00e1n \u00fcnnepel\u00fcnk, \u00fcnnep\u00e9lyes szentmis\u00e9t tartottunk, amelyen a lendvai orat\u00f3rium gyermekei vettek r\u00e9szt, \u00e9s amelyet Szeged p\u00fcsp\u00f6ke, Dr. Kiss Rig\u00f3 L\u00e1szl\u00f3 celebr\u00e1lt.<\/p>\n<div id=\"tabela2\">\n<table style=\"width: 98%; background-color: #f7d9b7;\" border=\"0\">\n<tbody>\n<tr>\n<td style=\"text-align: center;\"><span style=\"font-family: verdana,geneva; font-size: 11px;\">A megny\u00edtott k\u00e9pek k\u00f6z\u00f6tt el\u0151re \u00e9s h\u00e1tra a <strong>billenty\u0171zettel is mozoghatunk<\/strong> (bal \u00e9s jobb oldali ny\u00edlak)<\/span><\/td>\n<\/tr>\n<\/tbody>\n<\/table>\n<\/div>\n<div id='gallery-1' class='gallery galleryid-69919 gallery-columns-5 gallery-size-thumbnail'><dl class='gallery-item'>\n\t\t\t<dt class='gallery-icon landscape'>\n\t\t\t\t<a href='https:\/\/zupnija-lendava.si\/wp-content\/uploads\/2025\/12\/20250819_sveti_stefan01.jpg'><img loading=\"lazy\" decoding=\"async\" width=\"120\" height=\"120\" src=\"https:\/\/zupnija-lendava.si\/wp-content\/uploads\/2025\/12\/20250819_sveti_stefan01-120x120.jpg\" class=\"attachment-thumbnail size-thumbnail\" alt=\"\" \/><\/a>\n\t\t\t<\/dt><\/dl><dl class='gallery-item'>\n\t\t\t<dt class='gallery-icon landscape'>\n\t\t\t\t<a href='https:\/\/zupnija-lendava.si\/wp-content\/uploads\/2025\/12\/20250819_sveti_stefan02.jpg'><img loading=\"lazy\" decoding=\"async\" width=\"120\" height=\"120\" src=\"https:\/\/zupnija-lendava.si\/wp-content\/uploads\/2025\/12\/20250819_sveti_stefan02-120x120.jpg\" class=\"attachment-thumbnail size-thumbnail\" alt=\"\" \/><\/a>\n\t\t\t<\/dt><\/dl><dl class='gallery-item'>\n\t\t\t<dt class='gallery-icon landscape'>\n\t\t\t\t<a href='https:\/\/zupnija-lendava.si\/wp-content\/uploads\/2025\/12\/20250819_sveti_stefan03.jpg'><img loading=\"lazy\" decoding=\"async\" width=\"120\" height=\"120\" src=\"https:\/\/zupnija-lendava.si\/wp-content\/uploads\/2025\/12\/20250819_sveti_stefan03-120x120.jpg\" class=\"attachment-thumbnail size-thumbnail\" alt=\"\" \/><\/a>\n\t\t\t<\/dt><\/dl><dl class='gallery-item'>\n\t\t\t<dt class='gallery-icon landscape'>\n\t\t\t\t<a href='https:\/\/zupnija-lendava.si\/wp-content\/uploads\/2025\/12\/20250819_sveti_stefan04.jpg'><img loading=\"lazy\" decoding=\"async\" width=\"120\" height=\"120\" src=\"https:\/\/zupnija-lendava.si\/wp-content\/uploads\/2025\/12\/20250819_sveti_stefan04-120x120.jpg\" class=\"attachment-thumbnail size-thumbnail\" alt=\"\" \/><\/a>\n\t\t\t<\/dt><\/dl><dl class='gallery-item'>\n\t\t\t<dt class='gallery-icon landscape'>\n\t\t\t\t<a href='https:\/\/zupnija-lendava.si\/wp-content\/uploads\/2025\/12\/20250819_sveti_stefan05.jpg'><img loading=\"lazy\" decoding=\"async\" width=\"120\" height=\"120\" src=\"https:\/\/zupnija-lendava.si\/wp-content\/uploads\/2025\/12\/20250819_sveti_stefan05-120x120.jpg\" class=\"attachment-thumbnail size-thumbnail\" alt=\"\" \/><\/a>\n\t\t\t<\/dt><\/dl><br style=\"clear: both\" \/><dl class='gallery-item'>\n\t\t\t<dt class='gallery-icon landscape'>\n\t\t\t\t<a href='https:\/\/zupnija-lendava.si\/wp-content\/uploads\/2025\/12\/20250819_sveti_stefan06.jpg'><img loading=\"lazy\" decoding=\"async\" width=\"120\" height=\"120\" src=\"https:\/\/zupnija-lendava.si\/wp-content\/uploads\/2025\/12\/20250819_sveti_stefan06-120x120.jpg\" class=\"attachment-thumbnail size-thumbnail\" alt=\"\" \/><\/a>\n\t\t\t<\/dt><\/dl><dl class='gallery-item'>\n\t\t\t<dt class='gallery-icon landscape'>\n\t\t\t\t<a href='https:\/\/zupnija-lendava.si\/wp-content\/uploads\/2025\/12\/20250819_sveti_stefan07.jpg'><img loading=\"lazy\" decoding=\"async\" width=\"120\" height=\"120\" src=\"https:\/\/zupnija-lendava.si\/wp-content\/uploads\/2025\/12\/20250819_sveti_stefan07-120x120.jpg\" class=\"attachment-thumbnail size-thumbnail\" alt=\"\" \/><\/a>\n\t\t\t<\/dt><\/dl><dl class='gallery-item'>\n\t\t\t<dt class='gallery-icon landscape'>\n\t\t\t\t<a href='https:\/\/zupnija-lendava.si\/wp-content\/uploads\/2025\/12\/20250819_sveti_stefan08.jpg'><img loading=\"lazy\" decoding=\"async\" width=\"120\" height=\"120\" src=\"https:\/\/zupnija-lendava.si\/wp-content\/uploads\/2025\/12\/20250819_sveti_stefan08-120x120.jpg\" class=\"attachment-thumbnail size-thumbnail\" alt=\"\" \/><\/a>\n\t\t\t<\/dt><\/dl><dl class='gallery-item'>\n\t\t\t<dt class='gallery-icon landscape'>\n\t\t\t\t<a href='https:\/\/zupnija-lendava.si\/wp-content\/uploads\/2025\/12\/20250819_sveti_stefan09.jpg'><img loading=\"lazy\" decoding=\"async\" width=\"120\" height=\"120\" src=\"https:\/\/zupnija-lendava.si\/wp-content\/uploads\/2025\/12\/20250819_sveti_stefan09-120x120.jpg\" class=\"attachment-thumbnail size-thumbnail\" alt=\"\" \/><\/a>\n\t\t\t<\/dt><\/dl><dl class='gallery-item'>\n\t\t\t<dt class='gallery-icon landscape'>\n\t\t\t\t<a href='https:\/\/zupnija-lendava.si\/wp-content\/uploads\/2025\/12\/20250819_sveti_stefan10.jpg'><img loading=\"lazy\" decoding=\"async\" width=\"120\" height=\"120\" src=\"https:\/\/zupnija-lendava.si\/wp-content\/uploads\/2025\/12\/20250819_sveti_stefan10-120x120.jpg\" class=\"attachment-thumbnail size-thumbnail\" alt=\"\" \/><\/a>\n\t\t\t<\/dt><\/dl><br style=\"clear: both\" \/><dl class='gallery-item'>\n\t\t\t<dt class='gallery-icon landscape'>\n\t\t\t\t<a href='https:\/\/zupnija-lendava.si\/wp-content\/uploads\/2025\/12\/20250819_sveti_stefan11.jpg'><img loading=\"lazy\" decoding=\"async\" width=\"120\" height=\"120\" src=\"https:\/\/zupnija-lendava.si\/wp-content\/uploads\/2025\/12\/20250819_sveti_stefan11-120x120.jpg\" class=\"attachment-thumbnail size-thumbnail\" alt=\"\" \/><\/a>\n\t\t\t<\/dt><\/dl><dl class='gallery-item'>\n\t\t\t<dt class='gallery-icon landscape'>\n\t\t\t\t<a href='https:\/\/zupnija-lendava.si\/wp-content\/uploads\/2025\/12\/20250819_sveti_stefan12.jpg'><img loading=\"lazy\" decoding=\"async\" width=\"120\" height=\"120\" src=\"https:\/\/zupnija-lendava.si\/wp-content\/uploads\/2025\/12\/20250819_sveti_stefan12-120x120.jpg\" class=\"attachment-thumbnail size-thumbnail\" alt=\"\" \/><\/a>\n\t\t\t<\/dt><\/dl><dl class='gallery-item'>\n\t\t\t<dt class='gallery-icon landscape'>\n\t\t\t\t<a href='https:\/\/zupnija-lendava.si\/wp-content\/uploads\/2025\/12\/20250819_sveti_stefan13.jpg'><img loading=\"lazy\" decoding=\"async\" width=\"120\" height=\"120\" src=\"https:\/\/zupnija-lendava.si\/wp-content\/uploads\/2025\/12\/20250819_sveti_stefan13-120x120.jpg\" class=\"attachment-thumbnail size-thumbnail\" alt=\"\" \/><\/a>\n\t\t\t<\/dt><\/dl><dl class='gallery-item'>\n\t\t\t<dt class='gallery-icon landscape'>\n\t\t\t\t<a href='https:\/\/zupnija-lendava.si\/wp-content\/uploads\/2025\/12\/20250819_sveti_stefan14.jpg'><img loading=\"lazy\" decoding=\"async\" width=\"120\" height=\"120\" src=\"https:\/\/zupnija-lendava.si\/wp-content\/uploads\/2025\/12\/20250819_sveti_stefan14-120x120.jpg\" class=\"attachment-thumbnail size-thumbnail\" alt=\"\" \/><\/a>\n\t\t\t<\/dt><\/dl><dl class='gallery-item'>\n\t\t\t<dt class='gallery-icon landscape'>\n\t\t\t\t<a href='https:\/\/zupnija-lendava.si\/wp-content\/uploads\/2025\/12\/20250819_sveti_stefan15.jpg'><img loading=\"lazy\" decoding=\"async\" width=\"120\" height=\"120\" src=\"https:\/\/zupnija-lendava.si\/wp-content\/uploads\/2025\/12\/20250819_sveti_stefan15-120x120.jpg\" class=\"attachment-thumbnail size-thumbnail\" alt=\"\" \/><\/a>\n\t\t\t<\/dt><\/dl><br style=\"clear: both\" \/><dl class='gallery-item'>\n\t\t\t<dt class='gallery-icon landscape'>\n\t\t\t\t<a href='https:\/\/zupnija-lendava.si\/wp-content\/uploads\/2025\/12\/20250819_sveti_stefan16.jpg'><img loading=\"lazy\" decoding=\"async\" width=\"120\" height=\"120\" src=\"https:\/\/zupnija-lendava.si\/wp-content\/uploads\/2025\/12\/20250819_sveti_stefan16-120x120.jpg\" class=\"attachment-thumbnail size-thumbnail\" alt=\"\" \/><\/a>\n\t\t\t<\/dt><\/dl><dl class='gallery-item'>\n\t\t\t<dt class='gallery-icon landscape'>\n\t\t\t\t<a href='https:\/\/zupnija-lendava.si\/wp-content\/uploads\/2025\/12\/20250819_sveti_stefan17.jpg'><img loading=\"lazy\" decoding=\"async\" width=\"120\" height=\"120\" src=\"https:\/\/zupnija-lendava.si\/wp-content\/uploads\/2025\/12\/20250819_sveti_stefan17-120x120.jpg\" class=\"attachment-thumbnail size-thumbnail\" alt=\"\" \/><\/a>\n\t\t\t<\/dt><\/dl><dl class='gallery-item'>\n\t\t\t<dt class='gallery-icon landscape'>\n\t\t\t\t<a href='https:\/\/zupnija-lendava.si\/wp-content\/uploads\/2025\/12\/20250819_sveti_stefan18.jpg'><img loading=\"lazy\" decoding=\"async\" width=\"120\" height=\"120\" src=\"https:\/\/zupnija-lendava.si\/wp-content\/uploads\/2025\/12\/20250819_sveti_stefan18-120x120.jpg\" class=\"attachment-thumbnail size-thumbnail\" alt=\"\" \/><\/a>\n\t\t\t<\/dt><\/dl><dl class='gallery-item'>\n\t\t\t<dt class='gallery-icon landscape'>\n\t\t\t\t<a href='https:\/\/zupnija-lendava.si\/wp-content\/uploads\/2025\/12\/20250819_sveti_stefan19.jpg'><img loading=\"lazy\" decoding=\"async\" width=\"120\" height=\"120\" src=\"https:\/\/zupnija-lendava.si\/wp-content\/uploads\/2025\/12\/20250819_sveti_stefan19-120x120.jpg\" class=\"attachment-thumbnail size-thumbnail\" alt=\"\" \/><\/a>\n\t\t\t<\/dt><\/dl><dl class='gallery-item'>\n\t\t\t<dt class='gallery-icon landscape'>\n\t\t\t\t<a href='https:\/\/zupnija-lendava.si\/wp-content\/uploads\/2025\/12\/20250819_sveti_stefan20.jpg'><img loading=\"lazy\" decoding=\"async\" width=\"120\" height=\"120\" src=\"https:\/\/zupnija-lendava.si\/wp-content\/uploads\/2025\/12\/20250819_sveti_stefan20-120x120.jpg\" class=\"attachment-thumbnail size-thumbnail\" alt=\"\" \/><\/a>\n\t\t\t<\/dt><\/dl><br style=\"clear: both\" \/><dl class='gallery-item'>\n\t\t\t<dt class='gallery-icon landscape'>\n\t\t\t\t<a href='https:\/\/zupnija-lendava.si\/wp-content\/uploads\/2025\/12\/20250819_sveti_stefan21.jpg'><img loading=\"lazy\" decoding=\"async\" width=\"120\" height=\"120\" src=\"https:\/\/zupnija-lendava.si\/wp-content\/uploads\/2025\/12\/20250819_sveti_stefan21-120x120.jpg\" class=\"attachment-thumbnail size-thumbnail\" alt=\"\" \/><\/a>\n\t\t\t<\/dt><\/dl><dl class='gallery-item'>\n\t\t\t<dt class='gallery-icon landscape'>\n\t\t\t\t<a href='https:\/\/zupnija-lendava.si\/wp-content\/uploads\/2025\/12\/20250819_sveti_stefan22.jpg'><img loading=\"lazy\" decoding=\"async\" width=\"120\" height=\"120\" src=\"https:\/\/zupnija-lendava.si\/wp-content\/uploads\/2025\/12\/20250819_sveti_stefan22-120x120.jpg\" class=\"attachment-thumbnail size-thumbnail\" alt=\"\" \/><\/a>\n\t\t\t<\/dt><\/dl><dl class='gallery-item'>\n\t\t\t<dt class='gallery-icon landscape'>\n\t\t\t\t<a href='https:\/\/zupnija-lendava.si\/wp-content\/uploads\/2025\/12\/20250819_sveti_stefan23.jpg'><img loading=\"lazy\" decoding=\"async\" width=\"120\" height=\"120\" src=\"https:\/\/zupnija-lendava.si\/wp-content\/uploads\/2025\/12\/20250819_sveti_stefan23-120x120.jpg\" class=\"attachment-thumbnail size-thumbnail\" alt=\"\" \/><\/a>\n\t\t\t<\/dt><\/dl><dl class='gallery-item'>\n\t\t\t<dt class='gallery-icon landscape'>\n\t\t\t\t<a href='https:\/\/zupnija-lendava.si\/wp-content\/uploads\/2025\/12\/20250819_sveti_stefan24.jpg'><img loading=\"lazy\" decoding=\"async\" width=\"120\" height=\"120\" src=\"https:\/\/zupnija-lendava.si\/wp-content\/uploads\/2025\/12\/20250819_sveti_stefan24-120x120.jpg\" class=\"attachment-thumbnail size-thumbnail\" alt=\"\" \/><\/a>\n\t\t\t<\/dt><\/dl><dl class='gallery-item'>\n\t\t\t<dt class='gallery-icon landscape'>\n\t\t\t\t<a href='https:\/\/zupnija-lendava.si\/wp-content\/uploads\/2025\/12\/20250819_sveti_stefan25.jpg'><img loading=\"lazy\" decoding=\"async\" width=\"120\" height=\"120\" src=\"https:\/\/zupnija-lendava.si\/wp-content\/uploads\/2025\/12\/20250819_sveti_stefan25-120x120.jpg\" class=\"attachment-thumbnail size-thumbnail\" alt=\"\" \/><\/a>\n\t\t\t<\/dt><\/dl><br style=\"clear: both\" \/><dl class='gallery-item'>\n\t\t\t<dt class='gallery-icon landscape'>\n\t\t\t\t<a href='https:\/\/zupnija-lendava.si\/wp-content\/uploads\/2025\/12\/20250819_sveti_stefan26.jpg'><img loading=\"lazy\" decoding=\"async\" width=\"120\" height=\"120\" src=\"https:\/\/zupnija-lendava.si\/wp-content\/uploads\/2025\/12\/20250819_sveti_stefan26-120x120.jpg\" class=\"attachment-thumbnail size-thumbnail\" alt=\"\" \/><\/a>\n\t\t\t<\/dt><\/dl><dl class='gallery-item'>\n\t\t\t<dt class='gallery-icon landscape'>\n\t\t\t\t<a href='https:\/\/zupnija-lendava.si\/wp-content\/uploads\/2025\/12\/20250819_sveti_stefan27.jpg'><img loading=\"lazy\" decoding=\"async\" width=\"120\" height=\"120\" src=\"https:\/\/zupnija-lendava.si\/wp-content\/uploads\/2025\/12\/20250819_sveti_stefan27-120x120.jpg\" class=\"attachment-thumbnail size-thumbnail\" alt=\"\" \/><\/a>\n\t\t\t<\/dt><\/dl><dl class='gallery-item'>\n\t\t\t<dt class='gallery-icon landscape'>\n\t\t\t\t<a href='https:\/\/zupnija-lendava.si\/wp-content\/uploads\/2025\/12\/20250819_sveti_stefan28.jpg'><img loading=\"lazy\" decoding=\"async\" width=\"120\" height=\"120\" src=\"https:\/\/zupnija-lendava.si\/wp-content\/uploads\/2025\/12\/20250819_sveti_stefan28-120x120.jpg\" class=\"attachment-thumbnail size-thumbnail\" alt=\"\" \/><\/a>\n\t\t\t<\/dt><\/dl><dl class='gallery-item'>\n\t\t\t<dt class='gallery-icon landscape'>\n\t\t\t\t<a href='https:\/\/zupnija-lendava.si\/wp-content\/uploads\/2025\/12\/20250819_sveti_stefan29.jpg'><img loading=\"lazy\" decoding=\"async\" width=\"120\" height=\"120\" src=\"https:\/\/zupnija-lendava.si\/wp-content\/uploads\/2025\/12\/20250819_sveti_stefan29-120x120.jpg\" class=\"attachment-thumbnail size-thumbnail\" alt=\"\" \/><\/a>\n\t\t\t<\/dt><\/dl><dl class='gallery-item'>\n\t\t\t<dt class='gallery-icon landscape'>\n\t\t\t\t<a href='https:\/\/zupnija-lendava.si\/wp-content\/uploads\/2025\/12\/20250819_sveti_stefan30.jpg'><img loading=\"lazy\" decoding=\"async\" width=\"120\" height=\"120\" src=\"https:\/\/zupnija-lendava.si\/wp-content\/uploads\/2025\/12\/20250819_sveti_stefan30-120x120.jpg\" class=\"attachment-thumbnail size-thumbnail\" alt=\"\" \/><\/a>\n\t\t\t<\/dt><\/dl><br style=\"clear: both\" \/><dl class='gallery-item'>\n\t\t\t<dt class='gallery-icon landscape'>\n\t\t\t\t<a href='https:\/\/zupnija-lendava.si\/wp-content\/uploads\/2025\/12\/20250819_sveti_stefan31.jpg'><img loading=\"lazy\" decoding=\"async\" width=\"120\" height=\"120\" src=\"https:\/\/zupnija-lendava.si\/wp-content\/uploads\/2025\/12\/20250819_sveti_stefan31-120x120.jpg\" class=\"attachment-thumbnail size-thumbnail\" alt=\"\" \/><\/a>\n\t\t\t<\/dt><\/dl><dl class='gallery-item'>\n\t\t\t<dt class='gallery-icon landscape'>\n\t\t\t\t<a href='https:\/\/zupnija-lendava.si\/wp-content\/uploads\/2025\/12\/20250819_sveti_stefan32.jpg'><img loading=\"lazy\" decoding=\"async\" width=\"120\" height=\"120\" src=\"https:\/\/zupnija-lendava.si\/wp-content\/uploads\/2025\/12\/20250819_sveti_stefan32-120x120.jpg\" class=\"attachment-thumbnail size-thumbnail\" alt=\"\" \/><\/a>\n\t\t\t<\/dt><\/dl><dl class='gallery-item'>\n\t\t\t<dt class='gallery-icon landscape'>\n\t\t\t\t<a href='https:\/\/zupnija-lendava.si\/wp-content\/uploads\/2025\/12\/20250819_sveti_stefan33.jpg'><img loading=\"lazy\" decoding=\"async\" width=\"120\" height=\"120\" src=\"https:\/\/zupnija-lendava.si\/wp-content\/uploads\/2025\/12\/20250819_sveti_stefan33-120x120.jpg\" class=\"attachment-thumbnail size-thumbnail\" alt=\"\" \/><\/a>\n\t\t\t<\/dt><\/dl><dl class='gallery-item'>\n\t\t\t<dt class='gallery-icon landscape'>\n\t\t\t\t<a href='https:\/\/zupnija-lendava.si\/wp-content\/uploads\/2025\/12\/20250819_sveti_stefan34.jpg'><img loading=\"lazy\" decoding=\"async\" width=\"120\" height=\"120\" src=\"https:\/\/zupnija-lendava.si\/wp-content\/uploads\/2025\/12\/20250819_sveti_stefan34-120x120.jpg\" class=\"attachment-thumbnail size-thumbnail\" alt=\"\" \/><\/a>\n\t\t\t<\/dt><\/dl><dl class='gallery-item'>\n\t\t\t<dt class='gallery-icon landscape'>\n\t\t\t\t<a href='https:\/\/zupnija-lendava.si\/wp-content\/uploads\/2025\/12\/20250819_sveti_stefan35.jpg'><img loading=\"lazy\" decoding=\"async\" width=\"120\" height=\"120\" src=\"https:\/\/zupnija-lendava.si\/wp-content\/uploads\/2025\/12\/20250819_sveti_stefan35-120x120.jpg\" class=\"attachment-thumbnail size-thumbnail\" alt=\"\" \/><\/a>\n\t\t\t<\/dt><\/dl><br style=\"clear: both\" \/><dl class='gallery-item'>\n\t\t\t<dt class='gallery-icon landscape'>\n\t\t\t\t<a href='https:\/\/zupnija-lendava.si\/wp-content\/uploads\/2025\/12\/20250819_sveti_stefan36.jpg'><img loading=\"lazy\" decoding=\"async\" width=\"120\" height=\"120\" src=\"https:\/\/zupnija-lendava.si\/wp-content\/uploads\/2025\/12\/20250819_sveti_stefan36-120x120.jpg\" class=\"attachment-thumbnail size-thumbnail\" alt=\"\" \/><\/a>\n\t\t\t<\/dt><\/dl>\n\t\t\t<br style='clear: both' \/>\n\t\t<\/div>\n\n","protected":false},"excerpt":{"rendered":"<p>F\u00e9nyk\u00e9palbum c\u00edme: Szent Istv\u00e1n kir\u00e1ly \u00fcnnepe D\u00e1tum: 2025. augusztus 19. A magyar nemzeti \u00fcnnep \u00e9s Szent Istv\u00e1n, Magyarorsz\u00e1g els\u0151 kir\u00e1ly\u00e1nak napja el\u0151est\u00e9j\u00e9n, amelyet minden \u00e9vben augusztus 20-\u00e1n \u00fcnnepel\u00fcnk, \u00fcnnep\u00e9lyes szentmis\u00e9t tartottunk, amelyen a lendvai orat\u00f3rium gyermekei vettek r\u00e9szt, \u00e9s amelyet &hellip; <a href=\"https:\/\/zupnija-lendava.si\/hu\/fotogaleria-unnepi-szentmise-szent-istvan-kiraly-unnepe-alkalmabol-2025-ben\/\"><span class=\"meta-nav\">Tov\u00e1bb \u2192<\/span><\/a><\/p>\n","protected":false},"author":3,"featured_media":69655,"parent":0,"menu_order":0,"comment_status":"closed","ping_status":"closed","template":"","meta":{"footnotes":""},"class_list":["post-69919","page","type-page","status-publish","has-post-thumbnail","hentry"],"_links":{"self":[{"href":"https:\/\/zupnija-lendava.si\/hu\/wp-json\/wp\/v2\/pages\/69919","targetHints":{"allow":["GET"]}}],"collection":[{"href":"https:\/\/zupnija-lendava.si\/hu\/wp-json\/wp\/v2\/pages"}],"about":[{"href":"https:\/\/zupnija-lendava.si\/hu\/wp-json\/wp\/v2\/types\/page"}],"author":[{"embeddable":true,"href":"https:\/\/zupnija-lendava.si\/hu\/wp-json\/wp\/v2\/users\/3"}],"replies":[{"embeddable":true,"href":"https:\/\/zupnija-lendava.si\/hu\/wp-json\/wp\/v2\/comments?post=69919"}],"version-history":[{"count":3,"href":"https:\/\/zupnija-lendava.si\/hu\/wp-json\/wp\/v2\/pages\/69919\/revisions"}],"predecessor-version":[{"id":69922,"href":"https:\/\/zupnija-lendava.si\/hu\/wp-json\/wp\/v2\/pages\/69919\/revisions\/69922"}],"wp:featuredmedia":[{"embeddable":true,"href":"https:\/\/zupnija-lendava.si\/hu\/wp-json\/wp\/v2\/media\/69655"}],"wp:attachment":[{"href":"https:\/\/zupnija-lendava.si\/hu\/wp-json\/wp\/v2\/media?parent=69919"}],"curies":[{"name":"wp","href":"https:\/\/api.w.org\/{rel}","templated":true}]}}