{"id":69066,"date":"2025-09-02T19:58:41","date_gmt":"2025-09-02T17:58:41","guid":{"rendered":"https:\/\/zupnija-lendava.si\/?page_id=69066"},"modified":"2025-11-09T15:04:10","modified_gmt":"2025-11-09T14:04:10","slug":"fotogaleria-animatori-het","status":"publish","type":"page","link":"https:\/\/zupnija-lendava.si\/hu\/fotogaleria-animatori-het\/","title":{"rendered":"FOT\u00d3GAL\u00c9RIA: Anim\u00e1tori h\u00e9t"},"content":{"rendered":"<p>F\u00e9nyk\u00e9palbum c\u00edme: <strong>Anim\u00e1tori h\u00e9t<\/strong><br \/>\nD\u00e1tum: <strong>2025. j\u00falius 28.\u201331.<\/strong><\/p>\n<p>Anim\u00e1toraink ezen a h\u00e9ten a pl\u00e9b\u00e1ni\u00e1n t\u00f6lt\u00f6tt\u00e9k az id\u0151t. Az orat\u00f3rium el\u0151k\u00e9sz\u00edt\u00e9se mellett ez az id\u0151 a bels\u0151 n\u00f6veked\u00e9s, az \u0151szinte emberi kapcsolatok \u00e9p\u00edt\u00e9se, a k\u00f6z\u00f6s im\u00e1ds\u00e1g \u00e9s a lelki elm\u00e9ly\u00fcl\u00e9s ideje volt.<\/p>\n<div id=\"tabela2\">\n<table style=\"width: 98%; background-color: #f7d9b7;\" border=\"0\">\n<tbody>\n<tr>\n<td style=\"text-align: center;\"><span style=\"font-family: verdana,geneva; font-size: 11px;\">A megny\u00edtott k\u00e9pek k\u00f6z\u00f6tt el\u0151re \u00e9s h\u00e1tra a <strong>billenty\u0171zettel is mozoghatunk<\/strong> (bal \u00e9s jobb oldali ny\u00edlak)<\/span><\/td>\n<\/tr>\n<\/tbody>\n<\/table>\n<\/div>\n<div id='gallery-1' class='gallery galleryid-69066 gallery-columns-5 gallery-size-thumbnail'><dl class='gallery-item'>\n\t\t\t<dt class='gallery-icon landscape'>\n\t\t\t\t<a href='https:\/\/zupnija-lendava.si\/wp-content\/uploads\/2025\/09\/20250728_animatorski_teden01.jpg'><img loading=\"lazy\" decoding=\"async\" width=\"120\" height=\"120\" src=\"https:\/\/zupnija-lendava.si\/wp-content\/uploads\/2025\/09\/20250728_animatorski_teden01-120x120.jpg\" class=\"attachment-thumbnail size-thumbnail\" alt=\"\" \/><\/a>\n\t\t\t<\/dt><\/dl><dl class='gallery-item'>\n\t\t\t<dt class='gallery-icon landscape'>\n\t\t\t\t<a href='https:\/\/zupnija-lendava.si\/wp-content\/uploads\/2025\/09\/20250728_animatorski_teden02.jpg'><img loading=\"lazy\" decoding=\"async\" width=\"120\" height=\"120\" src=\"https:\/\/zupnija-lendava.si\/wp-content\/uploads\/2025\/09\/20250728_animatorski_teden02-120x120.jpg\" class=\"attachment-thumbnail size-thumbnail\" alt=\"\" \/><\/a>\n\t\t\t<\/dt><\/dl><dl class='gallery-item'>\n\t\t\t<dt class='gallery-icon landscape'>\n\t\t\t\t<a href='https:\/\/zupnija-lendava.si\/wp-content\/uploads\/2025\/09\/20250728_animatorski_teden03.jpg'><img loading=\"lazy\" decoding=\"async\" width=\"120\" height=\"120\" src=\"https:\/\/zupnija-lendava.si\/wp-content\/uploads\/2025\/09\/20250728_animatorski_teden03-120x120.jpg\" class=\"attachment-thumbnail size-thumbnail\" alt=\"\" \/><\/a>\n\t\t\t<\/dt><\/dl><dl class='gallery-item'>\n\t\t\t<dt class='gallery-icon landscape'>\n\t\t\t\t<a href='https:\/\/zupnija-lendava.si\/wp-content\/uploads\/2025\/09\/20250728_animatorski_teden04.jpg'><img loading=\"lazy\" decoding=\"async\" width=\"120\" height=\"120\" src=\"https:\/\/zupnija-lendava.si\/wp-content\/uploads\/2025\/09\/20250728_animatorski_teden04-120x120.jpg\" class=\"attachment-thumbnail size-thumbnail\" alt=\"\" \/><\/a>\n\t\t\t<\/dt><\/dl><dl class='gallery-item'>\n\t\t\t<dt class='gallery-icon landscape'>\n\t\t\t\t<a href='https:\/\/zupnija-lendava.si\/wp-content\/uploads\/2025\/09\/20250728_animatorski_teden05.jpg'><img loading=\"lazy\" decoding=\"async\" width=\"120\" height=\"120\" src=\"https:\/\/zupnija-lendava.si\/wp-content\/uploads\/2025\/09\/20250728_animatorski_teden05-120x120.jpg\" class=\"attachment-thumbnail size-thumbnail\" alt=\"\" \/><\/a>\n\t\t\t<\/dt><\/dl><br style=\"clear: both\" \/><dl class='gallery-item'>\n\t\t\t<dt class='gallery-icon landscape'>\n\t\t\t\t<a href='https:\/\/zupnija-lendava.si\/wp-content\/uploads\/2025\/09\/20250728_animatorski_teden06.jpg'><img loading=\"lazy\" decoding=\"async\" width=\"120\" height=\"120\" src=\"https:\/\/zupnija-lendava.si\/wp-content\/uploads\/2025\/09\/20250728_animatorski_teden06-120x120.jpg\" class=\"attachment-thumbnail size-thumbnail\" alt=\"\" \/><\/a>\n\t\t\t<\/dt><\/dl><dl class='gallery-item'>\n\t\t\t<dt class='gallery-icon landscape'>\n\t\t\t\t<a href='https:\/\/zupnija-lendava.si\/wp-content\/uploads\/2025\/09\/20250728_animatorski_teden07.jpg'><img loading=\"lazy\" decoding=\"async\" width=\"120\" height=\"120\" src=\"https:\/\/zupnija-lendava.si\/wp-content\/uploads\/2025\/09\/20250728_animatorski_teden07-120x120.jpg\" class=\"attachment-thumbnail size-thumbnail\" alt=\"\" \/><\/a>\n\t\t\t<\/dt><\/dl><dl class='gallery-item'>\n\t\t\t<dt class='gallery-icon landscape'>\n\t\t\t\t<a href='https:\/\/zupnija-lendava.si\/wp-content\/uploads\/2025\/09\/20250728_animatorski_teden08.jpg'><img loading=\"lazy\" decoding=\"async\" width=\"120\" height=\"120\" src=\"https:\/\/zupnija-lendava.si\/wp-content\/uploads\/2025\/09\/20250728_animatorski_teden08-120x120.jpg\" class=\"attachment-thumbnail size-thumbnail\" alt=\"\" \/><\/a>\n\t\t\t<\/dt><\/dl><dl class='gallery-item'>\n\t\t\t<dt class='gallery-icon landscape'>\n\t\t\t\t<a href='https:\/\/zupnija-lendava.si\/wp-content\/uploads\/2025\/09\/20250728_animatorski_teden09.jpg'><img loading=\"lazy\" decoding=\"async\" width=\"120\" height=\"120\" src=\"https:\/\/zupnija-lendava.si\/wp-content\/uploads\/2025\/09\/20250728_animatorski_teden09-120x120.jpg\" class=\"attachment-thumbnail size-thumbnail\" alt=\"\" \/><\/a>\n\t\t\t<\/dt><\/dl><dl class='gallery-item'>\n\t\t\t<dt class='gallery-icon landscape'>\n\t\t\t\t<a href='https:\/\/zupnija-lendava.si\/wp-content\/uploads\/2025\/09\/20250728_animatorski_teden10.jpg'><img loading=\"lazy\" decoding=\"async\" width=\"120\" height=\"120\" src=\"https:\/\/zupnija-lendava.si\/wp-content\/uploads\/2025\/09\/20250728_animatorski_teden10-120x120.jpg\" class=\"attachment-thumbnail size-thumbnail\" alt=\"\" \/><\/a>\n\t\t\t<\/dt><\/dl><br style=\"clear: both\" \/><dl class='gallery-item'>\n\t\t\t<dt class='gallery-icon landscape'>\n\t\t\t\t<a href='https:\/\/zupnija-lendava.si\/wp-content\/uploads\/2025\/09\/20250728_animatorski_teden11.jpg'><img loading=\"lazy\" decoding=\"async\" width=\"120\" height=\"120\" src=\"https:\/\/zupnija-lendava.si\/wp-content\/uploads\/2025\/09\/20250728_animatorski_teden11-120x120.jpg\" class=\"attachment-thumbnail size-thumbnail\" alt=\"\" \/><\/a>\n\t\t\t<\/dt><\/dl><dl class='gallery-item'>\n\t\t\t<dt class='gallery-icon landscape'>\n\t\t\t\t<a href='https:\/\/zupnija-lendava.si\/wp-content\/uploads\/2025\/09\/20250728_animatorski_teden12.jpg'><img loading=\"lazy\" decoding=\"async\" width=\"120\" height=\"120\" src=\"https:\/\/zupnija-lendava.si\/wp-content\/uploads\/2025\/09\/20250728_animatorski_teden12-120x120.jpg\" class=\"attachment-thumbnail size-thumbnail\" alt=\"\" \/><\/a>\n\t\t\t<\/dt><\/dl><dl class='gallery-item'>\n\t\t\t<dt class='gallery-icon landscape'>\n\t\t\t\t<a href='https:\/\/zupnija-lendava.si\/wp-content\/uploads\/2025\/09\/20250728_animatorski_teden13.jpg'><img loading=\"lazy\" decoding=\"async\" width=\"120\" height=\"120\" src=\"https:\/\/zupnija-lendava.si\/wp-content\/uploads\/2025\/09\/20250728_animatorski_teden13-120x120.jpg\" class=\"attachment-thumbnail size-thumbnail\" alt=\"\" \/><\/a>\n\t\t\t<\/dt><\/dl><dl class='gallery-item'>\n\t\t\t<dt class='gallery-icon landscape'>\n\t\t\t\t<a href='https:\/\/zupnija-lendava.si\/wp-content\/uploads\/2025\/09\/20250728_animatorski_teden14.jpg'><img loading=\"lazy\" decoding=\"async\" width=\"120\" height=\"120\" src=\"https:\/\/zupnija-lendava.si\/wp-content\/uploads\/2025\/09\/20250728_animatorski_teden14-120x120.jpg\" class=\"attachment-thumbnail size-thumbnail\" alt=\"\" \/><\/a>\n\t\t\t<\/dt><\/dl><dl class='gallery-item'>\n\t\t\t<dt class='gallery-icon landscape'>\n\t\t\t\t<a href='https:\/\/zupnija-lendava.si\/wp-content\/uploads\/2025\/09\/20250728_animatorski_teden15.jpg'><img loading=\"lazy\" decoding=\"async\" width=\"120\" height=\"120\" src=\"https:\/\/zupnija-lendava.si\/wp-content\/uploads\/2025\/09\/20250728_animatorski_teden15-120x120.jpg\" class=\"attachment-thumbnail size-thumbnail\" alt=\"\" \/><\/a>\n\t\t\t<\/dt><\/dl><br style=\"clear: both\" \/><dl class='gallery-item'>\n\t\t\t<dt class='gallery-icon landscape'>\n\t\t\t\t<a href='https:\/\/zupnija-lendava.si\/wp-content\/uploads\/2025\/09\/20250728_animatorski_teden16.jpg'><img loading=\"lazy\" decoding=\"async\" width=\"120\" height=\"120\" src=\"https:\/\/zupnija-lendava.si\/wp-content\/uploads\/2025\/09\/20250728_animatorski_teden16-120x120.jpg\" class=\"attachment-thumbnail size-thumbnail\" alt=\"\" \/><\/a>\n\t\t\t<\/dt><\/dl><dl class='gallery-item'>\n\t\t\t<dt class='gallery-icon landscape'>\n\t\t\t\t<a href='https:\/\/zupnija-lendava.si\/wp-content\/uploads\/2025\/09\/20250728_animatorski_teden17.jpg'><img loading=\"lazy\" decoding=\"async\" width=\"120\" height=\"120\" src=\"https:\/\/zupnija-lendava.si\/wp-content\/uploads\/2025\/09\/20250728_animatorski_teden17-120x120.jpg\" class=\"attachment-thumbnail size-thumbnail\" alt=\"\" \/><\/a>\n\t\t\t<\/dt><\/dl><dl class='gallery-item'>\n\t\t\t<dt class='gallery-icon portrait'>\n\t\t\t\t<a href='https:\/\/zupnija-lendava.si\/wp-content\/uploads\/2025\/09\/20250728_animatorski_teden18.jpg'><img loading=\"lazy\" decoding=\"async\" width=\"120\" height=\"120\" src=\"https:\/\/zupnija-lendava.si\/wp-content\/uploads\/2025\/09\/20250728_animatorski_teden18-120x120.jpg\" class=\"attachment-thumbnail size-thumbnail\" alt=\"\" \/><\/a>\n\t\t\t<\/dt><\/dl><dl class='gallery-item'>\n\t\t\t<dt class='gallery-icon landscape'>\n\t\t\t\t<a href='https:\/\/zupnija-lendava.si\/wp-content\/uploads\/2025\/09\/20250728_animatorski_teden19.jpg'><img loading=\"lazy\" decoding=\"async\" width=\"120\" height=\"120\" src=\"https:\/\/zupnija-lendava.si\/wp-content\/uploads\/2025\/09\/20250728_animatorski_teden19-120x120.jpg\" class=\"attachment-thumbnail size-thumbnail\" alt=\"\" \/><\/a>\n\t\t\t<\/dt><\/dl><dl class='gallery-item'>\n\t\t\t<dt class='gallery-icon landscape'>\n\t\t\t\t<a href='https:\/\/zupnija-lendava.si\/wp-content\/uploads\/2025\/09\/20250728_animatorski_teden20.jpg'><img loading=\"lazy\" decoding=\"async\" width=\"120\" height=\"120\" src=\"https:\/\/zupnija-lendava.si\/wp-content\/uploads\/2025\/09\/20250728_animatorski_teden20-120x120.jpg\" class=\"attachment-thumbnail size-thumbnail\" alt=\"\" \/><\/a>\n\t\t\t<\/dt><\/dl><br style=\"clear: both\" \/><dl class='gallery-item'>\n\t\t\t<dt class='gallery-icon landscape'>\n\t\t\t\t<a href='https:\/\/zupnija-lendava.si\/wp-content\/uploads\/2025\/09\/20250728_animatorski_teden21.jpg'><img loading=\"lazy\" decoding=\"async\" width=\"120\" height=\"120\" src=\"https:\/\/zupnija-lendava.si\/wp-content\/uploads\/2025\/09\/20250728_animatorski_teden21-120x120.jpg\" class=\"attachment-thumbnail size-thumbnail\" alt=\"\" \/><\/a>\n\t\t\t<\/dt><\/dl><dl class='gallery-item'>\n\t\t\t<dt class='gallery-icon landscape'>\n\t\t\t\t<a href='https:\/\/zupnija-lendava.si\/wp-content\/uploads\/2025\/09\/20250728_animatorski_teden22.jpg'><img loading=\"lazy\" decoding=\"async\" width=\"120\" height=\"120\" src=\"https:\/\/zupnija-lendava.si\/wp-content\/uploads\/2025\/09\/20250728_animatorski_teden22-120x120.jpg\" class=\"attachment-thumbnail size-thumbnail\" alt=\"\" \/><\/a>\n\t\t\t<\/dt><\/dl><dl class='gallery-item'>\n\t\t\t<dt class='gallery-icon landscape'>\n\t\t\t\t<a href='https:\/\/zupnija-lendava.si\/wp-content\/uploads\/2025\/09\/20250728_animatorski_teden23.jpg'><img loading=\"lazy\" decoding=\"async\" width=\"120\" height=\"120\" src=\"https:\/\/zupnija-lendava.si\/wp-content\/uploads\/2025\/09\/20250728_animatorski_teden23-120x120.jpg\" class=\"attachment-thumbnail size-thumbnail\" alt=\"\" \/><\/a>\n\t\t\t<\/dt><\/dl><dl class='gallery-item'>\n\t\t\t<dt class='gallery-icon landscape'>\n\t\t\t\t<a href='https:\/\/zupnija-lendava.si\/wp-content\/uploads\/2025\/09\/20250728_animatorski_teden24.jpg'><img loading=\"lazy\" decoding=\"async\" width=\"120\" height=\"120\" src=\"https:\/\/zupnija-lendava.si\/wp-content\/uploads\/2025\/09\/20250728_animatorski_teden24-120x120.jpg\" class=\"attachment-thumbnail size-thumbnail\" alt=\"\" \/><\/a>\n\t\t\t<\/dt><\/dl>\n\t\t\t<br style='clear: both' \/>\n\t\t<\/div>\n\n","protected":false},"excerpt":{"rendered":"<p>F\u00e9nyk\u00e9palbum c\u00edme: Anim\u00e1tori h\u00e9t D\u00e1tum: 2025. j\u00falius 28.\u201331. Anim\u00e1toraink ezen a h\u00e9ten a pl\u00e9b\u00e1ni\u00e1n t\u00f6lt\u00f6tt\u00e9k az id\u0151t. Az orat\u00f3rium el\u0151k\u00e9sz\u00edt\u00e9se mellett ez az id\u0151 a bels\u0151 n\u00f6veked\u00e9s, az \u0151szinte emberi kapcsolatok \u00e9p\u00edt\u00e9se, a k\u00f6z\u00f6s im\u00e1ds\u00e1g \u00e9s a lelki elm\u00e9ly\u00fcl\u00e9s ideje &hellip; <a href=\"https:\/\/zupnija-lendava.si\/hu\/fotogaleria-animatori-het\/\"><span class=\"meta-nav\">Tov\u00e1bb \u2192<\/span><\/a><\/p>\n","protected":false},"author":3,"featured_media":0,"parent":0,"menu_order":0,"comment_status":"closed","ping_status":"closed","template":"","meta":{"footnotes":""},"class_list":["post-69066","page","type-page","status-publish","hentry"],"_links":{"self":[{"href":"https:\/\/zupnija-lendava.si\/hu\/wp-json\/wp\/v2\/pages\/69066","targetHints":{"allow":["GET"]}}],"collection":[{"href":"https:\/\/zupnija-lendava.si\/hu\/wp-json\/wp\/v2\/pages"}],"about":[{"href":"https:\/\/zupnija-lendava.si\/hu\/wp-json\/wp\/v2\/types\/page"}],"author":[{"embeddable":true,"href":"https:\/\/zupnija-lendava.si\/hu\/wp-json\/wp\/v2\/users\/3"}],"replies":[{"embeddable":true,"href":"https:\/\/zupnija-lendava.si\/hu\/wp-json\/wp\/v2\/comments?post=69066"}],"version-history":[{"count":1,"href":"https:\/\/zupnija-lendava.si\/hu\/wp-json\/wp\/v2\/pages\/69066\/revisions"}],"predecessor-version":[{"id":69067,"href":"https:\/\/zupnija-lendava.si\/hu\/wp-json\/wp\/v2\/pages\/69066\/revisions\/69067"}],"wp:attachment":[{"href":"https:\/\/zupnija-lendava.si\/hu\/wp-json\/wp\/v2\/media?parent=69066"}],"curies":[{"name":"wp","href":"https:\/\/api.w.org\/{rel}","templated":true}]}}