{"id":68029,"date":"2025-06-28T19:15:15","date_gmt":"2025-06-28T17:15:15","guid":{"rendered":"https:\/\/zupnija-lendava.si\/?page_id=68029"},"modified":"2025-06-28T19:17:44","modified_gmt":"2025-06-28T17:17:44","slug":"fotogaleria-a-hazassagi-jubilansok-unnepe-2025-ben","status":"publish","type":"page","link":"https:\/\/zupnija-lendava.si\/hu\/fotogaleria-a-hazassagi-jubilansok-unnepe-2025-ben\/","title":{"rendered":"FOT\u00d3GAL\u00c9RIA: A h\u00e1zass\u00e1gi jubil\u00e1nsok \u00fcnnepe 2025-ben"},"content":{"rendered":"<p>F\u00e9nyk\u00e9palbum c\u00edme: <strong>A h\u00e1zass\u00e1gi jubil\u00e1nsok \u00fcnnepe<\/strong><br \/>\nD\u00e1tum: <strong>2025. j\u00fanius 1.<\/strong><\/p>\n<div id=\"tabela2\">\n<table style=\"width: 98%; background-color: #f7d9b7;\" border=\"0\">\n<tbody>\n<tr>\n<td style=\"text-align: center;\"><span style=\"font-family: verdana,geneva; font-size: 11px;\">A megny\u00edtott k\u00e9pek k\u00f6z\u00f6tt el\u0151re \u00e9s h\u00e1tra a <strong>billenty\u0171zettel is mozoghatunk<\/strong> (bal \u00e9s jobb oldali ny\u00edlak)<\/span><\/td>\n<\/tr>\n<\/tbody>\n<\/table>\n<\/div>\n<div id='gallery-1' class='gallery galleryid-68029 gallery-columns-5 gallery-size-thumbnail'><dl class='gallery-item'>\n\t\t\t<dt class='gallery-icon landscape'>\n\t\t\t\t<a href='https:\/\/zupnija-lendava.si\/wp-content\/uploads\/2025\/06\/20250601_zakonski_jubilanti1.jpg'><img loading=\"lazy\" decoding=\"async\" width=\"120\" height=\"120\" src=\"https:\/\/zupnija-lendava.si\/wp-content\/uploads\/2025\/06\/20250601_zakonski_jubilanti1-120x120.jpg\" class=\"attachment-thumbnail size-thumbnail\" alt=\"\" \/><\/a>\n\t\t\t<\/dt><\/dl><dl class='gallery-item'>\n\t\t\t<dt class='gallery-icon landscape'>\n\t\t\t\t<a href='https:\/\/zupnija-lendava.si\/wp-content\/uploads\/2025\/06\/20250601_zakonski_jubilanti2.jpg'><img loading=\"lazy\" decoding=\"async\" width=\"120\" height=\"120\" src=\"https:\/\/zupnija-lendava.si\/wp-content\/uploads\/2025\/06\/20250601_zakonski_jubilanti2-120x120.jpg\" class=\"attachment-thumbnail size-thumbnail\" alt=\"\" \/><\/a>\n\t\t\t<\/dt><\/dl><dl class='gallery-item'>\n\t\t\t<dt class='gallery-icon landscape'>\n\t\t\t\t<a href='https:\/\/zupnija-lendava.si\/wp-content\/uploads\/2025\/06\/20250601_zakonski_jubilanti3.jpg'><img loading=\"lazy\" decoding=\"async\" width=\"120\" height=\"120\" src=\"https:\/\/zupnija-lendava.si\/wp-content\/uploads\/2025\/06\/20250601_zakonski_jubilanti3-120x120.jpg\" class=\"attachment-thumbnail size-thumbnail\" alt=\"\" \/><\/a>\n\t\t\t<\/dt><\/dl><dl class='gallery-item'>\n\t\t\t<dt class='gallery-icon landscape'>\n\t\t\t\t<a href='https:\/\/zupnija-lendava.si\/wp-content\/uploads\/2025\/06\/20250601_zakonski_jubilanti4.jpg'><img loading=\"lazy\" decoding=\"async\" width=\"120\" height=\"120\" src=\"https:\/\/zupnija-lendava.si\/wp-content\/uploads\/2025\/06\/20250601_zakonski_jubilanti4-120x120.jpg\" class=\"attachment-thumbnail size-thumbnail\" alt=\"\" \/><\/a>\n\t\t\t<\/dt><\/dl><dl class='gallery-item'>\n\t\t\t<dt class='gallery-icon landscape'>\n\t\t\t\t<a href='https:\/\/zupnija-lendava.si\/wp-content\/uploads\/2025\/06\/20250601_zakonski_jubilanti5.jpg'><img loading=\"lazy\" decoding=\"async\" width=\"120\" height=\"120\" src=\"https:\/\/zupnija-lendava.si\/wp-content\/uploads\/2025\/06\/20250601_zakonski_jubilanti5-120x120.jpg\" class=\"attachment-thumbnail size-thumbnail\" alt=\"\" \/><\/a>\n\t\t\t<\/dt><\/dl><br style=\"clear: both\" \/>\n\t\t<\/div>\n\n","protected":false},"excerpt":{"rendered":"<p>F\u00e9nyk\u00e9palbum c\u00edme: A h\u00e1zass\u00e1gi jubil\u00e1nsok \u00fcnnepe D\u00e1tum: 2025. j\u00fanius 1. A megny\u00edtott k\u00e9pek k\u00f6z\u00f6tt el\u0151re \u00e9s h\u00e1tra a billenty\u0171zettel is mozoghatunk (bal \u00e9s jobb oldali ny\u00edlak)<\/p>\n","protected":false},"author":3,"featured_media":0,"parent":0,"menu_order":0,"comment_status":"closed","ping_status":"closed","template":"","meta":{"footnotes":""},"class_list":["post-68029","page","type-page","status-publish","hentry"],"_links":{"self":[{"href":"https:\/\/zupnija-lendava.si\/hu\/wp-json\/wp\/v2\/pages\/68029","targetHints":{"allow":["GET"]}}],"collection":[{"href":"https:\/\/zupnija-lendava.si\/hu\/wp-json\/wp\/v2\/pages"}],"about":[{"href":"https:\/\/zupnija-lendava.si\/hu\/wp-json\/wp\/v2\/types\/page"}],"author":[{"embeddable":true,"href":"https:\/\/zupnija-lendava.si\/hu\/wp-json\/wp\/v2\/users\/3"}],"replies":[{"embeddable":true,"href":"https:\/\/zupnija-lendava.si\/hu\/wp-json\/wp\/v2\/comments?post=68029"}],"version-history":[{"count":1,"href":"https:\/\/zupnija-lendava.si\/hu\/wp-json\/wp\/v2\/pages\/68029\/revisions"}],"predecessor-version":[{"id":68030,"href":"https:\/\/zupnija-lendava.si\/hu\/wp-json\/wp\/v2\/pages\/68029\/revisions\/68030"}],"wp:attachment":[{"href":"https:\/\/zupnija-lendava.si\/hu\/wp-json\/wp\/v2\/media?parent=68029"}],"curies":[{"name":"wp","href":"https:\/\/api.w.org\/{rel}","templated":true}]}}