{"id":32900,"date":"2021-09-11T12:10:34","date_gmt":"2021-09-11T10:10:34","guid":{"rendered":"https:\/\/zupnija-lendava.si\/?page_id=32900"},"modified":"2021-09-11T12:11:21","modified_gmt":"2021-09-11T10:11:21","slug":"templomaink-csente","status":"publish","type":"page","link":"https:\/\/zupnija-lendava.si\/hu\/templomaink-csente\/","title":{"rendered":"TEMPLOMAINK: Csente"},"content":{"rendered":"<p><a href=\"https:\/\/zupnija-lendava.si\/wp-content\/uploads\/2021\/09\/centiba_teodor_zalik4.jpg\" data-lbwps-width=\"2500\" data-lbwps-height=\"1667\" data-lbwps-srcsmall=\"https:\/\/zupnija-lendava.si\/wp-content\/uploads\/2021\/09\/centiba_teodor_zalik4-300x200.jpg\"><img loading=\"lazy\" decoding=\"async\" class=\"alignnone size-large wp-image-32898\" src=\"https:\/\/zupnija-lendava.si\/wp-content\/uploads\/2021\/09\/centiba_teodor_zalik4-1024x683.jpg\" alt=\"\" width=\"640\" height=\"427\" srcset=\"https:\/\/zupnija-lendava.si\/wp-content\/uploads\/2021\/09\/centiba_teodor_zalik4-1024x683.jpg 1024w, https:\/\/zupnija-lendava.si\/wp-content\/uploads\/2021\/09\/centiba_teodor_zalik4-300x200.jpg 300w, https:\/\/zupnija-lendava.si\/wp-content\/uploads\/2021\/09\/centiba_teodor_zalik4-768x512.jpg 768w, https:\/\/zupnija-lendava.si\/wp-content\/uploads\/2021\/09\/centiba_teodor_zalik4-1536x1024.jpg 1536w, https:\/\/zupnija-lendava.si\/wp-content\/uploads\/2021\/09\/centiba_teodor_zalik4-2048x1366.jpg 2048w\" sizes=\"auto, (max-width: 640px) 100vw, 640px\" \/><\/a><\/p>\n<p>Le\u00edr\u00e1s hamarosan.<\/p>\n<hr \/>\n<p>F\u00c9NYK\u00c9PEK<\/p>\n<div id='gallery-1' class='gallery galleryid-32900 gallery-columns-4 gallery-size-thumbnail'><dl class='gallery-item'>\n\t\t\t<dt class='gallery-icon landscape'>\n\t\t\t\t<a href='https:\/\/zupnija-lendava.si\/wp-content\/uploads\/2021\/09\/centiba_teodor_zalik1.jpg'><img loading=\"lazy\" decoding=\"async\" width=\"120\" height=\"120\" src=\"https:\/\/zupnija-lendava.si\/wp-content\/uploads\/2021\/09\/centiba_teodor_zalik1-120x120.jpg\" class=\"attachment-thumbnail size-thumbnail\" alt=\"\" \/><\/a>\n\t\t\t<\/dt><\/dl><dl class='gallery-item'>\n\t\t\t<dt class='gallery-icon landscape'>\n\t\t\t\t<a href='https:\/\/zupnija-lendava.si\/wp-content\/uploads\/2021\/09\/centiba_teodor_zalik2.jpg'><img loading=\"lazy\" decoding=\"async\" width=\"120\" height=\"120\" src=\"https:\/\/zupnija-lendava.si\/wp-content\/uploads\/2021\/09\/centiba_teodor_zalik2-120x120.jpg\" class=\"attachment-thumbnail size-thumbnail\" alt=\"\" \/><\/a>\n\t\t\t<\/dt><\/dl><dl class='gallery-item'>\n\t\t\t<dt class='gallery-icon portrait'>\n\t\t\t\t<a href='https:\/\/zupnija-lendava.si\/wp-content\/uploads\/2021\/09\/centiba_teodor_zalik3.jpg'><img loading=\"lazy\" decoding=\"async\" width=\"120\" height=\"120\" src=\"https:\/\/zupnija-lendava.si\/wp-content\/uploads\/2021\/09\/centiba_teodor_zalik3-120x120.jpg\" class=\"attachment-thumbnail size-thumbnail\" alt=\"\" \/><\/a>\n\t\t\t<\/dt><\/dl><dl class='gallery-item'>\n\t\t\t<dt class='gallery-icon landscape'>\n\t\t\t\t<a href='https:\/\/zupnija-lendava.si\/wp-content\/uploads\/2021\/09\/centiba_teodor_zalik4.jpg'><img loading=\"lazy\" decoding=\"async\" width=\"120\" height=\"120\" src=\"https:\/\/zupnija-lendava.si\/wp-content\/uploads\/2021\/09\/centiba_teodor_zalik4-120x120.jpg\" class=\"attachment-thumbnail size-thumbnail\" alt=\"\" \/><\/a>\n\t\t\t<\/dt><\/dl><br style=\"clear: both\" \/>\n\t\t<\/div>\n\n","protected":false},"excerpt":{"rendered":"<p>Le\u00edr\u00e1s hamarosan. F\u00c9NYK\u00c9PEK<\/p>\n","protected":false},"author":3,"featured_media":32898,"parent":0,"menu_order":0,"comment_status":"closed","ping_status":"closed","template":"","meta":{"footnotes":""},"class_list":["post-32900","page","type-page","status-publish","has-post-thumbnail","hentry"],"_links":{"self":[{"href":"https:\/\/zupnija-lendava.si\/hu\/wp-json\/wp\/v2\/pages\/32900","targetHints":{"allow":["GET"]}}],"collection":[{"href":"https:\/\/zupnija-lendava.si\/hu\/wp-json\/wp\/v2\/pages"}],"about":[{"href":"https:\/\/zupnija-lendava.si\/hu\/wp-json\/wp\/v2\/types\/page"}],"author":[{"embeddable":true,"href":"https:\/\/zupnija-lendava.si\/hu\/wp-json\/wp\/v2\/users\/3"}],"replies":[{"embeddable":true,"href":"https:\/\/zupnija-lendava.si\/hu\/wp-json\/wp\/v2\/comments?post=32900"}],"version-history":[{"count":0,"href":"https:\/\/zupnija-lendava.si\/hu\/wp-json\/wp\/v2\/pages\/32900\/revisions"}],"wp:featuredmedia":[{"embeddable":true,"href":"https:\/\/zupnija-lendava.si\/hu\/wp-json\/wp\/v2\/media\/32898"}],"wp:attachment":[{"href":"https:\/\/zupnija-lendava.si\/hu\/wp-json\/wp\/v2\/media?parent=32900"}],"curies":[{"name":"wp","href":"https:\/\/api.w.org\/{rel}","templated":true}]}}