{"id":32266,"date":"2020-02-15T20:03:04","date_gmt":"2020-02-15T19:03:04","guid":{"rendered":"https:\/\/zupnija-lendava.si\/?page_id=32266"},"modified":"2026-05-09T21:39:48","modified_gmt":"2026-05-09T19:39:48","slug":"hirdetesek-szentmisek","status":"publish","type":"page","link":"https:\/\/zupnija-lendava.si\/hu\/hirdetesek-szentmisek\/","title":{"rendered":"Hirdet\u00e9sek: SZENTMIS\u00c9K"},"content":{"rendered":"<p>2026. m\u00e1jus 10-t\u0151l 17-ig<\/p>\n<table style=\"width: 100%; background-color: #fcede0;\" cellpadding=\"10\">\n<tbody>\n<tr style=\"width: 100%; background-color: #f6bd7f;\">\n<td style=\"width: 140px;\">VAS\u00c1RNAP<br \/>\nm\u00e1jus 10.<\/td>\n<td>\n<h2><strong>H\u00daSV\u00c9T <br \/>\nHATODIK VAS\u00c1RNAPJA<\/strong><\/h2>\n<\/td>\n<td><strong>8.00 LENDVA (HU): <\/strong><br \/>\n+Biro Magdalena obl.; darujejo doma\u010di<br \/>\n+Kelenc Dragica; daruje Laci \u0160imon in Marjeta Gyurica<\/p>\n<p><strong>10.00 LENDVA (SI): <\/strong><br \/>\n+star\u0161e Donko in sina Danijela; daruje sin in o\u010de<br \/>\n+\u017di\u017eek Anton in sin Marjan; daruje dru\u017eina<\/td>\n<\/tr>\n<tr style=\"width: 100%; background-color: white;\">\n<td>H\u00c9TF\u0150<br \/>\nm\u00e1jus 11.<\/td>\n<td style=\"width: 200px;\"><strong>ESTELA<br \/>\nmu\u010denka<br \/>\n<\/strong><\/td>\n<td style=\"width: 536px;\"><strong>19.00 LENDVA: a holtak lelki \u00fcdv\u00e9\u00e9rt<\/strong><br \/>\n+Barbari\u010d Zdenka; daruje h\u010derka z dru\u017eino<br \/>\n+\u010condor Marjeta; daruje h\u010derka z dru\u017eino<\/td>\n<\/tr>\n<tr style=\"width: 100%;\">\n<td>KEDD<br \/>\nm\u00e1jus 12.<\/td>\n<td><strong>LEPOLOD MANDI\u010c<br \/>\nredovnik<br \/>\n<\/strong><\/td>\n<td><strong>19.00 LENDVA:<\/strong><br \/>\n+\u0160tihec Josip; daruje vnuk Marko z dru\u017eino<br \/>\n+Pav\u0161i\u010d Franc in Kustec Terezija; daruje dru\u017eina<\/td>\n<\/tr>\n<tr style=\"width: 100%; background-color: white;\">\n<td>SZERDA<br \/>\nm\u00e1jus 13.<\/td>\n<td><strong>FATIMSKA MATI BO\u017dJA<br \/>\n<\/strong><\/td>\n<td><strong>19.00 LENDVA:\u00a0\u00a0 <\/strong><br \/>\n+Tot Gabrijela; Feh\u00e9r Rudolf csal\u00e1dj\u00e1val<br \/>\n+Mursics J\u00f3zsef; Hebar csal\u00e1d<\/td>\n<\/tr>\n<tr>\n<td>CS\u00dcT\u00d6RT\u00d6K<br \/>\nm\u00e1jus 14.<\/td>\n<td><strong>URUNK MENNYBEMENTELE<br \/>\n<\/strong><\/td>\n<td><strong>9.00 LENDVA: <\/strong><br \/>\n+\u017dalik \u0160tefan; daruje Klavdija z dru\u017eino<br \/>\n+Jaklin Andrej; daruje \u017eena Marija <\/p>\n<p><strong>18.00 LENDVA: <\/strong><br \/>\n+Kocon Magdalena; daruje dru\u017eina Bala\u0161ko<\/td>\n<\/tr>\n<tr style=\"width: 100%; background-color: white;\">\n<td>P\u00c9NTEK<br \/>\nm\u00e1jus 15.<\/td>\n<td><strong>IZIDOR<br \/>\nkmet<br \/>\n<\/strong><\/td>\n<td><strong>18.00 LENDVA: szents\u00e9gim\u00e1d\u00e1s \u00e9s gy\u00f3n\u00e1s<br \/>\n19.00 LENDVA: <\/strong><br \/>\n+Bala\u017eek Klara; daruje dru\u017eina Hozjan<br \/>\n+Erminyi \u0160tefan in Helena; daruje vnuk Ivica z dru\u017eino<\/td>\n<\/tr>\n<tr>\n<td>SZOMBAT<br \/>\nm\u00e1jus 16.<\/td>\n<td><strong>JANEZ NEPOMUK<br \/>\nduhovnik in mu\u010denec<br \/>\n<\/strong><\/td>\n<td><strong>18.00 LENDVA: szentmise csal\u00e1doknak<\/strong><br \/>\n+Re\u017eonja Marija; daruje Smej Viktor z dru\u017eino<br \/>\n+Kolenko Ana obl.; daruje ne\u010dak Jo\u017ee z dru\u017eino<\/td>\n<\/tr>\n<tr style=\"width: 100%; background-color: #f6bd7f;\">\n<td>VAS\u00c1RNAP<br \/>\nm\u00e1jus 17.<\/td>\n<td>\n<h2>H\u00daSV\u00c9T<br \/>\nHETEDIK VAS\u00c1RNAPJA<strong><br \/>\n<\/strong><\/h2>\n<\/td>\n<td><strong>8.00 LENDVA (HU): <\/strong><br \/>\n+Hebar Marta; l\u00e1nyai Iren, Teri, fia Lali csal\u00e1dj\u00fakkal<br \/>\n+N\u00e9met M\u00e1ria; S\u00f3s Zsuzsa csal\u00e1dj\u00e1val<\/p>\n<p><strong>10.00 LENDVA (SI): <\/strong><br \/>\n+Robnik Marija in Andrej; daruje Lizika Raduha<br \/>\n+Lutar Kristina; daruje dru\u017eina \u017derdin<\/td>\n<\/tr>\n<\/tbody>\n<\/table>\n<h2>H\u00daSV\u00c9T HATODIK VAS\u00c1RNAPJA<\/h2>\n<p>A h\u00e9tf\u0151 esti szentmise ut\u00e1n lesz a <strong>BIBLIAI CSOPORT<\/strong> tal\u00e1lkoz\u00f3ja, amelyre v\u00e1runk mindenkit, aki jobban meg szeretne ismerkedni a kereszt\u00e9nys\u00e9ggel \u00e9s Isten ig\u00e9j\u00e9nek m\u00e9lys\u00e9geivel. <\/p>\n<p>Cs\u00fct\u00f6rt\u00f6k\u00f6n lesz a H\u00daSV\u00c9T ut\u00e1ni 40. nap; ezen a napon a Felt\u00e1madt J\u00e9zus megdics\u0151\u00fclt test\u00e9ben elhagyja a f\u00f6ldet \u2013 ez <strong>URUNK MENNYBEMENTELE<\/strong> vagy <strong>\u00c1LDOZ\u00d3CS\u00dcT\u00d6RT\u00d6K<\/strong>. Reggel 9 \u00f3rakor k\u00e9tnyelv\u0171 \u00fcnnepi szentmise lesz, este 6 \u00f3rakor azok sz\u00e1m\u00e1ra lesz szentmise, akiknek napk\u00f6zben egy\u00e9b elfoglalts\u00e1ga van (munka, iskola,\u2026). Ezen a napon a falvakb\u00f3l a m\u00e1jusi \u00e1jtatoss\u00e1g helyett a pl\u00e9b\u00e1niatemplomba v\u00e1runk mindenkit.\u00a0\u00a0\u00a0 \u00a0<br \/>\n\u00a0<br \/>\nMinden p\u00e9nteken egy \u00f3r\u00e1val az esti szentmise el\u0151tt szents\u00e9gim\u00e1d\u00e1s van, amely ideje alatt lehet gy\u00f3nni vagy besz\u00e9lgetni a pappal. <\/p>\n<p>Szombaton pl\u00e9b\u00e1ni\u00e1nk anim\u00e1torai eg\u00e9sznapos k\u00e9pz\u00e9sen vesznek r\u00e9szt, amely anim\u00e1tori munk\u00e1jukra k\u00e9sz\u00edti fel \u0151ket, hogy az \u00e9v sor\u00e1n tud\u00e1sukkal seg\u00edteni tudjanak a pl\u00e9b\u00e1nia \u00e9s az egyh\u00e1zmegye gyermek- \u00e9s ifj\u00fas\u00e1gi programjain. <br \/>\n\u00a0<br \/>\nSzombat este 6 \u00f3rakor vas\u00e1rnapra \u00e9rv\u00e9nyes szentmise lesz a csal\u00e1dok r\u00e9sz\u00e9re. A szentmise ut\u00e1n tal\u00e1lkoz\u00f3 lesz idei els\u0151\u00e1ldoz\u00f3k sz\u00fcleivel, amelyen megbesz\u00e9lj\u00fck az idei els\u0151\u00e1ldoz\u00e1s \u00fcnnepe alkalm\u00e1b\u00f3l sz\u00fcks\u00e9ges tudnival\u00f3kat.\u00a0 \u00a0<br \/>\n\u00a0<br \/>\nA j\u00f6v\u0151 vas\u00e1rnap <strong>H\u00daSV\u00c9T HETEDIK VAS\u00c1RNAPJA.<\/strong><br \/>\nReggel 8 \u00f3rakor magyar, 10 \u00f3rakor szlov\u00e9n nyelv\u0171 szentmise lesz. \u00a0<\/p>\n<p>M\u00falt h\u00e9ten Petesh\u00e1z\u00e1n b\u00facs\u00faztunk BARBARI\u010c ZDENKOt\u00f3l, az elhunyt lelki \u00fcdv\u00e9\u00e9rt 11 szentmis\u00e9t adom\u00e1nyoztak \u00e9s 265 eur\u00f3t a pl\u00e9b\u00e1niatemplom fel\u00faj\u00edt\u00e1s\u00e1ra. Pinc\u00e9n b\u00facs\u00faztunk \u010cONDOR MARJET\u00c1t\u00f3l, az elhunyt lelki \u00fcdv\u00e9\u00e9rt 10 szentmis\u00e9t adom\u00e1nyoztak \u00e9s 225 eur\u00f3t a pl\u00e9b\u00e1niatemplom fel\u00faj\u00edt\u00e1s\u00e1ra. Adjon az \u00dar nyugodalmat elhunytainknak \u00e9s az \u00f6r\u00f6k vil\u00e1goss\u00e1g f\u00e9nyeskedj\u00e9k nekik. Nyugodjanak b\u00e9k\u00e9ben, az \u00dar J\u00e9zus szent nev\u00e9ben. \u00c1men! \u00a0<\/p>\n<p>J\u00fanius 7-\u00e9n, vas\u00e1rnap lesz a H\u00c1ZASS\u00c1GI JUBIL\u00c1NSOK \u00fcnnepe. A pl\u00e9b\u00e1niahivatalban nyitvatart\u00e1si id\u0151ben legk\u00e9s\u0151bb j\u00fanius 2-ig, keddig v\u00e1rjuk mindazok jelentkez\u00e9s\u00e9t, akik id\u00e9n \u00fcnneplik h\u00e1zass\u00e1gk\u00f6t\u00e9s\u00fck kerek \u00e9vfordul\u00f3j\u00e1t (5, 10, 15, 20, 25, 30, 35, 40, 45, 50, 55, 60) \u00e9s szeretn\u00e9k azt meg\u00faj\u00edtani, illetve \u00e1ld\u00e1st k\u00e9rni h\u00e1zass\u00e1gukra.\u00a0 \u00a0<br \/>\n\u00a0<br \/>\nFontos hirdet\u00e9s mindazok sz\u00e1m\u00e1ra, akik \u00e9rdekl\u0151dnek a j\u00f6v\u0151 \u00e9vi perui zar\u00e1ndoklat ir\u00e1nt, amelynek sor\u00e1n megl\u00e1togatjuk Bukovec \u017derdin Antal p\u00fcsp\u00f6k aty\u00e1t, aki misszi\u00f3s szolg\u00e1latot teljes\u00edt az Amazonas vid\u00e9k\u00e9n. Az utaz\u00e1si iroda t\u00e1j\u00e9koztat\u00e1sa szerint hamarosan el\u00e9rhet\u0151v\u00e9 v\u00e1lnak a rep\u00fcl\u0151jegyek, amelyek el\u0151v\u00e9telben k\u00fcl\u00f6n\u00f6sen kedvez\u0151 \u00e1ron v\u00e1s\u00e1rolhat\u00f3k meg. Ez\u00e9rt k\u00e9rj\u00fck mindazokat, akik szeretn\u00e9nek \u00e9lni ezzel a lehet\u0151s\u00e9ggel, hogy kedden jelentkezzenek a pl\u00e9b\u00e1niahivatalban, mivel az utaz\u00e1si irod\u00e1nak sz\u00fcks\u00e9ge van szem\u00e9lyes adataikra a foglal\u00e1shoz. A jelentkez\u00e9s alkalm\u00e1val tov\u00e1bbi r\u00e9szletes t\u00e1j\u00e9koztat\u00e1st is adunk a zar\u00e1ndoklatr\u00f3l.<\/p>\n","protected":false},"excerpt":{"rendered":"<p>2026. m\u00e1jus 10-t\u0151l 17-ig VAS\u00c1RNAP m\u00e1jus 10. H\u00daSV\u00c9T HATODIK VAS\u00c1RNAPJA 8.00 LENDVA (HU): +Biro Magdalena obl.; darujejo doma\u010di +Kelenc Dragica; daruje Laci \u0160imon in Marjeta Gyurica 10.00 LENDVA (SI): +star\u0161e Donko in sina Danijela; daruje sin in o\u010de +\u017di\u017eek Anton &hellip; <a href=\"https:\/\/zupnija-lendava.si\/hu\/hirdetesek-szentmisek\/\"><span class=\"meta-nav\">Tov\u00e1bb \u2192<\/span><\/a><\/p>\n","protected":false},"author":3,"featured_media":0,"parent":0,"menu_order":0,"comment_status":"closed","ping_status":"closed","template":"","meta":{"footnotes":""},"class_list":["post-32266","page","type-page","status-publish","hentry"],"_links":{"self":[{"href":"https:\/\/zupnija-lendava.si\/hu\/wp-json\/wp\/v2\/pages\/32266","targetHints":{"allow":["GET"]}}],"collection":[{"href":"https:\/\/zupnija-lendava.si\/hu\/wp-json\/wp\/v2\/pages"}],"about":[{"href":"https:\/\/zupnija-lendava.si\/hu\/wp-json\/wp\/v2\/types\/page"}],"author":[{"embeddable":true,"href":"https:\/\/zupnija-lendava.si\/hu\/wp-json\/wp\/v2\/users\/3"}],"replies":[{"embeddable":true,"href":"https:\/\/zupnija-lendava.si\/hu\/wp-json\/wp\/v2\/comments?post=32266"}],"version-history":[{"count":239,"href":"https:\/\/zupnija-lendava.si\/hu\/wp-json\/wp\/v2\/pages\/32266\/revisions"}],"predecessor-version":[{"id":71808,"href":"https:\/\/zupnija-lendava.si\/hu\/wp-json\/wp\/v2\/pages\/32266\/revisions\/71808"}],"wp:attachment":[{"href":"https:\/\/zupnija-lendava.si\/hu\/wp-json\/wp\/v2\/media?parent=32266"}],"curies":[{"name":"wp","href":"https:\/\/api.w.org\/{rel}","templated":true}]}}