{"id":27805,"date":"2018-02-24T15:25:06","date_gmt":"2018-02-24T14:25:06","guid":{"rendered":"http:\/\/zupnija-lendava.si\/volgyifalui-templom\/"},"modified":"2021-09-11T09:26:11","modified_gmt":"2021-09-11T07:26:11","slug":"templomaink-volgyifalui-templom","status":"publish","type":"page","link":"https:\/\/zupnija-lendava.si\/hu\/templomaink-volgyifalui-templom\/","title":{"rendered":"TEMPLOMAINK: V\u00f6lgyifalui templom"},"content":{"rendered":"<p>A 20. sz\u00e1zad els\u0151 fel\u00e9ben \u00e9p\u00fclt ez a neog\u00f3tikus templom. A templom a falun kereszt\u00fcl \u00e1tvezet\u0151 \u00fatat szel\u0151 keresztez\u0151d\u00e9s d\u00e9li oldal\u00e1n \u00e1ll.<\/p>\n<p><a href=\"http:\/\/zupnija-lendava.si\/wp-content\/uploads\/2018\/02\/Cerkev_Dolina_VEN_5166.jpg\" data-lbwps-width=\"1200\" data-lbwps-height=\"794\" data-lbwps-srcsmall=\"https:\/\/zupnija-lendava.si\/wp-content\/uploads\/2018\/02\/Cerkev_Dolina_VEN_5166-300x199.jpg\"><img loading=\"lazy\" decoding=\"async\" class=\"img-galerija alignnone wp-image-32859\" title=\"Cerkev_Dolina_VEN_5166\" src=\"https:\/\/zupnija-lendava.si\/wp-content\/uploads\/2018\/02\/Cerkev_Dolina_VEN_5166-1024x678.jpg\" alt=\"Cerkev_Dolina_VEN_5166\" width=\"700\" height=\"463\" srcset=\"https:\/\/zupnija-lendava.si\/wp-content\/uploads\/2018\/02\/Cerkev_Dolina_VEN_5166-1024x678.jpg 1024w, https:\/\/zupnija-lendava.si\/wp-content\/uploads\/2018\/02\/Cerkev_Dolina_VEN_5166-300x199.jpg 300w, https:\/\/zupnija-lendava.si\/wp-content\/uploads\/2018\/02\/Cerkev_Dolina_VEN_5166-768x508.jpg 768w, https:\/\/zupnija-lendava.si\/wp-content\/uploads\/2018\/02\/Cerkev_Dolina_VEN_5166-50x33.jpg 50w, https:\/\/zupnija-lendava.si\/wp-content\/uploads\/2018\/02\/Cerkev_Dolina_VEN_5166.jpg 1200w\" sizes=\"auto, (max-width: 700px) 100vw, 700px\" \/><\/a><\/p>\n<p><a href=\"http:\/\/zupnija-lendava.si\/wp-content\/uploads\/2018\/02\/Cerkev_Dolina_VEN_5166.jpg\" data-lbwps-width=\"1200\" data-lbwps-height=\"794\" data-lbwps-srcsmall=\"https:\/\/zupnija-lendava.si\/wp-content\/uploads\/2018\/02\/Cerkev_Dolina_VEN_5166-300x199.jpg\"><img loading=\"lazy\" decoding=\"async\" class=\"img-galerija alignnone size-thumbnail wp-image-32859\" title=\"Cerkev_Dolina_VEN_5166\" src=\"https:\/\/zupnija-lendava.si\/wp-content\/uploads\/2018\/02\/Cerkev_Dolina_VEN_5166-120x120.jpg\" alt=\"Cerkev_Dolina_VEN_5166\" width=\"120\" height=\"120\" \/><\/a> <a href=\"http:\/\/zupnija-lendava.si\/wp-content\/uploads\/2018\/02\/Cerkev_Dolina_VEN_5168.jpg\" data-lbwps-width=\"1200\" data-lbwps-height=\"800\" data-lbwps-srcsmall=\"https:\/\/zupnija-lendava.si\/wp-content\/uploads\/2018\/02\/Cerkev_Dolina_VEN_5168-300x200.jpg\"><img loading=\"lazy\" decoding=\"async\" class=\"img-galerija alignnone size-thumbnail wp-image-32860\" title=\"Cerkev_Dolina_VEN_5168\" src=\"https:\/\/zupnija-lendava.si\/wp-content\/uploads\/2018\/02\/Cerkev_Dolina_VEN_5168-120x120.jpg\" alt=\"Cerkev_Dolina_VEN_5168\" width=\"120\" height=\"120\" \/><\/a> <a href=\"http:\/\/zupnija-lendava.si\/wp-content\/uploads\/2018\/02\/Cerkev_Dolina_VEN_5172.jpg\" data-lbwps-width=\"1200\" data-lbwps-height=\"800\" data-lbwps-srcsmall=\"https:\/\/zupnija-lendava.si\/wp-content\/uploads\/2018\/02\/Cerkev_Dolina_VEN_5172-300x200.jpg\"><img loading=\"lazy\" decoding=\"async\" class=\"img-galerija alignnone size-thumbnail wp-image-32861\" title=\"Cerkev_Dolina_VEN_5172\" src=\"https:\/\/zupnija-lendava.si\/wp-content\/uploads\/2018\/02\/Cerkev_Dolina_VEN_5172-120x120.jpg\" alt=\"Cerkev_Dolina_VEN_5172\" width=\"120\" height=\"120\" \/><\/a> <a href=\"http:\/\/zupnija-lendava.si\/wp-content\/uploads\/2018\/02\/Cerkev_Dolina_VEN_5174.jpg\" data-lbwps-width=\"800\" data-lbwps-height=\"1200\" data-lbwps-srcsmall=\"https:\/\/zupnija-lendava.si\/wp-content\/uploads\/2018\/02\/Cerkev_Dolina_VEN_5174-200x300.jpg\"><img loading=\"lazy\" decoding=\"async\" class=\"img-galerija alignnone size-thumbnail wp-image-32862\" title=\"Cerkev_Dolina_VEN_5174\" src=\"https:\/\/zupnija-lendava.si\/wp-content\/uploads\/2018\/02\/Cerkev_Dolina_VEN_5174-120x120.jpg\" alt=\"Cerkev_Dolina_VEN_5174\" width=\"120\" height=\"120\" \/><\/a> <a href=\"http:\/\/zupnija-lendava.si\/wp-content\/uploads\/2018\/02\/Cerkev_Dolina_VEN_5176.jpg\" data-lbwps-width=\"1200\" data-lbwps-height=\"800\" data-lbwps-srcsmall=\"https:\/\/zupnija-lendava.si\/wp-content\/uploads\/2018\/02\/Cerkev_Dolina_VEN_5176-300x200.jpg\"><img loading=\"lazy\" decoding=\"async\" class=\"img-galerija alignnone size-thumbnail wp-image-32863\" title=\"Cerkev_Dolina_VEN_5176\" src=\"https:\/\/zupnija-lendava.si\/wp-content\/uploads\/2018\/02\/Cerkev_Dolina_VEN_5176-120x120.jpg\" alt=\"Cerkev_Dolina_VEN_5176\" width=\"120\" height=\"120\" \/><\/a><\/p>\n","protected":false},"excerpt":{"rendered":"<p>A 20. sz\u00e1zad els\u0151 fel\u00e9ben \u00e9p\u00fclt ez a neog\u00f3tikus templom. A templom a falun kereszt\u00fcl \u00e1tvezet\u0151 \u00fatat szel\u0151 keresztez\u0151d\u00e9s d\u00e9li oldal\u00e1n \u00e1ll.<\/p>\n","protected":false},"author":3,"featured_media":0,"parent":0,"menu_order":0,"comment_status":"closed","ping_status":"closed","template":"","meta":{"footnotes":""},"class_list":["post-27805","page","type-page","status-publish","hentry"],"_links":{"self":[{"href":"https:\/\/zupnija-lendava.si\/hu\/wp-json\/wp\/v2\/pages\/27805","targetHints":{"allow":["GET"]}}],"collection":[{"href":"https:\/\/zupnija-lendava.si\/hu\/wp-json\/wp\/v2\/pages"}],"about":[{"href":"https:\/\/zupnija-lendava.si\/hu\/wp-json\/wp\/v2\/types\/page"}],"author":[{"embeddable":true,"href":"https:\/\/zupnija-lendava.si\/hu\/wp-json\/wp\/v2\/users\/3"}],"replies":[{"embeddable":true,"href":"https:\/\/zupnija-lendava.si\/hu\/wp-json\/wp\/v2\/comments?post=27805"}],"version-history":[{"count":0,"href":"https:\/\/zupnija-lendava.si\/hu\/wp-json\/wp\/v2\/pages\/27805\/revisions"}],"wp:attachment":[{"href":"https:\/\/zupnija-lendava.si\/hu\/wp-json\/wp\/v2\/media?parent=27805"}],"curies":[{"name":"wp","href":"https:\/\/api.w.org\/{rel}","templated":true}]}}