{"id":27803,"date":"2018-02-14T18:33:11","date_gmt":"2018-02-14T17:33:11","guid":{"rendered":"http:\/\/zupnija-lendava.si\/minisztransok\/"},"modified":"2018-02-14T18:33:11","modified_gmt":"2018-02-14T17:33:11","slug":"minisztransok","status":"publish","type":"page","link":"https:\/\/zupnija-lendava.si\/hu\/minisztransok\/","title":{"rendered":"MINISZTR\u00c1NSOK"},"content":{"rendered":"<p><a href=\"http:\/\/zupnija-lendava.si\/wp-content\/uploads\/2020\/04\/ministranti_2020_10.jpg\" data-lbwps-width=\"1500\" data-lbwps-height=\"994\" data-lbwps-srcsmall=\"https:\/\/zupnija-lendava.si\/wp-content\/uploads\/2020\/04\/ministranti_2020_10-300x199.jpg\"><img loading=\"lazy\" decoding=\"async\" class=\"wp-image-26362 alignnone\" src=\"http:\/\/zupnija-lendava.si\/wp-content\/uploads\/2020\/04\/ministranti_2020_10.jpg\" alt=\"\" width=\"710\" height=\"470\" srcset=\"https:\/\/zupnija-lendava.si\/wp-content\/uploads\/2020\/04\/ministranti_2020_10.jpg 1500w, https:\/\/zupnija-lendava.si\/wp-content\/uploads\/2020\/04\/ministranti_2020_10-300x199.jpg 300w, https:\/\/zupnija-lendava.si\/wp-content\/uploads\/2020\/04\/ministranti_2020_10-1024x679.jpg 1024w, https:\/\/zupnija-lendava.si\/wp-content\/uploads\/2020\/04\/ministranti_2020_10-768x509.jpg 768w, https:\/\/zupnija-lendava.si\/wp-content\/uploads\/2020\/04\/ministranti_2020_10-50x33.jpg 50w\" sizes=\"auto, (max-width: 710px) 100vw, 710px\" \/><\/a><\/p>\n<p>A lendvai pl\u00e9b\u00e1ni\u00e1n aktiv ministr\u00e1nscsoportunk van, m\u00e9gpedig 28 ministr\u00e1ns. Ett\u0151l 13 l\u00e1ny \u00e9s 16 fi\u00fa. A ministr\u00e1ns koroszt\u00e1lya 8-t\u00f3l 17 \u00e9ves korig van. A ministr\u00e1ns-csoportot h\u00e1rman vezetj\u00fck, m\u00e9gpedig Feher Rebeka, a Gimn\u00e1zium \u017delimlje j\u00f6vend\u0151 di\u00e1kja, Antolin Jaka, Biotechnikus K\u00f6z\u00e9piskola Raki\u010dan di\u00e1kja \u00e9s Tibaut \u017diga, a K\u00e9tnyelv\u0171 K\u00f6z\u00e9piskola Lendva di\u00e1kja. A ministr\u00e1nscsoportban nagyon er\u0151s a kapcsolatunk, t\u00f6bbek k\u00f6z\u00f6tt \u00f6sszek\u00f6t benn\u00fcnket az \u00f6r\u00f6m az olt\u00e1rhoz is..<\/p>\n<p>Havonta egyszer ministr\u00e1ns-tal\u00e1lkozunk \u00e9s gyakorlatunk van a pl\u00e9b\u00e1ni\u00e1n, m\u00e9gpedig szombatk\u00e9nt, ahol az ima, a gyakorlatok \u00e9s a kateh\u00e9zis mellet, mindig id\u0151t tal\u00e1lunk k\u00fcl\u00f6nb\u00f6z\u0151 j\u00e1t\u00e9kokra, \u00e9nekl\u00e9sre, t\u00e1ncra, sportra \u2026 \u00c9vente t\u00f6bbsz\u00f6r megszervezz\u00fck a ministr\u00e1nsnapot, amikor az eg\u00e9sz napot a pl\u00e9b\u00e1ni\u00e1n t\u00f6ltj\u00fck \u00e9s az esti szentmis\u00e9vel fejezz\u00fck be.<\/p>\n<p>Nagyobb kereszt\u00e9ny \u00fcnnepkor a szentmise el\u0151tt is gyakorolunk a ministr\u00e1nsokkal. A b\u00f6jti id\u0151szakban elk\u00e9sz\u00edtj\u00fck a ministr\u00e1ns-kereszt\u00fatat, ahol az \u00f6sszes ministr\u00e1nsok k\u00f6zrem\u0171k\u00f6dnek.<\/p>\n<p>A legt\u00f6bb ministr\u00e1ns a szombati esti csal\u00e1di szentmis\u00e9khez j\u00f6n, amelyek a lendvai pl\u00e9b\u00e1nia templom\u00e1ban vannak, els\u0151sorban a gyerekeknek \u00e9s sz\u00fcl\u0151knek r\u00e9sz\u00e9re.<\/p>\n<p>M\u00e1r n\u00e9h\u00e1ny \u00e9ve a Szent Katalin pl\u00e9b\u00e1ni\u00e1nk v\u00e9d\u0151szentj\u00e9nek meg\u00fcnnepl\u00e9se alkalm\u00e1b\u00f3l az \u00faj ministr\u00e1nsok \u00fcnnep\u00e9lyesen vannak befogadva a lendvai pl\u00e9b\u00e1nia ministr\u00e1ns-csoportba. A ministr\u00e1nsok befogad\u00e1sn\u00e1l a sz\u00fcl\u0151k is k\u00f6zrem\u0171k\u00f6dnek, m\u00e9gpedig a szentmis\u00e9n\u00e9l, az olt\u00e1r el\u00f6tt felh\u00fazz\u00e1k a gyermekeikre a ministr\u00e1nsruh\u00e1t \u00e9s k\u00f6r\u00fcl k\u00f6tt\u00e9k a piros \u00f6vet. A ministr\u00e1nsok befogad\u00e1sa el\u0151tt intenz\u00edv gyakorlatuk van, ha kell, akkor k\u00e9tszer hetente is.<\/p>\n<p>Minden \u00e9ven r\u00e9sztvessz\u00fcnk a muraszombati p\u00fcsp\u00f6ks\u00e9gi ministr\u00e1ns-vet\u00e9lked\u0151n, ahol utols\u00f3 \u00e9vekben sz\u00e9p eredm\u00e9nyeket \u00e9r\u00fcnk el. A 2019\/2020 \u00e9vben 4. helyet, 2018\/2019-ben els\u0151 helyet, 2017\/2018-ban m\u00e1sodik helyet \u00e9s 2016\/2017-ben negyedik helyet \u00e9rtt\u00fck el.<\/p>\n<p>A hittan\u00e9v v\u00e9gen, Martin pl\u00e9b\u00e1nos \u00farunk megjutalmaz benn\u00fcnket ministr\u00e1ns-kir\u00e1ndul\u00e1ssal, ahova megh\u00edvja a sz\u00fcleinket is.<\/p>\n<p><strong>Feher Rebeka, Tibaut \u017diga \u00e9s Antolina Jaka<\/strong><\/p>\n<div id='gallery-1' class='gallery galleryid-27803 gallery-columns-5 gallery-size-thumbnail'><dl class='gallery-item'>\n\t\t\t<dt class='gallery-icon landscape'>\n\t\t\t\t<a href='https:\/\/zupnija-lendava.si\/wp-content\/uploads\/2020\/04\/ministranti_2020_02.jpg'><img loading=\"lazy\" decoding=\"async\" width=\"120\" height=\"120\" src=\"https:\/\/zupnija-lendava.si\/wp-content\/uploads\/2020\/04\/ministranti_2020_02-120x120.jpg\" class=\"attachment-thumbnail size-thumbnail\" alt=\"\" \/><\/a>\n\t\t\t<\/dt><\/dl><dl class='gallery-item'>\n\t\t\t<dt class='gallery-icon landscape'>\n\t\t\t\t<a href='https:\/\/zupnija-lendava.si\/wp-content\/uploads\/2020\/04\/ministranti_2020_01.jpg'><img loading=\"lazy\" decoding=\"async\" width=\"120\" height=\"120\" src=\"https:\/\/zupnija-lendava.si\/wp-content\/uploads\/2020\/04\/ministranti_2020_01-120x120.jpg\" class=\"attachment-thumbnail size-thumbnail\" alt=\"\" \/><\/a>\n\t\t\t<\/dt><\/dl><dl class='gallery-item'>\n\t\t\t<dt class='gallery-icon landscape'>\n\t\t\t\t<a href='https:\/\/zupnija-lendava.si\/wp-content\/uploads\/2020\/04\/ministranti_2020_18.jpg'><img loading=\"lazy\" decoding=\"async\" width=\"120\" height=\"120\" src=\"https:\/\/zupnija-lendava.si\/wp-content\/uploads\/2020\/04\/ministranti_2020_18-120x120.jpg\" class=\"attachment-thumbnail size-thumbnail\" alt=\"\" \/><\/a>\n\t\t\t<\/dt><\/dl><dl class='gallery-item'>\n\t\t\t<dt class='gallery-icon landscape'>\n\t\t\t\t<a href='https:\/\/zupnija-lendava.si\/wp-content\/uploads\/2020\/04\/ministranti_2020_17.jpg'><img loading=\"lazy\" decoding=\"async\" width=\"120\" height=\"120\" src=\"https:\/\/zupnija-lendava.si\/wp-content\/uploads\/2020\/04\/ministranti_2020_17-120x120.jpg\" class=\"attachment-thumbnail size-thumbnail\" alt=\"\" \/><\/a>\n\t\t\t<\/dt><\/dl><dl class='gallery-item'>\n\t\t\t<dt class='gallery-icon landscape'>\n\t\t\t\t<a href='https:\/\/zupnija-lendava.si\/wp-content\/uploads\/2020\/04\/ministranti_2020_16.jpg'><img loading=\"lazy\" decoding=\"async\" width=\"120\" height=\"120\" src=\"https:\/\/zupnija-lendava.si\/wp-content\/uploads\/2020\/04\/ministranti_2020_16-120x120.jpg\" class=\"attachment-thumbnail size-thumbnail\" alt=\"\" \/><\/a>\n\t\t\t<\/dt><\/dl><br style=\"clear: both\" \/><dl class='gallery-item'>\n\t\t\t<dt class='gallery-icon landscape'>\n\t\t\t\t<a href='https:\/\/zupnija-lendava.si\/wp-content\/uploads\/2020\/04\/ministranti_2020_15.jpg'><img loading=\"lazy\" decoding=\"async\" width=\"120\" height=\"120\" src=\"https:\/\/zupnija-lendava.si\/wp-content\/uploads\/2020\/04\/ministranti_2020_15-120x120.jpg\" class=\"attachment-thumbnail size-thumbnail\" alt=\"\" \/><\/a>\n\t\t\t<\/dt><\/dl><dl class='gallery-item'>\n\t\t\t<dt class='gallery-icon landscape'>\n\t\t\t\t<a href='https:\/\/zupnija-lendava.si\/wp-content\/uploads\/2020\/04\/ministranti_2020_14.jpg'><img loading=\"lazy\" decoding=\"async\" width=\"120\" height=\"120\" src=\"https:\/\/zupnija-lendava.si\/wp-content\/uploads\/2020\/04\/ministranti_2020_14-120x120.jpg\" class=\"attachment-thumbnail size-thumbnail\" alt=\"\" \/><\/a>\n\t\t\t<\/dt><\/dl><dl class='gallery-item'>\n\t\t\t<dt class='gallery-icon landscape'>\n\t\t\t\t<a href='https:\/\/zupnija-lendava.si\/wp-content\/uploads\/2020\/04\/ministranti_2020_13.jpg'><img loading=\"lazy\" decoding=\"async\" width=\"120\" height=\"120\" src=\"https:\/\/zupnija-lendava.si\/wp-content\/uploads\/2020\/04\/ministranti_2020_13-120x120.jpg\" class=\"attachment-thumbnail size-thumbnail\" alt=\"\" \/><\/a>\n\t\t\t<\/dt><\/dl><dl class='gallery-item'>\n\t\t\t<dt class='gallery-icon landscape'>\n\t\t\t\t<a href='https:\/\/zupnija-lendava.si\/wp-content\/uploads\/2020\/04\/ministranti_2020_12.jpg'><img loading=\"lazy\" decoding=\"async\" width=\"120\" height=\"120\" src=\"https:\/\/zupnija-lendava.si\/wp-content\/uploads\/2020\/04\/ministranti_2020_12-120x120.jpg\" class=\"attachment-thumbnail size-thumbnail\" alt=\"\" \/><\/a>\n\t\t\t<\/dt><\/dl><dl class='gallery-item'>\n\t\t\t<dt class='gallery-icon landscape'>\n\t\t\t\t<a href='https:\/\/zupnija-lendava.si\/wp-content\/uploads\/2020\/04\/ministranti_2020_11.jpg'><img loading=\"lazy\" decoding=\"async\" width=\"120\" height=\"120\" src=\"https:\/\/zupnija-lendava.si\/wp-content\/uploads\/2020\/04\/ministranti_2020_11-120x120.jpg\" class=\"attachment-thumbnail size-thumbnail\" alt=\"\" \/><\/a>\n\t\t\t<\/dt><\/dl><br style=\"clear: both\" \/><dl class='gallery-item'>\n\t\t\t<dt class='gallery-icon landscape'>\n\t\t\t\t<a href='https:\/\/zupnija-lendava.si\/wp-content\/uploads\/2020\/04\/ministranti_2020_10.jpg'><img loading=\"lazy\" decoding=\"async\" width=\"120\" height=\"120\" src=\"https:\/\/zupnija-lendava.si\/wp-content\/uploads\/2020\/04\/ministranti_2020_10-120x120.jpg\" class=\"attachment-thumbnail size-thumbnail\" alt=\"\" \/><\/a>\n\t\t\t<\/dt><\/dl><dl class='gallery-item'>\n\t\t\t<dt class='gallery-icon landscape'>\n\t\t\t\t<a href='https:\/\/zupnija-lendava.si\/wp-content\/uploads\/2020\/04\/ministranti_2020_09.jpg'><img loading=\"lazy\" decoding=\"async\" width=\"120\" height=\"120\" src=\"https:\/\/zupnija-lendava.si\/wp-content\/uploads\/2020\/04\/ministranti_2020_09-120x120.jpg\" class=\"attachment-thumbnail size-thumbnail\" alt=\"\" \/><\/a>\n\t\t\t<\/dt><\/dl><dl class='gallery-item'>\n\t\t\t<dt class='gallery-icon landscape'>\n\t\t\t\t<a href='https:\/\/zupnija-lendava.si\/wp-content\/uploads\/2020\/04\/ministranti_2020_08.jpg'><img loading=\"lazy\" decoding=\"async\" width=\"120\" height=\"120\" src=\"https:\/\/zupnija-lendava.si\/wp-content\/uploads\/2020\/04\/ministranti_2020_08-120x120.jpg\" class=\"attachment-thumbnail size-thumbnail\" alt=\"\" \/><\/a>\n\t\t\t<\/dt><\/dl><dl class='gallery-item'>\n\t\t\t<dt class='gallery-icon landscape'>\n\t\t\t\t<a href='https:\/\/zupnija-lendava.si\/wp-content\/uploads\/2020\/04\/ministranti_2020_07.jpg'><img loading=\"lazy\" decoding=\"async\" width=\"120\" height=\"120\" src=\"https:\/\/zupnija-lendava.si\/wp-content\/uploads\/2020\/04\/ministranti_2020_07-120x120.jpg\" class=\"attachment-thumbnail size-thumbnail\" alt=\"\" \/><\/a>\n\t\t\t<\/dt><\/dl><dl class='gallery-item'>\n\t\t\t<dt class='gallery-icon landscape'>\n\t\t\t\t<a href='https:\/\/zupnija-lendava.si\/wp-content\/uploads\/2020\/04\/ministranti_2020_06.jpg'><img loading=\"lazy\" decoding=\"async\" width=\"120\" height=\"120\" src=\"https:\/\/zupnija-lendava.si\/wp-content\/uploads\/2020\/04\/ministranti_2020_06-120x120.jpg\" class=\"attachment-thumbnail size-thumbnail\" alt=\"\" \/><\/a>\n\t\t\t<\/dt><\/dl><br style=\"clear: both\" \/><dl class='gallery-item'>\n\t\t\t<dt class='gallery-icon landscape'>\n\t\t\t\t<a href='https:\/\/zupnija-lendava.si\/wp-content\/uploads\/2020\/04\/ministranti_2020_05.jpg'><img loading=\"lazy\" decoding=\"async\" width=\"120\" height=\"120\" src=\"https:\/\/zupnija-lendava.si\/wp-content\/uploads\/2020\/04\/ministranti_2020_05-120x120.jpg\" class=\"attachment-thumbnail size-thumbnail\" alt=\"\" \/><\/a>\n\t\t\t<\/dt><\/dl><dl class='gallery-item'>\n\t\t\t<dt class='gallery-icon landscape'>\n\t\t\t\t<a href='https:\/\/zupnija-lendava.si\/wp-content\/uploads\/2020\/04\/ministranti_2020_04.jpg'><img loading=\"lazy\" decoding=\"async\" width=\"120\" height=\"120\" src=\"https:\/\/zupnija-lendava.si\/wp-content\/uploads\/2020\/04\/ministranti_2020_04-120x120.jpg\" class=\"attachment-thumbnail size-thumbnail\" alt=\"\" \/><\/a>\n\t\t\t<\/dt><\/dl><dl class='gallery-item'>\n\t\t\t<dt class='gallery-icon landscape'>\n\t\t\t\t<a href='https:\/\/zupnija-lendava.si\/wp-content\/uploads\/2020\/04\/ministranti_2020_03.jpg'><img loading=\"lazy\" decoding=\"async\" width=\"120\" height=\"120\" src=\"https:\/\/zupnija-lendava.si\/wp-content\/uploads\/2020\/04\/ministranti_2020_03-120x120.jpg\" class=\"attachment-thumbnail size-thumbnail\" alt=\"\" \/><\/a>\n\t\t\t<\/dt><\/dl>\n\t\t\t<br style='clear: both' \/>\n\t\t<\/div>\n\n","protected":false},"excerpt":{"rendered":"<p>A lendvai pl\u00e9b\u00e1ni\u00e1n aktiv ministr\u00e1nscsoportunk van, m\u00e9gpedig 28 ministr\u00e1ns. Ett\u0151l 13 l\u00e1ny \u00e9s 16 fi\u00fa. A ministr\u00e1ns koroszt\u00e1lya 8-t\u00f3l 17 \u00e9ves korig van. A ministr\u00e1ns-csoportot h\u00e1rman vezetj\u00fck, m\u00e9gpedig Feher Rebeka, a Gimn\u00e1zium \u017delimlje j\u00f6vend\u0151 di\u00e1kja, Antolin Jaka, Biotechnikus K\u00f6z\u00e9piskola Raki\u010dan &hellip; <a href=\"https:\/\/zupnija-lendava.si\/hu\/minisztransok\/\"><span class=\"meta-nav\">Tov\u00e1bb \u2192<\/span><\/a><\/p>\n","protected":false},"author":3,"featured_media":0,"parent":0,"menu_order":0,"comment_status":"closed","ping_status":"closed","template":"","meta":{"footnotes":""},"class_list":["post-27803","page","type-page","status-publish","hentry"],"_links":{"self":[{"href":"https:\/\/zupnija-lendava.si\/hu\/wp-json\/wp\/v2\/pages\/27803","targetHints":{"allow":["GET"]}}],"collection":[{"href":"https:\/\/zupnija-lendava.si\/hu\/wp-json\/wp\/v2\/pages"}],"about":[{"href":"https:\/\/zupnija-lendava.si\/hu\/wp-json\/wp\/v2\/types\/page"}],"author":[{"embeddable":true,"href":"https:\/\/zupnija-lendava.si\/hu\/wp-json\/wp\/v2\/users\/3"}],"replies":[{"embeddable":true,"href":"https:\/\/zupnija-lendava.si\/hu\/wp-json\/wp\/v2\/comments?post=27803"}],"version-history":[{"count":0,"href":"https:\/\/zupnija-lendava.si\/hu\/wp-json\/wp\/v2\/pages\/27803\/revisions"}],"wp:attachment":[{"href":"https:\/\/zupnija-lendava.si\/hu\/wp-json\/wp\/v2\/media?parent=27803"}],"curies":[{"name":"wp","href":"https:\/\/api.w.org\/{rel}","templated":true}]}}