{"id":27675,"date":"2016-12-17T19:14:11","date_gmt":"2016-12-17T18:14:11","guid":{"rendered":"http:\/\/zupnija-lendava.si\/fotogaleria-advent-masodik-szombatja-2016\/"},"modified":"2016-12-17T19:14:11","modified_gmt":"2016-12-17T18:14:11","slug":"fotogaleria-advent-masodik-szombatja-2016","status":"publish","type":"page","link":"https:\/\/zupnija-lendava.si\/hu\/fotogaleria-advent-masodik-szombatja-2016\/","title":{"rendered":"FOT\u00d3GAL\u00c9RIA: Advent m\u00e1sodik szombatja 2016."},"content":{"rendered":"<p>F\u00e9nyk\u00e9palbum c\u00edme: <strong>Advent m\u00e1sodik szombatja 2016-ban<\/strong><br \/>\n D\u00e1tum: <strong>2016. december 3-\u00e1n<\/strong><\/p>\n<p>Ezen a napon szentmis\u00e9t tartottunk advent m\u00e1sodik vas\u00e1rnapj\u00e1ra v\u00e1rva. A szentmise alatt a hotizai gyermek \u00e9s ifj\u00fas\u00e1gi k\u00f3rus \u00e9nekelt. A szentleck\u00e9t egy vakon sz\u00fcletett kisl\u00e1ny olvasta, aki vakvezet\u0151 kutya seg\u00edts\u00e9g\u00e9vel \u00e9rkezett hozz\u00e1nk. A szentmise ut\u00e1n a templomt\u00e9ren meggy\u00fajtottuk a M\u00c1SODIK ADVENTI GYERTY\u00c1T.<\/p>\n<div id=\"tabela2\">\n<table style=\"width: 98%; background-color: #f7d9b7;\" border=\"0\">\n<tbody>\n<tr>\n<td style=\"text-align: center;\"><span style=\"font-family: verdana,geneva; font-size: 11px;\">A megny\u00edtott k\u00e9pek k\u00f6z\u00f6tt el\u0151re \u00e9s h\u00e1tra a <strong>billenty\u0171zettel is mozoghatunk<\/strong> (bal \u00e9s jobb oldali ny\u00edlak)<\/span><\/td>\n<\/tr>\n<\/tbody>\n<\/table>\n<\/div>\n<p><a href=\"http:\/\/zupnija-lendava.si\/wp-content\/uploads\/2016\/12\/20161203_druga_adventna01.jpg\" data-lbwps-width=\"950\" data-lbwps-height=\"629\" data-lbwps-srcsmall=\"https:\/\/zupnija-lendava.si\/wp-content\/uploads\/2016\/12\/20161203_druga_adventna01-300x199.jpg\"><img loading=\"lazy\" decoding=\"async\" class=\"img-galerija alignnone size-thumbnail wp-image-13292\" title=\"20161203_druga_adventna01\" src=\"http:\/\/zupnija-lendava.si\/wp-content\/uploads\/2016\/12\/20161203_druga_adventna01-120x120.jpg\" alt=\"20161203_druga_adventna01\" width=\"120\" height=\"120\" \/><\/a> <a href=\"http:\/\/zupnija-lendava.si\/wp-content\/uploads\/2016\/12\/20161203_druga_adventna02.jpg\" data-lbwps-width=\"950\" data-lbwps-height=\"629\" data-lbwps-srcsmall=\"https:\/\/zupnija-lendava.si\/wp-content\/uploads\/2016\/12\/20161203_druga_adventna02-300x199.jpg\"><img loading=\"lazy\" decoding=\"async\" class=\"img-galerija alignnone size-thumbnail wp-image-13293\" title=\"20161203_druga_adventna02\" src=\"http:\/\/zupnija-lendava.si\/wp-content\/uploads\/2016\/12\/20161203_druga_adventna02-120x120.jpg\" alt=\"20161203_druga_adventna02\" width=\"120\" height=\"120\" \/><\/a> <a href=\"http:\/\/zupnija-lendava.si\/wp-content\/uploads\/2016\/12\/20161203_druga_adventna03.jpg\" data-lbwps-width=\"950\" data-lbwps-height=\"629\" data-lbwps-srcsmall=\"https:\/\/zupnija-lendava.si\/wp-content\/uploads\/2016\/12\/20161203_druga_adventna03-300x199.jpg\"><img loading=\"lazy\" decoding=\"async\" class=\"img-galerija alignnone size-thumbnail wp-image-13294\" title=\"20161203_druga_adventna03\" src=\"http:\/\/zupnija-lendava.si\/wp-content\/uploads\/2016\/12\/20161203_druga_adventna03-120x120.jpg\" alt=\"20161203_druga_adventna03\" width=\"120\" height=\"120\" \/><\/a> <a href=\"http:\/\/zupnija-lendava.si\/wp-content\/uploads\/2016\/12\/20161203_druga_adventna04.jpg\" data-lbwps-width=\"950\" data-lbwps-height=\"629\" data-lbwps-srcsmall=\"https:\/\/zupnija-lendava.si\/wp-content\/uploads\/2016\/12\/20161203_druga_adventna04-300x199.jpg\"><img loading=\"lazy\" decoding=\"async\" class=\"img-galerija alignnone size-thumbnail wp-image-13295\" title=\"20161203_druga_adventna04\" src=\"http:\/\/zupnija-lendava.si\/wp-content\/uploads\/2016\/12\/20161203_druga_adventna04-120x120.jpg\" alt=\"20161203_druga_adventna04\" width=\"120\" height=\"120\" \/><\/a> <a href=\"http:\/\/zupnija-lendava.si\/wp-content\/uploads\/2016\/12\/20161203_druga_adventna05.jpg\" data-lbwps-width=\"950\" data-lbwps-height=\"629\" data-lbwps-srcsmall=\"https:\/\/zupnija-lendava.si\/wp-content\/uploads\/2016\/12\/20161203_druga_adventna05-300x199.jpg\"><img loading=\"lazy\" decoding=\"async\" class=\"img-galerija alignnone size-thumbnail wp-image-13296\" title=\"20161203_druga_adventna05\" src=\"http:\/\/zupnija-lendava.si\/wp-content\/uploads\/2016\/12\/20161203_druga_adventna05-120x120.jpg\" alt=\"20161203_druga_adventna05\" width=\"120\" height=\"120\" \/><\/a> <a href=\"http:\/\/zupnija-lendava.si\/wp-content\/uploads\/2016\/12\/20161203_druga_adventna06.jpg\" data-lbwps-width=\"950\" data-lbwps-height=\"674\" data-lbwps-srcsmall=\"https:\/\/zupnija-lendava.si\/wp-content\/uploads\/2016\/12\/20161203_druga_adventna06-300x213.jpg\"><img loading=\"lazy\" decoding=\"async\" class=\"img-galerija alignnone size-thumbnail wp-image-13297\" title=\"20161203_druga_adventna06\" src=\"http:\/\/zupnija-lendava.si\/wp-content\/uploads\/2016\/12\/20161203_druga_adventna06-120x120.jpg\" alt=\"20161203_druga_adventna06\" width=\"120\" height=\"120\" \/><\/a> <a href=\"http:\/\/zupnija-lendava.si\/wp-content\/uploads\/2016\/12\/20161203_druga_adventna07.jpg\" data-lbwps-width=\"950\" data-lbwps-height=\"584\" data-lbwps-srcsmall=\"https:\/\/zupnija-lendava.si\/wp-content\/uploads\/2016\/12\/20161203_druga_adventna07-300x184.jpg\"><img loading=\"lazy\" decoding=\"async\" class=\"img-galerija alignnone size-thumbnail wp-image-13298\" title=\"20161203_druga_adventna07\" src=\"http:\/\/zupnija-lendava.si\/wp-content\/uploads\/2016\/12\/20161203_druga_adventna07-120x120.jpg\" alt=\"20161203_druga_adventna07\" width=\"120\" height=\"120\" \/><\/a> <a href=\"http:\/\/zupnija-lendava.si\/wp-content\/uploads\/2016\/12\/20161203_druga_adventna08.jpg\" data-lbwps-width=\"950\" data-lbwps-height=\"629\" data-lbwps-srcsmall=\"https:\/\/zupnija-lendava.si\/wp-content\/uploads\/2016\/12\/20161203_druga_adventna08-300x199.jpg\"><img loading=\"lazy\" decoding=\"async\" class=\"img-galerija alignnone size-thumbnail wp-image-13299\" title=\"20161203_druga_adventna08\" src=\"http:\/\/zupnija-lendava.si\/wp-content\/uploads\/2016\/12\/20161203_druga_adventna08-120x120.jpg\" alt=\"20161203_druga_adventna08\" width=\"120\" height=\"120\" \/><\/a> <a href=\"http:\/\/zupnija-lendava.si\/wp-content\/uploads\/2016\/12\/20161203_druga_adventna09.jpg\" data-lbwps-width=\"950\" data-lbwps-height=\"629\" data-lbwps-srcsmall=\"https:\/\/zupnija-lendava.si\/wp-content\/uploads\/2016\/12\/20161203_druga_adventna09-300x199.jpg\"><img loading=\"lazy\" decoding=\"async\" class=\"img-galerija alignnone size-thumbnail wp-image-13300\" title=\"20161203_druga_adventna09\" src=\"http:\/\/zupnija-lendava.si\/wp-content\/uploads\/2016\/12\/20161203_druga_adventna09-120x120.jpg\" alt=\"20161203_druga_adventna09\" width=\"120\" height=\"120\" \/><\/a> <a href=\"http:\/\/zupnija-lendava.si\/wp-content\/uploads\/2016\/12\/20161203_druga_adventna10.jpg\" data-lbwps-width=\"950\" data-lbwps-height=\"629\" data-lbwps-srcsmall=\"https:\/\/zupnija-lendava.si\/wp-content\/uploads\/2016\/12\/20161203_druga_adventna10-300x199.jpg\"><img loading=\"lazy\" decoding=\"async\" class=\"img-galerija alignnone size-thumbnail wp-image-13301\" title=\"20161203_druga_adventna10\" src=\"http:\/\/zupnija-lendava.si\/wp-content\/uploads\/2016\/12\/20161203_druga_adventna10-120x120.jpg\" alt=\"20161203_druga_adventna10\" width=\"120\" height=\"120\" \/><\/a> <a href=\"http:\/\/zupnija-lendava.si\/wp-content\/uploads\/2016\/12\/20161203_druga_adventna11.jpg\" data-lbwps-width=\"950\" data-lbwps-height=\"629\" data-lbwps-srcsmall=\"https:\/\/zupnija-lendava.si\/wp-content\/uploads\/2016\/12\/20161203_druga_adventna11-300x199.jpg\"><img loading=\"lazy\" decoding=\"async\" class=\"img-galerija alignnone size-thumbnail wp-image-13302\" title=\"20161203_druga_adventna11\" src=\"http:\/\/zupnija-lendava.si\/wp-content\/uploads\/2016\/12\/20161203_druga_adventna11-120x120.jpg\" alt=\"20161203_druga_adventna11\" width=\"120\" height=\"120\" \/><\/a> <a href=\"http:\/\/zupnija-lendava.si\/wp-content\/uploads\/2016\/12\/20161203_druga_adventna12.jpg\" data-lbwps-width=\"950\" data-lbwps-height=\"629\" data-lbwps-srcsmall=\"https:\/\/zupnija-lendava.si\/wp-content\/uploads\/2016\/12\/20161203_druga_adventna12-300x199.jpg\"><img loading=\"lazy\" decoding=\"async\" class=\"img-galerija alignnone size-thumbnail wp-image-13303\" title=\"20161203_druga_adventna12\" src=\"http:\/\/zupnija-lendava.si\/wp-content\/uploads\/2016\/12\/20161203_druga_adventna12-120x120.jpg\" alt=\"20161203_druga_adventna12\" width=\"120\" height=\"120\" \/><\/a> <a href=\"http:\/\/zupnija-lendava.si\/wp-content\/uploads\/2016\/12\/20161203_druga_adventna13.jpg\" data-lbwps-width=\"950\" data-lbwps-height=\"629\" data-lbwps-srcsmall=\"https:\/\/zupnija-lendava.si\/wp-content\/uploads\/2016\/12\/20161203_druga_adventna13-300x199.jpg\"><img loading=\"lazy\" decoding=\"async\" class=\"img-galerija alignnone size-thumbnail wp-image-13304\" title=\"20161203_druga_adventna13\" src=\"http:\/\/zupnija-lendava.si\/wp-content\/uploads\/2016\/12\/20161203_druga_adventna13-120x120.jpg\" alt=\"20161203_druga_adventna13\" width=\"120\" height=\"120\" \/><\/a> <a href=\"http:\/\/zupnija-lendava.si\/wp-content\/uploads\/2016\/12\/20161203_druga_adventna14.jpg\" data-lbwps-width=\"950\" data-lbwps-height=\"629\" data-lbwps-srcsmall=\"https:\/\/zupnija-lendava.si\/wp-content\/uploads\/2016\/12\/20161203_druga_adventna14-300x199.jpg\"><img loading=\"lazy\" decoding=\"async\" class=\"img-galerija alignnone size-thumbnail wp-image-13305\" title=\"20161203_druga_adventna14\" src=\"http:\/\/zupnija-lendava.si\/wp-content\/uploads\/2016\/12\/20161203_druga_adventna14-120x120.jpg\" alt=\"20161203_druga_adventna14\" width=\"120\" height=\"120\" \/><\/a> <a href=\"http:\/\/zupnija-lendava.si\/wp-content\/uploads\/2016\/12\/20161203_druga_adventna15.jpg\" data-lbwps-width=\"950\" data-lbwps-height=\"629\" data-lbwps-srcsmall=\"https:\/\/zupnija-lendava.si\/wp-content\/uploads\/2016\/12\/20161203_druga_adventna15-300x199.jpg\"><img loading=\"lazy\" decoding=\"async\" class=\"img-galerija alignnone size-thumbnail wp-image-13306\" title=\"20161203_druga_adventna15\" src=\"http:\/\/zupnija-lendava.si\/wp-content\/uploads\/2016\/12\/20161203_druga_adventna15-120x120.jpg\" alt=\"20161203_druga_adventna15\" width=\"120\" height=\"120\" \/><\/a> <a href=\"http:\/\/zupnija-lendava.si\/wp-content\/uploads\/2016\/12\/20161203_druga_adventna16.jpg\" data-lbwps-width=\"950\" data-lbwps-height=\"629\" data-lbwps-srcsmall=\"https:\/\/zupnija-lendava.si\/wp-content\/uploads\/2016\/12\/20161203_druga_adventna16-300x199.jpg\"><img loading=\"lazy\" decoding=\"async\" class=\"img-galerija alignnone size-thumbnail wp-image-13307\" title=\"20161203_druga_adventna16\" src=\"http:\/\/zupnija-lendava.si\/wp-content\/uploads\/2016\/12\/20161203_druga_adventna16-120x120.jpg\" alt=\"20161203_druga_adventna16\" width=\"120\" height=\"120\" \/><\/a> <a href=\"http:\/\/zupnija-lendava.si\/wp-content\/uploads\/2016\/12\/20161203_druga_adventna17.jpg\" data-lbwps-width=\"950\" data-lbwps-height=\"629\" data-lbwps-srcsmall=\"https:\/\/zupnija-lendava.si\/wp-content\/uploads\/2016\/12\/20161203_druga_adventna17-300x199.jpg\"><img loading=\"lazy\" decoding=\"async\" class=\"img-galerija alignnone size-thumbnail wp-image-13308\" title=\"20161203_druga_adventna17\" src=\"http:\/\/zupnija-lendava.si\/wp-content\/uploads\/2016\/12\/20161203_druga_adventna17-120x120.jpg\" alt=\"20161203_druga_adventna17\" width=\"120\" height=\"120\" \/><\/a> <a href=\"http:\/\/zupnija-lendava.si\/wp-content\/uploads\/2016\/12\/20161203_druga_adventna18.jpg\" data-lbwps-width=\"950\" data-lbwps-height=\"629\" data-lbwps-srcsmall=\"https:\/\/zupnija-lendava.si\/wp-content\/uploads\/2016\/12\/20161203_druga_adventna18-300x199.jpg\"><img loading=\"lazy\" decoding=\"async\" class=\"img-galerija alignnone size-thumbnail wp-image-13309\" title=\"20161203_druga_adventna18\" src=\"http:\/\/zupnija-lendava.si\/wp-content\/uploads\/2016\/12\/20161203_druga_adventna18-120x120.jpg\" alt=\"20161203_druga_adventna18\" width=\"120\" height=\"120\" \/><\/a> <a href=\"http:\/\/zupnija-lendava.si\/wp-content\/uploads\/2016\/12\/20161203_druga_adventna19.jpg\" data-lbwps-width=\"950\" data-lbwps-height=\"629\" data-lbwps-srcsmall=\"https:\/\/zupnija-lendava.si\/wp-content\/uploads\/2016\/12\/20161203_druga_adventna19-300x199.jpg\"><img loading=\"lazy\" decoding=\"async\" class=\"img-galerija alignnone size-thumbnail wp-image-13310\" title=\"20161203_druga_adventna19\" src=\"http:\/\/zupnija-lendava.si\/wp-content\/uploads\/2016\/12\/20161203_druga_adventna19-120x120.jpg\" alt=\"20161203_druga_adventna19\" width=\"120\" height=\"120\" \/><\/a> <a href=\"http:\/\/zupnija-lendava.si\/wp-content\/uploads\/2016\/12\/20161203_druga_adventna20.jpg\" data-lbwps-width=\"950\" data-lbwps-height=\"629\" data-lbwps-srcsmall=\"https:\/\/zupnija-lendava.si\/wp-content\/uploads\/2016\/12\/20161203_druga_adventna20-300x199.jpg\"><img loading=\"lazy\" decoding=\"async\" class=\"img-galerija alignnone size-thumbnail wp-image-13311\" title=\"20161203_druga_adventna20\" src=\"http:\/\/zupnija-lendava.si\/wp-content\/uploads\/2016\/12\/20161203_druga_adventna20-120x120.jpg\" alt=\"20161203_druga_adventna20\" width=\"120\" height=\"120\" \/><\/a> <a href=\"http:\/\/zupnija-lendava.si\/wp-content\/uploads\/2016\/12\/20161203_druga_adventna21.jpg\" data-lbwps-width=\"950\" data-lbwps-height=\"629\" data-lbwps-srcsmall=\"https:\/\/zupnija-lendava.si\/wp-content\/uploads\/2016\/12\/20161203_druga_adventna21-300x199.jpg\"><img loading=\"lazy\" decoding=\"async\" class=\"img-galerija alignnone size-thumbnail wp-image-13312\" title=\"20161203_druga_adventna21\" src=\"http:\/\/zupnija-lendava.si\/wp-content\/uploads\/2016\/12\/20161203_druga_adventna21-120x120.jpg\" alt=\"20161203_druga_adventna21\" width=\"120\" height=\"120\" \/><\/a> <a href=\"http:\/\/zupnija-lendava.si\/wp-content\/uploads\/2016\/12\/20161203_druga_adventna22.jpg\" data-lbwps-width=\"950\" data-lbwps-height=\"629\" data-lbwps-srcsmall=\"https:\/\/zupnija-lendava.si\/wp-content\/uploads\/2016\/12\/20161203_druga_adventna22-300x199.jpg\"><img loading=\"lazy\" decoding=\"async\" class=\"img-galerija alignnone size-thumbnail wp-image-13313\" title=\"20161203_druga_adventna22\" src=\"http:\/\/zupnija-lendava.si\/wp-content\/uploads\/2016\/12\/20161203_druga_adventna22-120x120.jpg\" alt=\"20161203_druga_adventna22\" width=\"120\" height=\"120\" \/><\/a> <a href=\"http:\/\/zupnija-lendava.si\/wp-content\/uploads\/2016\/12\/20161203_druga_adventna23.jpg\" data-lbwps-width=\"950\" data-lbwps-height=\"512\" data-lbwps-srcsmall=\"https:\/\/zupnija-lendava.si\/wp-content\/uploads\/2016\/12\/20161203_druga_adventna23-300x162.jpg\"><img loading=\"lazy\" decoding=\"async\" class=\"img-galerija alignnone size-thumbnail wp-image-13314\" title=\"20161203_druga_adventna23\" src=\"http:\/\/zupnija-lendava.si\/wp-content\/uploads\/2016\/12\/20161203_druga_adventna23-120x120.jpg\" alt=\"20161203_druga_adventna23\" width=\"120\" height=\"120\" \/><\/a> <a href=\"http:\/\/zupnija-lendava.si\/wp-content\/uploads\/2016\/12\/20161203_druga_adventna24.jpg\" data-lbwps-width=\"950\" data-lbwps-height=\"582\" data-lbwps-srcsmall=\"https:\/\/zupnija-lendava.si\/wp-content\/uploads\/2016\/12\/20161203_druga_adventna24-300x184.jpg\"><img loading=\"lazy\" decoding=\"async\" class=\"img-galerija alignnone size-thumbnail wp-image-13315\" title=\"20161203_druga_adventna24\" src=\"http:\/\/zupnija-lendava.si\/wp-content\/uploads\/2016\/12\/20161203_druga_adventna24-120x120.jpg\" alt=\"20161203_druga_adventna24\" width=\"120\" height=\"120\" \/><\/a><\/p>\n","protected":false},"excerpt":{"rendered":"<p>F\u00e9nyk\u00e9palbum c\u00edme: Advent m\u00e1sodik szombatja 2016-ban D\u00e1tum: 2016. december 3-\u00e1n Ezen a napon szentmis\u00e9t tartottunk advent m\u00e1sodik vas\u00e1rnapj\u00e1ra v\u00e1rva. A szentmise alatt a hotizai gyermek \u00e9s ifj\u00fas\u00e1gi k\u00f3rus \u00e9nekelt. A szentleck\u00e9t egy vakon sz\u00fcletett kisl\u00e1ny olvasta, aki vakvezet\u0151 kutya seg\u00edts\u00e9g\u00e9vel &hellip; <a href=\"https:\/\/zupnija-lendava.si\/hu\/fotogaleria-advent-masodik-szombatja-2016\/\"><span class=\"meta-nav\">Tov\u00e1bb \u2192<\/span><\/a><\/p>\n","protected":false},"author":3,"featured_media":0,"parent":0,"menu_order":0,"comment_status":"closed","ping_status":"closed","template":"","meta":{"footnotes":""},"class_list":["post-27675","page","type-page","status-publish","hentry"],"_links":{"self":[{"href":"https:\/\/zupnija-lendava.si\/hu\/wp-json\/wp\/v2\/pages\/27675","targetHints":{"allow":["GET"]}}],"collection":[{"href":"https:\/\/zupnija-lendava.si\/hu\/wp-json\/wp\/v2\/pages"}],"about":[{"href":"https:\/\/zupnija-lendava.si\/hu\/wp-json\/wp\/v2\/types\/page"}],"author":[{"embeddable":true,"href":"https:\/\/zupnija-lendava.si\/hu\/wp-json\/wp\/v2\/users\/3"}],"replies":[{"embeddable":true,"href":"https:\/\/zupnija-lendava.si\/hu\/wp-json\/wp\/v2\/comments?post=27675"}],"version-history":[{"count":0,"href":"https:\/\/zupnija-lendava.si\/hu\/wp-json\/wp\/v2\/pages\/27675\/revisions"}],"wp:attachment":[{"href":"https:\/\/zupnija-lendava.si\/hu\/wp-json\/wp\/v2\/media?parent=27675"}],"curies":[{"name":"wp","href":"https:\/\/api.w.org\/{rel}","templated":true}]}}