{"id":27611,"date":"2016-03-20T17:17:40","date_gmt":"2016-03-20T16:17:40","guid":{"rendered":"http:\/\/zupnija-lendava.si\/fotogaleria-a-minisztransok-avatasa-2016-ban\/"},"modified":"2016-03-20T17:17:40","modified_gmt":"2016-03-20T16:17:40","slug":"fotogaleria-a-minisztransok-avatasa-2016-ban","status":"publish","type":"page","link":"https:\/\/zupnija-lendava.si\/hu\/fotogaleria-a-minisztransok-avatasa-2016-ban\/","title":{"rendered":"FOT\u00d3GAL\u00c9RIA: A minisztr\u00e1nsok avat\u00e1sa 2016-ban"},"content":{"rendered":"<p>F\u00e9nyk\u00e9palbum c\u00edme: <strong>A minisztr\u00e1nsok avat\u00e1sa 2016-ban<\/strong><br \/> D\u00e1tum: <strong>2016. m\u00e1rcius 12-\u00e9n<\/strong><\/p>\n<div id=\"tabela2\">\n<table style=\"width: 98%; background-color: #f7d9b7;\" border=\"0\">\n<tbody>\n<tr>\n<td style=\"text-align: center;\"><span style=\"font-family: verdana,geneva; font-size: 11px;\">A megny\u00edtott k\u00e9pek k\u00f6z\u00f6tt el\u0151re \u00e9s h\u00e1tra a <strong>billenty\u0171zettel is mozoghatunk<\/strong> (bal \u00e9s jobb oldali ny\u00edlak)<\/span><\/td>\n<\/tr>\n<\/tbody>\n<\/table>\n<\/div>\n<p><a href=\"http:\/\/zupnija-lendava.si\/wp-content\/uploads\/2016\/03\/20160312_sprejem_ministrantov_01.jpg\" data-lbwps-width=\"1000\" data-lbwps-height=\"756\" data-lbwps-srcsmall=\"https:\/\/zupnija-lendava.si\/wp-content\/uploads\/2016\/03\/20160312_sprejem_ministrantov_01-300x227.jpg\"><img loading=\"lazy\" decoding=\"async\" class=\"img-galerija alignnone size-thumbnail wp-image-10881\" title=\"20160312_sprejem_ministrantov_01\" src=\"http:\/\/zupnija-lendava.si\/wp-content\/uploads\/2016\/03\/20160312_sprejem_ministrantov_01-120x120.jpg\" alt=\"20160312_sprejem_ministrantov_01\" width=\"120\" height=\"120\" \/><\/a> <a href=\"http:\/\/zupnija-lendava.si\/wp-content\/uploads\/2016\/03\/20160312_sprejem_ministrantov_02.jpg\" data-lbwps-width=\"1000\" data-lbwps-height=\"662\" data-lbwps-srcsmall=\"https:\/\/zupnija-lendava.si\/wp-content\/uploads\/2016\/03\/20160312_sprejem_ministrantov_02-300x199.jpg\"><img loading=\"lazy\" decoding=\"async\" class=\"img-galerija alignnone size-thumbnail wp-image-10882\" title=\"20160312_sprejem_ministrantov_02\" src=\"http:\/\/zupnija-lendava.si\/wp-content\/uploads\/2016\/03\/20160312_sprejem_ministrantov_02-120x120.jpg\" alt=\"20160312_sprejem_ministrantov_02\" width=\"120\" height=\"120\" \/><\/a> <a href=\"http:\/\/zupnija-lendava.si\/wp-content\/uploads\/2016\/03\/20160312_sprejem_ministrantov_03.jpg\" data-lbwps-width=\"1000\" data-lbwps-height=\"662\" data-lbwps-srcsmall=\"https:\/\/zupnija-lendava.si\/wp-content\/uploads\/2016\/03\/20160312_sprejem_ministrantov_03-300x199.jpg\"><img loading=\"lazy\" decoding=\"async\" class=\"img-galerija alignnone size-thumbnail wp-image-10883\" title=\"20160312_sprejem_ministrantov_03\" src=\"http:\/\/zupnija-lendava.si\/wp-content\/uploads\/2016\/03\/20160312_sprejem_ministrantov_03-120x120.jpg\" alt=\"20160312_sprejem_ministrantov_03\" width=\"120\" height=\"120\" \/><\/a> <a href=\"http:\/\/zupnija-lendava.si\/wp-content\/uploads\/2016\/03\/20160312_sprejem_ministrantov_04.jpg\" data-lbwps-width=\"1000\" data-lbwps-height=\"662\" data-lbwps-srcsmall=\"https:\/\/zupnija-lendava.si\/wp-content\/uploads\/2016\/03\/20160312_sprejem_ministrantov_04-300x199.jpg\"><img loading=\"lazy\" decoding=\"async\" class=\"img-galerija alignnone size-thumbnail wp-image-10884\" title=\"20160312_sprejem_ministrantov_04\" src=\"http:\/\/zupnija-lendava.si\/wp-content\/uploads\/2016\/03\/20160312_sprejem_ministrantov_04-120x120.jpg\" alt=\"20160312_sprejem_ministrantov_04\" width=\"120\" height=\"120\" \/><\/a> <a href=\"http:\/\/zupnija-lendava.si\/wp-content\/uploads\/2016\/03\/20160312_sprejem_ministrantov_05.jpg\" data-lbwps-width=\"1000\" data-lbwps-height=\"662\" data-lbwps-srcsmall=\"https:\/\/zupnija-lendava.si\/wp-content\/uploads\/2016\/03\/20160312_sprejem_ministrantov_05-300x199.jpg\"><img loading=\"lazy\" decoding=\"async\" class=\"img-galerija alignnone size-thumbnail wp-image-10885\" title=\"20160312_sprejem_ministrantov_05\" src=\"http:\/\/zupnija-lendava.si\/wp-content\/uploads\/2016\/03\/20160312_sprejem_ministrantov_05-120x120.jpg\" alt=\"20160312_sprejem_ministrantov_05\" width=\"120\" height=\"120\" \/><\/a> <a href=\"http:\/\/zupnija-lendava.si\/wp-content\/uploads\/2016\/03\/20160312_sprejem_ministrantov_06.jpg\" data-lbwps-width=\"1000\" data-lbwps-height=\"662\" data-lbwps-srcsmall=\"https:\/\/zupnija-lendava.si\/wp-content\/uploads\/2016\/03\/20160312_sprejem_ministrantov_06-300x199.jpg\"><img loading=\"lazy\" decoding=\"async\" class=\"img-galerija alignnone size-thumbnail wp-image-10886\" title=\"20160312_sprejem_ministrantov_06\" src=\"http:\/\/zupnija-lendava.si\/wp-content\/uploads\/2016\/03\/20160312_sprejem_ministrantov_06-120x120.jpg\" alt=\"20160312_sprejem_ministrantov_06\" width=\"120\" height=\"120\" \/><\/a> <a href=\"http:\/\/zupnija-lendava.si\/wp-content\/uploads\/2016\/03\/20160312_sprejem_ministrantov_07.jpg\" data-lbwps-width=\"1000\" data-lbwps-height=\"662\" data-lbwps-srcsmall=\"https:\/\/zupnija-lendava.si\/wp-content\/uploads\/2016\/03\/20160312_sprejem_ministrantov_07-300x199.jpg\"><img loading=\"lazy\" decoding=\"async\" class=\"img-galerija alignnone size-thumbnail wp-image-10887\" title=\"20160312_sprejem_ministrantov_07\" src=\"http:\/\/zupnija-lendava.si\/wp-content\/uploads\/2016\/03\/20160312_sprejem_ministrantov_07-120x120.jpg\" alt=\"20160312_sprejem_ministrantov_07\" width=\"120\" height=\"120\" \/><\/a> <a href=\"http:\/\/zupnija-lendava.si\/wp-content\/uploads\/2016\/03\/20160312_sprejem_ministrantov_08.jpg\" data-lbwps-width=\"1000\" data-lbwps-height=\"662\" data-lbwps-srcsmall=\"https:\/\/zupnija-lendava.si\/wp-content\/uploads\/2016\/03\/20160312_sprejem_ministrantov_08-300x199.jpg\"><img loading=\"lazy\" decoding=\"async\" class=\"img-galerija alignnone size-thumbnail wp-image-10888\" title=\"20160312_sprejem_ministrantov_08\" src=\"http:\/\/zupnija-lendava.si\/wp-content\/uploads\/2016\/03\/20160312_sprejem_ministrantov_08-120x120.jpg\" alt=\"20160312_sprejem_ministrantov_08\" width=\"120\" height=\"120\" \/><\/a> <a href=\"http:\/\/zupnija-lendava.si\/wp-content\/uploads\/2016\/03\/20160312_sprejem_ministrantov_09.jpg\" data-lbwps-width=\"1000\" data-lbwps-height=\"568\" data-lbwps-srcsmall=\"https:\/\/zupnija-lendava.si\/wp-content\/uploads\/2016\/03\/20160312_sprejem_ministrantov_09-300x170.jpg\"><img loading=\"lazy\" decoding=\"async\" class=\"img-galerija alignnone size-thumbnail wp-image-10889\" title=\"20160312_sprejem_ministrantov_09\" src=\"http:\/\/zupnija-lendava.si\/wp-content\/uploads\/2016\/03\/20160312_sprejem_ministrantov_09-120x120.jpg\" alt=\"20160312_sprejem_ministrantov_09\" width=\"120\" height=\"120\" \/><\/a> <a href=\"http:\/\/zupnija-lendava.si\/wp-content\/uploads\/2016\/03\/20160312_sprejem_ministrantov_10.jpg\" data-lbwps-width=\"1000\" data-lbwps-height=\"662\" data-lbwps-srcsmall=\"https:\/\/zupnija-lendava.si\/wp-content\/uploads\/2016\/03\/20160312_sprejem_ministrantov_10-300x199.jpg\"><img loading=\"lazy\" decoding=\"async\" class=\"img-galerija alignnone size-thumbnail wp-image-10890\" title=\"20160312_sprejem_ministrantov_10\" src=\"http:\/\/zupnija-lendava.si\/wp-content\/uploads\/2016\/03\/20160312_sprejem_ministrantov_10-120x120.jpg\" alt=\"20160312_sprejem_ministrantov_10\" width=\"120\" height=\"120\" \/><\/a> <a href=\"http:\/\/zupnija-lendava.si\/wp-content\/uploads\/2016\/03\/20160312_sprejem_ministrantov_11.jpg\" data-lbwps-width=\"1000\" data-lbwps-height=\"662\" data-lbwps-srcsmall=\"https:\/\/zupnija-lendava.si\/wp-content\/uploads\/2016\/03\/20160312_sprejem_ministrantov_11-300x199.jpg\"><img loading=\"lazy\" decoding=\"async\" class=\"img-galerija alignnone size-thumbnail wp-image-10891\" title=\"20160312_sprejem_ministrantov_11\" src=\"http:\/\/zupnija-lendava.si\/wp-content\/uploads\/2016\/03\/20160312_sprejem_ministrantov_11-120x120.jpg\" alt=\"20160312_sprejem_ministrantov_11\" width=\"120\" height=\"120\" \/><\/a> <a href=\"http:\/\/zupnija-lendava.si\/wp-content\/uploads\/2016\/03\/20160312_sprejem_ministrantov_12.jpg\" data-lbwps-width=\"1000\" data-lbwps-height=\"662\" data-lbwps-srcsmall=\"https:\/\/zupnija-lendava.si\/wp-content\/uploads\/2016\/03\/20160312_sprejem_ministrantov_12-300x199.jpg\"><img loading=\"lazy\" decoding=\"async\" class=\"img-galerija alignnone size-thumbnail wp-image-10892\" title=\"20160312_sprejem_ministrantov_12\" src=\"http:\/\/zupnija-lendava.si\/wp-content\/uploads\/2016\/03\/20160312_sprejem_ministrantov_12-120x120.jpg\" alt=\"20160312_sprejem_ministrantov_12\" width=\"120\" height=\"120\" \/><\/a> <a href=\"http:\/\/zupnija-lendava.si\/wp-content\/uploads\/2016\/03\/20160312_sprejem_ministrantov_13.jpg\" data-lbwps-width=\"1000\" data-lbwps-height=\"662\" data-lbwps-srcsmall=\"https:\/\/zupnija-lendava.si\/wp-content\/uploads\/2016\/03\/20160312_sprejem_ministrantov_13-300x199.jpg\"><img loading=\"lazy\" decoding=\"async\" class=\"img-galerija alignnone size-thumbnail wp-image-10893\" title=\"20160312_sprejem_ministrantov_13\" src=\"http:\/\/zupnija-lendava.si\/wp-content\/uploads\/2016\/03\/20160312_sprejem_ministrantov_13-120x120.jpg\" alt=\"20160312_sprejem_ministrantov_13\" width=\"120\" height=\"120\" \/><\/a> <a href=\"http:\/\/zupnija-lendava.si\/wp-content\/uploads\/2016\/03\/20160312_sprejem_ministrantov_14.jpg\" data-lbwps-width=\"1000\" data-lbwps-height=\"662\" data-lbwps-srcsmall=\"https:\/\/zupnija-lendava.si\/wp-content\/uploads\/2016\/03\/20160312_sprejem_ministrantov_14-300x199.jpg\"><img loading=\"lazy\" decoding=\"async\" class=\"img-galerija alignnone size-thumbnail wp-image-10894\" title=\"20160312_sprejem_ministrantov_14\" src=\"http:\/\/zupnija-lendava.si\/wp-content\/uploads\/2016\/03\/20160312_sprejem_ministrantov_14-120x120.jpg\" alt=\"20160312_sprejem_ministrantov_14\" width=\"120\" height=\"120\" \/><\/a> <a href=\"http:\/\/zupnija-lendava.si\/wp-content\/uploads\/2016\/03\/20160312_sprejem_ministrantov_15.jpg\" data-lbwps-width=\"1000\" data-lbwps-height=\"662\" data-lbwps-srcsmall=\"https:\/\/zupnija-lendava.si\/wp-content\/uploads\/2016\/03\/20160312_sprejem_ministrantov_15-300x199.jpg\"><img loading=\"lazy\" decoding=\"async\" class=\"img-galerija alignnone size-thumbnail wp-image-10895\" title=\"20160312_sprejem_ministrantov_15\" src=\"http:\/\/zupnija-lendava.si\/wp-content\/uploads\/2016\/03\/20160312_sprejem_ministrantov_15-120x120.jpg\" alt=\"20160312_sprejem_ministrantov_15\" width=\"120\" height=\"120\" \/><\/a> <a href=\"http:\/\/zupnija-lendava.si\/wp-content\/uploads\/2016\/03\/20160312_sprejem_ministrantov_16.jpg\" data-lbwps-width=\"1000\" data-lbwps-height=\"662\" data-lbwps-srcsmall=\"https:\/\/zupnija-lendava.si\/wp-content\/uploads\/2016\/03\/20160312_sprejem_ministrantov_16-300x199.jpg\"><img loading=\"lazy\" decoding=\"async\" class=\"img-galerija alignnone size-thumbnail wp-image-10896\" title=\"20160312_sprejem_ministrantov_16\" src=\"http:\/\/zupnija-lendava.si\/wp-content\/uploads\/2016\/03\/20160312_sprejem_ministrantov_16-120x120.jpg\" alt=\"20160312_sprejem_ministrantov_16\" width=\"120\" height=\"120\" \/><\/a> <a href=\"http:\/\/zupnija-lendava.si\/wp-content\/uploads\/2016\/03\/20160312_sprejem_ministrantov_17.jpg\" data-lbwps-width=\"1000\" data-lbwps-height=\"437\" data-lbwps-srcsmall=\"https:\/\/zupnija-lendava.si\/wp-content\/uploads\/2016\/03\/20160312_sprejem_ministrantov_17-300x131.jpg\"><img loading=\"lazy\" decoding=\"async\" class=\"img-galerija alignnone size-thumbnail wp-image-10897\" title=\"20160312_sprejem_ministrantov_17\" src=\"http:\/\/zupnija-lendava.si\/wp-content\/uploads\/2016\/03\/20160312_sprejem_ministrantov_17-120x120.jpg\" alt=\"20160312_sprejem_ministrantov_17\" width=\"120\" height=\"120\" \/><\/a> <a href=\"http:\/\/zupnija-lendava.si\/wp-content\/uploads\/2016\/03\/20160312_sprejem_ministrantov_18.jpg\" data-lbwps-width=\"1000\" data-lbwps-height=\"463\" data-lbwps-srcsmall=\"https:\/\/zupnija-lendava.si\/wp-content\/uploads\/2016\/03\/20160312_sprejem_ministrantov_18-300x139.jpg\"><img loading=\"lazy\" decoding=\"async\" class=\"img-galerija alignnone size-thumbnail wp-image-10898\" title=\"20160312_sprejem_ministrantov_18\" src=\"http:\/\/zupnija-lendava.si\/wp-content\/uploads\/2016\/03\/20160312_sprejem_ministrantov_18-120x120.jpg\" alt=\"20160312_sprejem_ministrantov_18\" width=\"120\" height=\"120\" \/><\/a> <a href=\"http:\/\/zupnija-lendava.si\/wp-content\/uploads\/2016\/03\/20160312_sprejem_ministrantov_19.jpg\" data-lbwps-width=\"1000\" data-lbwps-height=\"465\" data-lbwps-srcsmall=\"https:\/\/zupnija-lendava.si\/wp-content\/uploads\/2016\/03\/20160312_sprejem_ministrantov_19-300x140.jpg\"><img loading=\"lazy\" decoding=\"async\" class=\"img-galerija alignnone size-thumbnail wp-image-10899\" title=\"20160312_sprejem_ministrantov_19\" src=\"http:\/\/zupnija-lendava.si\/wp-content\/uploads\/2016\/03\/20160312_sprejem_ministrantov_19-120x120.jpg\" alt=\"20160312_sprejem_ministrantov_19\" width=\"120\" height=\"120\" \/><\/a> <a href=\"http:\/\/zupnija-lendava.si\/wp-content\/uploads\/2016\/03\/20160312_sprejem_ministrantov_20.jpg\" data-lbwps-width=\"1000\" data-lbwps-height=\"662\" data-lbwps-srcsmall=\"https:\/\/zupnija-lendava.si\/wp-content\/uploads\/2016\/03\/20160312_sprejem_ministrantov_20-300x199.jpg\"><img loading=\"lazy\" decoding=\"async\" class=\"img-galerija alignnone size-thumbnail wp-image-10900\" title=\"20160312_sprejem_ministrantov_20\" src=\"http:\/\/zupnija-lendava.si\/wp-content\/uploads\/2016\/03\/20160312_sprejem_ministrantov_20-120x120.jpg\" alt=\"20160312_sprejem_ministrantov_20\" width=\"120\" height=\"120\" \/><\/a> <a href=\"http:\/\/zupnija-lendava.si\/wp-content\/uploads\/2016\/03\/20160312_sprejem_ministrantov_21.jpg\" data-lbwps-width=\"1000\" data-lbwps-height=\"662\" data-lbwps-srcsmall=\"https:\/\/zupnija-lendava.si\/wp-content\/uploads\/2016\/03\/20160312_sprejem_ministrantov_21-300x199.jpg\"><img loading=\"lazy\" decoding=\"async\" class=\"img-galerija alignnone size-thumbnail wp-image-10901\" title=\"20160312_sprejem_ministrantov_21\" src=\"http:\/\/zupnija-lendava.si\/wp-content\/uploads\/2016\/03\/20160312_sprejem_ministrantov_21-120x120.jpg\" alt=\"20160312_sprejem_ministrantov_21\" width=\"120\" height=\"120\" \/><\/a> <a href=\"http:\/\/zupnija-lendava.si\/wp-content\/uploads\/2016\/03\/20160312_sprejem_ministrantov_22.jpg\" data-lbwps-width=\"1000\" data-lbwps-height=\"662\" data-lbwps-srcsmall=\"https:\/\/zupnija-lendava.si\/wp-content\/uploads\/2016\/03\/20160312_sprejem_ministrantov_22-300x199.jpg\"><img loading=\"lazy\" decoding=\"async\" class=\"img-galerija alignnone size-thumbnail wp-image-10902\" title=\"20160312_sprejem_ministrantov_22\" src=\"http:\/\/zupnija-lendava.si\/wp-content\/uploads\/2016\/03\/20160312_sprejem_ministrantov_22-120x120.jpg\" alt=\"20160312_sprejem_ministrantov_22\" width=\"120\" height=\"120\" \/><\/a> <a href=\"http:\/\/zupnija-lendava.si\/wp-content\/uploads\/2016\/03\/20160312_sprejem_ministrantov_23.jpg\" data-lbwps-width=\"1000\" data-lbwps-height=\"662\" data-lbwps-srcsmall=\"https:\/\/zupnija-lendava.si\/wp-content\/uploads\/2016\/03\/20160312_sprejem_ministrantov_23-300x199.jpg\"><img loading=\"lazy\" decoding=\"async\" class=\"img-galerija alignnone size-thumbnail wp-image-10903\" title=\"20160312_sprejem_ministrantov_23\" src=\"http:\/\/zupnija-lendava.si\/wp-content\/uploads\/2016\/03\/20160312_sprejem_ministrantov_23-120x120.jpg\" alt=\"20160312_sprejem_ministrantov_23\" width=\"120\" height=\"120\" \/><\/a> <a href=\"http:\/\/zupnija-lendava.si\/wp-content\/uploads\/2016\/03\/20160312_sprejem_ministrantov_24.jpg\" data-lbwps-width=\"1000\" data-lbwps-height=\"662\" data-lbwps-srcsmall=\"https:\/\/zupnija-lendava.si\/wp-content\/uploads\/2016\/03\/20160312_sprejem_ministrantov_24-300x199.jpg\"><img loading=\"lazy\" decoding=\"async\" class=\"img-galerija alignnone size-thumbnail wp-image-10904\" title=\"20160312_sprejem_ministrantov_24\" src=\"http:\/\/zupnija-lendava.si\/wp-content\/uploads\/2016\/03\/20160312_sprejem_ministrantov_24-120x120.jpg\" alt=\"20160312_sprejem_ministrantov_24\" width=\"120\" height=\"120\" \/><\/a> <a href=\"http:\/\/zupnija-lendava.si\/wp-content\/uploads\/2016\/03\/20160312_sprejem_ministrantov_25.jpg\" data-lbwps-width=\"1000\" data-lbwps-height=\"662\" data-lbwps-srcsmall=\"https:\/\/zupnija-lendava.si\/wp-content\/uploads\/2016\/03\/20160312_sprejem_ministrantov_25-300x199.jpg\"><img loading=\"lazy\" decoding=\"async\" class=\"img-galerija alignnone size-thumbnail wp-image-10905\" title=\"20160312_sprejem_ministrantov_25\" src=\"http:\/\/zupnija-lendava.si\/wp-content\/uploads\/2016\/03\/20160312_sprejem_ministrantov_25-120x120.jpg\" alt=\"20160312_sprejem_ministrantov_25\" width=\"120\" height=\"120\" \/><\/a> <a href=\"http:\/\/zupnija-lendava.si\/wp-content\/uploads\/2016\/03\/20160312_sprejem_ministrantov_26.jpg\" data-lbwps-width=\"1000\" data-lbwps-height=\"662\" data-lbwps-srcsmall=\"https:\/\/zupnija-lendava.si\/wp-content\/uploads\/2016\/03\/20160312_sprejem_ministrantov_26-300x199.jpg\"><img loading=\"lazy\" decoding=\"async\" class=\"img-galerija alignnone size-thumbnail wp-image-10906\" title=\"20160312_sprejem_ministrantov_26\" src=\"http:\/\/zupnija-lendava.si\/wp-content\/uploads\/2016\/03\/20160312_sprejem_ministrantov_26-120x120.jpg\" alt=\"20160312_sprejem_ministrantov_26\" width=\"120\" height=\"120\" \/><\/a> <a href=\"http:\/\/zupnija-lendava.si\/wp-content\/uploads\/2016\/03\/20160312_sprejem_ministrantov_27.jpg\" data-lbwps-width=\"1000\" data-lbwps-height=\"662\" data-lbwps-srcsmall=\"https:\/\/zupnija-lendava.si\/wp-content\/uploads\/2016\/03\/20160312_sprejem_ministrantov_27-300x199.jpg\"><img loading=\"lazy\" decoding=\"async\" class=\"img-galerija alignnone size-thumbnail wp-image-10907\" title=\"20160312_sprejem_ministrantov_27\" src=\"http:\/\/zupnija-lendava.si\/wp-content\/uploads\/2016\/03\/20160312_sprejem_ministrantov_27-120x120.jpg\" alt=\"20160312_sprejem_ministrantov_27\" width=\"120\" height=\"120\" \/><\/a> <a href=\"http:\/\/zupnija-lendava.si\/wp-content\/uploads\/2016\/03\/20160312_sprejem_ministrantov_28.jpg\" data-lbwps-width=\"1000\" data-lbwps-height=\"662\" data-lbwps-srcsmall=\"https:\/\/zupnija-lendava.si\/wp-content\/uploads\/2016\/03\/20160312_sprejem_ministrantov_28-300x199.jpg\"><img loading=\"lazy\" decoding=\"async\" class=\"img-galerija alignnone size-thumbnail wp-image-10908\" title=\"20160312_sprejem_ministrantov_28\" src=\"http:\/\/zupnija-lendava.si\/wp-content\/uploads\/2016\/03\/20160312_sprejem_ministrantov_28-120x120.jpg\" alt=\"20160312_sprejem_ministrantov_28\" width=\"120\" height=\"120\" \/><\/a> <a href=\"http:\/\/zupnija-lendava.si\/wp-content\/uploads\/2016\/03\/20160312_sprejem_ministrantov_29.jpg\" data-lbwps-width=\"1000\" data-lbwps-height=\"662\" data-lbwps-srcsmall=\"https:\/\/zupnija-lendava.si\/wp-content\/uploads\/2016\/03\/20160312_sprejem_ministrantov_29-300x199.jpg\"><img loading=\"lazy\" decoding=\"async\" class=\"img-galerija alignnone size-thumbnail wp-image-10909\" title=\"20160312_sprejem_ministrantov_29\" src=\"http:\/\/zupnija-lendava.si\/wp-content\/uploads\/2016\/03\/20160312_sprejem_ministrantov_29-120x120.jpg\" alt=\"20160312_sprejem_ministrantov_29\" width=\"120\" height=\"120\" \/><\/a> <a href=\"http:\/\/zupnija-lendava.si\/wp-content\/uploads\/2016\/03\/20160312_sprejem_ministrantov_30.jpg\" data-lbwps-width=\"1000\" data-lbwps-height=\"662\" data-lbwps-srcsmall=\"https:\/\/zupnija-lendava.si\/wp-content\/uploads\/2016\/03\/20160312_sprejem_ministrantov_30-300x199.jpg\"><img loading=\"lazy\" decoding=\"async\" class=\"img-galerija alignnone size-thumbnail wp-image-10910\" title=\"20160312_sprejem_ministrantov_30\" src=\"http:\/\/zupnija-lendava.si\/wp-content\/uploads\/2016\/03\/20160312_sprejem_ministrantov_30-120x120.jpg\" alt=\"20160312_sprejem_ministrantov_30\" width=\"120\" height=\"120\" \/><\/a> <a href=\"http:\/\/zupnija-lendava.si\/wp-content\/uploads\/2016\/03\/20160312_sprejem_ministrantov_31.jpg\" data-lbwps-width=\"1000\" data-lbwps-height=\"662\" data-lbwps-srcsmall=\"https:\/\/zupnija-lendava.si\/wp-content\/uploads\/2016\/03\/20160312_sprejem_ministrantov_31-300x199.jpg\"><img loading=\"lazy\" decoding=\"async\" class=\"img-galerija alignnone size-thumbnail wp-image-10911\" title=\"20160312_sprejem_ministrantov_31\" src=\"http:\/\/zupnija-lendava.si\/wp-content\/uploads\/2016\/03\/20160312_sprejem_ministrantov_31-120x120.jpg\" alt=\"20160312_sprejem_ministrantov_31\" width=\"120\" height=\"120\" \/><\/a> <a href=\"http:\/\/zupnija-lendava.si\/wp-content\/uploads\/2016\/03\/20160312_sprejem_ministrantov_32.jpg\" data-lbwps-width=\"1000\" data-lbwps-height=\"662\" data-lbwps-srcsmall=\"https:\/\/zupnija-lendava.si\/wp-content\/uploads\/2016\/03\/20160312_sprejem_ministrantov_32-300x199.jpg\"><img loading=\"lazy\" decoding=\"async\" class=\"img-galerija alignnone size-thumbnail wp-image-10912\" title=\"20160312_sprejem_ministrantov_32\" src=\"http:\/\/zupnija-lendava.si\/wp-content\/uploads\/2016\/03\/20160312_sprejem_ministrantov_32-120x120.jpg\" alt=\"20160312_sprejem_ministrantov_32\" width=\"120\" height=\"120\" \/><\/a> <a href=\"http:\/\/zupnija-lendava.si\/wp-content\/uploads\/2016\/03\/20160312_sprejem_ministrantov_33.jpg\" data-lbwps-width=\"1000\" data-lbwps-height=\"662\" data-lbwps-srcsmall=\"https:\/\/zupnija-lendava.si\/wp-content\/uploads\/2016\/03\/20160312_sprejem_ministrantov_33-300x199.jpg\"><img loading=\"lazy\" decoding=\"async\" class=\"img-galerija alignnone size-thumbnail wp-image-10913\" title=\"20160312_sprejem_ministrantov_33\" src=\"http:\/\/zupnija-lendava.si\/wp-content\/uploads\/2016\/03\/20160312_sprejem_ministrantov_33-120x120.jpg\" alt=\"20160312_sprejem_ministrantov_33\" width=\"120\" height=\"120\" \/><\/a> <a href=\"http:\/\/zupnija-lendava.si\/wp-content\/uploads\/2016\/03\/20160312_sprejem_ministrantov_34.jpg\" data-lbwps-width=\"1700\" data-lbwps-height=\"1126\" data-lbwps-srcsmall=\"https:\/\/zupnija-lendava.si\/wp-content\/uploads\/2016\/03\/20160312_sprejem_ministrantov_34-300x199.jpg\"><img loading=\"lazy\" decoding=\"async\" class=\"img-galerija alignnone size-thumbnail wp-image-10914\" title=\"20160312_sprejem_ministrantov_34\" src=\"http:\/\/zupnija-lendava.si\/wp-content\/uploads\/2016\/03\/20160312_sprejem_ministrantov_34-120x120.jpg\" alt=\"20160312_sprejem_ministrantov_34\" width=\"120\" height=\"120\" \/><\/a> <a href=\"http:\/\/zupnija-lendava.si\/wp-content\/uploads\/2016\/03\/20160312_sprejem_ministrantov_35.jpg\" data-lbwps-width=\"1700\" data-lbwps-height=\"1126\" data-lbwps-srcsmall=\"https:\/\/zupnija-lendava.si\/wp-content\/uploads\/2016\/03\/20160312_sprejem_ministrantov_35-300x199.jpg\"><img loading=\"lazy\" decoding=\"async\" class=\"img-galerija alignnone size-thumbnail wp-image-10915\" title=\"20160312_sprejem_ministrantov_35\" src=\"http:\/\/zupnija-lendava.si\/wp-content\/uploads\/2016\/03\/20160312_sprejem_ministrantov_35-120x120.jpg\" alt=\"20160312_sprejem_ministrantov_35\" width=\"120\" height=\"120\" \/><\/a> <a href=\"http:\/\/zupnija-lendava.si\/wp-content\/uploads\/2016\/03\/20160312_sprejem_ministrantov_36.jpg\" data-lbwps-width=\"1700\" data-lbwps-height=\"1126\" data-lbwps-srcsmall=\"https:\/\/zupnija-lendava.si\/wp-content\/uploads\/2016\/03\/20160312_sprejem_ministrantov_36-300x199.jpg\"><img loading=\"lazy\" decoding=\"async\" class=\"img-galerija alignnone size-thumbnail wp-image-10916\" title=\"20160312_sprejem_ministrantov_36\" src=\"http:\/\/zupnija-lendava.si\/wp-content\/uploads\/2016\/03\/20160312_sprejem_ministrantov_36-120x120.jpg\" alt=\"20160312_sprejem_ministrantov_36\" width=\"120\" height=\"120\" \/><\/a> <a href=\"http:\/\/zupnija-lendava.si\/wp-content\/uploads\/2016\/03\/20160312_sprejem_ministrantov_37.jpg\" data-lbwps-width=\"1700\" data-lbwps-height=\"1126\" data-lbwps-srcsmall=\"https:\/\/zupnija-lendava.si\/wp-content\/uploads\/2016\/03\/20160312_sprejem_ministrantov_37-300x199.jpg\"><img loading=\"lazy\" decoding=\"async\" class=\"img-galerija alignnone size-thumbnail wp-image-10917\" title=\"20160312_sprejem_ministrantov_37\" src=\"http:\/\/zupnija-lendava.si\/wp-content\/uploads\/2016\/03\/20160312_sprejem_ministrantov_37-120x120.jpg\" alt=\"20160312_sprejem_ministrantov_37\" width=\"120\" height=\"120\" \/><\/a> <a href=\"http:\/\/zupnija-lendava.si\/wp-content\/uploads\/2016\/03\/20160312_sprejem_ministrantov_38.jpg\" data-lbwps-width=\"1126\" data-lbwps-height=\"1700\" data-lbwps-srcsmall=\"https:\/\/zupnija-lendava.si\/wp-content\/uploads\/2016\/03\/20160312_sprejem_ministrantov_38-199x300.jpg\"><img loading=\"lazy\" decoding=\"async\" class=\"img-galerija alignnone size-thumbnail wp-image-10918\" title=\"20160312_sprejem_ministrantov_38\" src=\"http:\/\/zupnija-lendava.si\/wp-content\/uploads\/2016\/03\/20160312_sprejem_ministrantov_38-120x120.jpg\" alt=\"20160312_sprejem_ministrantov_38\" width=\"120\" height=\"120\" \/><\/a> <a href=\"http:\/\/zupnija-lendava.si\/wp-content\/uploads\/2016\/03\/20160312_sprejem_ministrantov_39.jpg\" data-lbwps-width=\"1126\" data-lbwps-height=\"1700\" data-lbwps-srcsmall=\"https:\/\/zupnija-lendava.si\/wp-content\/uploads\/2016\/03\/20160312_sprejem_ministrantov_39-199x300.jpg\"><img loading=\"lazy\" decoding=\"async\" class=\"img-galerija alignnone size-thumbnail wp-image-10919\" title=\"20160312_sprejem_ministrantov_39\" src=\"http:\/\/zupnija-lendava.si\/wp-content\/uploads\/2016\/03\/20160312_sprejem_ministrantov_39-120x120.jpg\" alt=\"20160312_sprejem_ministrantov_39\" width=\"120\" height=\"120\" \/><\/a><\/p>\n","protected":false},"excerpt":{"rendered":"<p>F\u00e9nyk\u00e9palbum c\u00edme: A minisztr\u00e1nsok avat\u00e1sa 2016-ban D\u00e1tum: 2016. m\u00e1rcius 12-\u00e9n A megny\u00edtott k\u00e9pek k\u00f6z\u00f6tt el\u0151re \u00e9s h\u00e1tra a billenty\u0171zettel is mozoghatunk (bal \u00e9s jobb oldali ny\u00edlak)<\/p>\n","protected":false},"author":3,"featured_media":0,"parent":0,"menu_order":0,"comment_status":"closed","ping_status":"closed","template":"","meta":{"footnotes":""},"class_list":["post-27611","page","type-page","status-publish","hentry"],"_links":{"self":[{"href":"https:\/\/zupnija-lendava.si\/hu\/wp-json\/wp\/v2\/pages\/27611","targetHints":{"allow":["GET"]}}],"collection":[{"href":"https:\/\/zupnija-lendava.si\/hu\/wp-json\/wp\/v2\/pages"}],"about":[{"href":"https:\/\/zupnija-lendava.si\/hu\/wp-json\/wp\/v2\/types\/page"}],"author":[{"embeddable":true,"href":"https:\/\/zupnija-lendava.si\/hu\/wp-json\/wp\/v2\/users\/3"}],"replies":[{"embeddable":true,"href":"https:\/\/zupnija-lendava.si\/hu\/wp-json\/wp\/v2\/comments?post=27611"}],"version-history":[{"count":0,"href":"https:\/\/zupnija-lendava.si\/hu\/wp-json\/wp\/v2\/pages\/27611\/revisions"}],"wp:attachment":[{"href":"https:\/\/zupnija-lendava.si\/hu\/wp-json\/wp\/v2\/media?parent=27611"}],"curies":[{"name":"wp","href":"https:\/\/api.w.org\/{rel}","templated":true}]}}