{"id":27573,"date":"2015-09-27T19:25:12","date_gmt":"2015-09-27T17:25:12","guid":{"rendered":"http:\/\/zupnija-lendava.si\/alexandriai-szent-katalin-plebaniatemplom\/"},"modified":"2021-09-11T09:48:00","modified_gmt":"2021-09-11T07:48:00","slug":"templomaink-alexandriai-szent-katalin-plebaniatemplom","status":"publish","type":"page","link":"https:\/\/zupnija-lendava.si\/hu\/templomaink-alexandriai-szent-katalin-plebaniatemplom\/","title":{"rendered":"TEMPLOMAINK: Alexandriai Szent Katalin pl\u00e9b\u00e1niatemplom"},"content":{"rendered":"<p><img loading=\"lazy\" decoding=\"async\" class=\"alignnone size-full wp-image-9873\" src=\"https:\/\/zupnija-lendava.si\/wp-content\/uploads\/2015\/09\/naslov_cerkev_lendava.jpg\" alt=\"naslov_cerkev_lendava\" width=\"710\" height=\"150\" \/><\/p>\n<div id=\"attachment_9879\" style=\"width: 210px\" class=\"wp-caption alignright\"><a href=\"https:\/\/zupnija-lendava.si\/wp-content\/uploads\/2015\/09\/cerkev_lendava_DSC_1777.jpg\" data-lbwps-width=\"798\" data-lbwps-height=\"1200\" data-lbwps-srcsmall=\"https:\/\/zupnija-lendava.si\/wp-content\/uploads\/2015\/09\/cerkev_lendava_DSC_1777-200x300.jpg\"><img loading=\"lazy\" decoding=\"async\" aria-describedby=\"caption-attachment-9879\" class=\"wp-image-29953\" src=\"https:\/\/zupnija-lendava.si\/wp-content\/uploads\/2015\/09\/cerkev_lendava_DSC_1777.jpg\" alt=\"cerkev_lendava_DSC_1777\" width=\"200\" height=\"301\" srcset=\"https:\/\/zupnija-lendava.si\/wp-content\/uploads\/2015\/09\/cerkev_lendava_DSC_1777.jpg 798w, https:\/\/zupnija-lendava.si\/wp-content\/uploads\/2015\/09\/cerkev_lendava_DSC_1777-200x300.jpg 200w, https:\/\/zupnija-lendava.si\/wp-content\/uploads\/2015\/09\/cerkev_lendava_DSC_1777-681x1024.jpg 681w, https:\/\/zupnija-lendava.si\/wp-content\/uploads\/2015\/09\/cerkev_lendava_DSC_1777-33x50.jpg 33w\" sizes=\"auto, (max-width: 200px) 100vw, 200px\" \/><\/a><p id=\"caption-attachment-9879\" class=\"wp-caption-text\">A templom-torony<\/p><\/div>\n<p style=\"text-align: left;\">Lendva v\u00e1ros lelki k\u00f6zpontj\u00e1t a Szent Katalin templom k\u00f6r\u00fcli t\u00e9r adja. Mintegy azt is mondhatn\u00e1nk, itt kezd dobogni a v\u00e1ros sz\u00edve. A lendvai pl\u00e9b\u00e1nia egyh\u00e1z-szervezetileg 1777-ig a z\u00e1gr\u00e1bi \u00e9rseks\u00e9ghez tartozott, majd ezt k\u00f6vet\u0151en a szombathelyi p\u00fcsp\u00f6ks\u00e9ghez. Az els\u0151 vil\u00e1gh\u00e1bor\u00fat k\u00f6vet\u0151en a maribori, illetve lavant-menti p\u00fcsp\u00f6ks\u00e9g r\u00e9sze lett, most pedig az \u00fajonnan alap\u00edtott muraszombati p\u00fcsp\u00f6ks\u00e9g\u00e9.<\/p>\n<p style=\"text-align: left;\">Lendva v\u00e1ros\u00e1nak els\u0151, a 12. sz\u00e1zad v\u00e9g\u00e9n \u00e9p\u00fclt templom\u00e1t a tat\u00e1rok puszt\u00edtott\u00e1k el. A 16. sz\u00e1zad elej\u00e9n pedig B\u00e1nnfy J\u00e1nos alap\u00edtott z\u00e1rd\u00e1t \u00e9s egy hozz\u00e1 tartoz\u00f3 templomot a v\u00e1ros \u00e9szaki hat\u00e1r\u00e1ban, amit a t\u00f6r\u00f6k\u00f6k d\u00f6nt\u00f6ttek romba. Ez egy minden bizonnyal igen d\u00edszes \u00e9s impoz\u00e1ns \u00e9p\u00fclet lehetett, mivel a budapesti Nemzeti Gal\u00e9ria is \u0151rzi n\u00e9gy domborm\u0171v\u00e9t.<\/p>\n<p style=\"text-align: left;\">A Szent Katalin templom el\u0151dje feltehet\u0151en az a templom volt, amelyet 1608-ban B\u00e1nffy Krist\u00f3f \u00e9p\u00edtetett t\u00f6r\u00f6k ellenes harcai eml\u00e9k\u00e9re. A B\u00e1nffy csal\u00e1d kihal\u00e1sa ut\u00e1n, a 17. sz\u00e1zad v\u00e9g\u00e9n Lendva a katolicizmus egyik f\u0151 t\u00e1mogat\u00f3j\u00e1nak sz\u00e1m\u00edt\u00f3 Esterh\u00e1zy-csal\u00e1d birtoka lett. \u0150k, mint kegyurak a mai templom hely\u00e9n el\u0151sz\u00f6r egy kisebbet h\u00faztak fel, majd 1749 \u00e9s 1751 k\u00f6z\u00f6tt a most l\u00e1that\u00f3t \u00e9p\u00edttett\u00e9k, P\u00e9ntek J\u00e1nos Ferenc pl\u00e9b\u00e1nos szolg\u00e1lata idej\u00e9n. Barokk homlokzat\u00e1t el\u0151reugr\u00f3 p\u00e1rk\u00e1nyokkal elv\u00e1lasztott h\u00e1romemeletes, kett\u0151s hagymakupol\u00e1val fedett torony uralja. Sz\u00e9p a bej\u00e1rat felett v\u00e9gigfut\u00f3 \u00edves p\u00e1rk\u00e1ny, amely egy lant alak\u00fa ablakot \u00f6lel k\u00f6rbe. V\u00e1rosunk kr\u00f3nik\u00e1s\u00e1nak, Dervarics K\u00e1lm\u00e1nnak a le\u00edr\u00e1sa szerint: \u201ea templombels\u0151 egy 19. sz\u00e1zadi pusztul\u00e1s ut\u00e1n olyan d\u00edszess\u00e9 t\u00e9tetett, hogy ak\u00e1r a f\u0151v\u00e1rosban is meg\u00e1lln\u00e1 a hely\u00e9t.\u201d<\/p>\n<div id=\"attachment_9875\" style=\"width: 210px\" class=\"wp-caption alignleft\"><a href=\"https:\/\/zupnija-lendava.si\/wp-content\/uploads\/2015\/09\/cerkev_lendava_DSC_1760-e1443376287799.jpg\" data-lbwps-width=\"504\" data-lbwps-height=\"498\" data-lbwps-srcsmall=\"https:\/\/zupnija-lendava.si\/wp-content\/uploads\/2015\/09\/cerkev_lendava_DSC_1760-e1443376287799-300x296.jpg\"><img loading=\"lazy\" decoding=\"async\" aria-describedby=\"caption-attachment-9875\" class=\"wp-image-29949\" src=\"https:\/\/zupnija-lendava.si\/wp-content\/uploads\/2015\/09\/cerkev_lendava_DSC_1760-e1443376287799.jpg\" alt=\"cerkev_lendava_DSC_1760\" width=\"200\" height=\"301\" \/><\/a><p id=\"caption-attachment-9875\" class=\"wp-caption-text\">Szent Istv\u00e1n-szobor<\/p><\/div>\n<p style=\"text-align: left;\">A n\u00e9gy szakaszos bels\u0151ben az egyes szakaszokat pillaszterek v\u00e1lasztj\u00e1k el egym\u00e1st\u00f3l. A negyedik boltmez\u0151 egy kereszthaj\u00f3 l\u00e1tszat\u00e1t keltve kisz\u00e9lesedik, a t\u00e9rb\u0151v\u00fcletekben pedig olt\u00e1rok \u00e1llnak. Olt\u00e1r\u00e9p\u00edtm\u00e9nye visszafogott, m\u00e9gis mag\u00e1val ragad\u00f3 barokk alkot\u00e1s. A d\u00edszes f\u0151olt\u00e1r k\u00e9pe Alexandriai Szent Katalint \u00e1br\u00e1zolja. A k\u00e9pet 1888-ban Felix Barazutti it\u00e1liai mester k\u00e9sz\u00edtette. K\u00e9t oldal\u00e1n pedig n\u00e9gy szent\u00e9let\u0171 p\u00fcsp\u00f6k illetve egyh\u00e1zatya, Szent \u00c1goston, Szent Ambrus, Nagy Szent Gergely \u00e9s Szent Orb\u00e1n \u00e9letnagys\u00e1g\u00fa szobra \u00e1ll. A n\u00e9gy barokk olt\u00e1r k\u00f6z\u00fcl a Szent Kereszt olt\u00e1r m\u0171v\u00e9szi \u00e9rt\u00e9ke miatt emelkedik ki. A Sz\u0171z M\u00e1ria olt\u00e1rt pedig az \u00c1rp\u00e1d-h\u00e1z szentkir\u00e1lyai, Istv\u00e1n \u00e9s L\u00e1szl\u00f3 szobrai d\u00edsz\u00edtik. A templombels\u0151t d\u00edsz\u00edt\u0151 barokk fresk\u00f3k sajnos elpusztultak. A szent\u00e9ly alatti kript\u00e1ban a v\u00e1ros kegyurai \u00e9s jeles egyh\u00e1zi szem\u00e9lyis\u00e9gei nyugszanak. Kiemelked\u0151en sz\u00e9p a koron\u00e1s barokk sz\u00f3sz\u00e9k.<\/p>\n<p style=\"text-align: left;\">A templom melletti kis ligetben szobrok sorakoznak egym\u00e1s mellett. Az els\u0151, magas talapzaton \u00e1ll\u00f3 barokk szobor Szent Fl\u00f3ri\u00e1nt, a t\u0171zolt\u00f3k v\u00e9d\u0151szentj\u00e9t \u00e1br\u00e1zolja, akihez t\u0171zv\u00e9sz, de asz\u00e1ly eset\u00e9n is foh\u00e1szkodtak. Mellette \u00c1rp\u00e1d-h\u00e1zi Szent Istv\u00e1n eg\u00e9sz alakos bronzszobra \u00e9s a szlov\u00e9nek nemr\u00e9giben boldogg\u00e1 avatott p\u00fcsp\u00f6ke, Slom\u0161ek eml\u00e9km\u0171ve \u00e1llnak.<\/p>\n<p style=\"text-align: right;\"><em>K\u00eds\u00e9r\u0151sz\u00f6veg: Kep\u00e9n\u00e9 dr. Bihar M\u00e1ria &#8211; dr. Lendvai Kepe Zolt\u00e1n<\/em><\/p>\n<p><iframe loading=\"lazy\" src=\"https:\/\/www.facebook.com\/plugins\/post.php?href=https%3A%2F%2Fwww.facebook.com%2FLendavaZupnija%2Fposts%2F329639711950763&amp;width=710&amp;show_text=true&amp;height=710&amp;appId\" width=\"710\" height=\"710\" frameborder=\"0\" scrolling=\"no\" allowfullscreen=\"allowfullscreen\"><span style=\"display: inline-block; width: 0px; overflow: hidden; line-height: 0;\" data-mce-type=\"bookmark\" class=\"mce_SELRES_start\">\ufeff<\/span><\/iframe><\/p>\n<p><a href=\"https:\/\/zupnija-lendava.si\/wp-content\/uploads\/2015\/09\/cerkev_lendava_0_Panorama3.jpg\" data-lbwps-width=\"1200\" data-lbwps-height=\"791\" data-lbwps-srcsmall=\"https:\/\/zupnija-lendava.si\/wp-content\/uploads\/2015\/09\/cerkev_lendava_0_Panorama3-300x198.jpg\"><img loading=\"lazy\" decoding=\"async\" class=\"aligncenter wp-image-29948\" src=\"https:\/\/zupnija-lendava.si\/wp-content\/uploads\/2015\/09\/cerkev_lendava_0_Panorama3.jpg\" alt=\"cerkev_lendava_0_Panorama3\" width=\"710\" height=\"468\" srcset=\"https:\/\/zupnija-lendava.si\/wp-content\/uploads\/2015\/09\/cerkev_lendava_0_Panorama3.jpg 1200w, https:\/\/zupnija-lendava.si\/wp-content\/uploads\/2015\/09\/cerkev_lendava_0_Panorama3-300x198.jpg 300w, https:\/\/zupnija-lendava.si\/wp-content\/uploads\/2015\/09\/cerkev_lendava_0_Panorama3-1024x675.jpg 1024w, https:\/\/zupnija-lendava.si\/wp-content\/uploads\/2015\/09\/cerkev_lendava_0_Panorama3-50x33.jpg 50w\" sizes=\"auto, (max-width: 710px) 100vw, 710px\" \/><\/a><\/p>\n<hr \/>\n<h2>FOT\u00d3GAL\u00c9RIA<\/h2>\n<p><a href=\"https:\/\/zupnija-lendava.si\/wp-content\/uploads\/2015\/09\/cerkev_lendava_DSC_1776.jpg\" data-lbwps-width=\"798\" data-lbwps-height=\"1200\" data-lbwps-srcsmall=\"https:\/\/zupnija-lendava.si\/wp-content\/uploads\/2015\/09\/cerkev_lendava_DSC_1776-200x300.jpg\"><img loading=\"lazy\" decoding=\"async\" class=\"img-galerija alignnone size-thumbnail wp-image-29952\" title=\"cerkev_lendava_DSC_1776\" src=\"https:\/\/zupnija-lendava.si\/wp-content\/uploads\/2015\/09\/cerkev_lendava_DSC_1776-120x120.jpg\" alt=\"cerkev_lendava_DSC_1776\" width=\"120\" height=\"120\" \/><\/a> <a href=\"https:\/\/zupnija-lendava.si\/wp-content\/uploads\/2015\/09\/cerkev_lendava_DSC_1778.jpg\" data-lbwps-width=\"798\" data-lbwps-height=\"1200\" data-lbwps-srcsmall=\"https:\/\/zupnija-lendava.si\/wp-content\/uploads\/2015\/09\/cerkev_lendava_DSC_1778-200x300.jpg\"><img loading=\"lazy\" decoding=\"async\" class=\"img-galerija alignnone size-thumbnail wp-image-29954\" title=\"cerkev_lendava_DSC_1778\" src=\"https:\/\/zupnija-lendava.si\/wp-content\/uploads\/2015\/09\/cerkev_lendava_DSC_1778-120x120.jpg\" alt=\"cerkev_lendava_DSC_1778\" width=\"120\" height=\"120\" \/><\/a> <a href=\"https:\/\/zupnija-lendava.si\/wp-content\/uploads\/2015\/09\/cerkev_lendava_DSC_1804.jpg\" data-lbwps-width=\"1200\" data-lbwps-height=\"798\" data-lbwps-srcsmall=\"https:\/\/zupnija-lendava.si\/wp-content\/uploads\/2015\/09\/cerkev_lendava_DSC_1804-300x200.jpg\"><img loading=\"lazy\" decoding=\"async\" class=\"img-galerija alignnone size-thumbnail wp-image-29955\" title=\"cerkev_lendava_DSC_1804\" src=\"https:\/\/zupnija-lendava.si\/wp-content\/uploads\/2015\/09\/cerkev_lendava_DSC_1804-120x120.jpg\" alt=\"cerkev_lendava_DSC_1804\" width=\"120\" height=\"120\" \/><\/a> <a href=\"https:\/\/zupnija-lendava.si\/wp-content\/uploads\/2015\/09\/cerkev_lendava_DSC_1821.jpg\" data-lbwps-width=\"798\" data-lbwps-height=\"1200\" data-lbwps-srcsmall=\"https:\/\/zupnija-lendava.si\/wp-content\/uploads\/2015\/09\/cerkev_lendava_DSC_1821-200x300.jpg\"><img loading=\"lazy\" decoding=\"async\" class=\"img-galerija alignnone size-thumbnail wp-image-29956\" title=\"cerkev_lendava_DSC_1821\" src=\"https:\/\/zupnija-lendava.si\/wp-content\/uploads\/2015\/09\/cerkev_lendava_DSC_1821-120x120.jpg\" alt=\"cerkev_lendava_DSC_1821\" width=\"120\" height=\"120\" \/><\/a> <a href=\"https:\/\/zupnija-lendava.si\/wp-content\/uploads\/2015\/09\/cerkev_lendava_DSC_1851.jpg\" data-lbwps-width=\"798\" data-lbwps-height=\"1200\" data-lbwps-srcsmall=\"https:\/\/zupnija-lendava.si\/wp-content\/uploads\/2015\/09\/cerkev_lendava_DSC_1851-200x300.jpg\"><img loading=\"lazy\" decoding=\"async\" class=\"img-galerija alignnone size-thumbnail wp-image-29957\" title=\"cerkev_lendava_DSC_1851\" src=\"https:\/\/zupnija-lendava.si\/wp-content\/uploads\/2015\/09\/cerkev_lendava_DSC_1851-120x120.jpg\" alt=\"cerkev_lendava_DSC_1851\" width=\"120\" height=\"120\" \/><\/a> <a href=\"https:\/\/zupnija-lendava.si\/wp-content\/uploads\/2015\/09\/cerkev_lendava_VEN_5565.jpg\" data-lbwps-width=\"1200\" data-lbwps-height=\"800\" data-lbwps-srcsmall=\"https:\/\/zupnija-lendava.si\/wp-content\/uploads\/2015\/09\/cerkev_lendava_VEN_5565-300x200.jpg\"><img loading=\"lazy\" decoding=\"async\" class=\"img-galerija alignnone size-thumbnail wp-image-29960\" title=\"cerkev_lendava_VEN_5565\" src=\"https:\/\/zupnija-lendava.si\/wp-content\/uploads\/2015\/09\/cerkev_lendava_VEN_5565-120x120.jpg\" alt=\"cerkev_lendava_VEN_5565\" width=\"120\" height=\"120\" \/><\/a> <a href=\"https:\/\/zupnija-lendava.si\/wp-content\/uploads\/2015\/09\/cerkev_lendava_VEN_5493.jpg\" data-lbwps-width=\"1200\" data-lbwps-height=\"800\" data-lbwps-srcsmall=\"https:\/\/zupnija-lendava.si\/wp-content\/uploads\/2015\/09\/cerkev_lendava_VEN_5493-300x200.jpg\"><img loading=\"lazy\" decoding=\"async\" class=\"img-galerija alignnone size-thumbnail wp-image-29958\" title=\"cerkev_lendava_VEN_5493\" src=\"https:\/\/zupnija-lendava.si\/wp-content\/uploads\/2015\/09\/cerkev_lendava_VEN_5493-120x120.jpg\" alt=\"cerkev_lendava_VEN_5493\" width=\"120\" height=\"120\" \/><\/a> <a href=\"https:\/\/zupnija-lendava.si\/wp-content\/uploads\/2015\/09\/cerkev_lendava_DSC_1763-e1443376160638.jpg\" data-lbwps-width=\"465\" data-lbwps-height=\"471\" data-lbwps-srcsmall=\"https:\/\/zupnija-lendava.si\/wp-content\/uploads\/2015\/09\/cerkev_lendava_DSC_1763-e1443376160638-296x300.jpg\"><img loading=\"lazy\" decoding=\"async\" class=\"img-galerija alignnone size-thumbnail wp-image-29950\" title=\"cerkev_lendava_DSC_1763\" src=\"https:\/\/zupnija-lendava.si\/wp-content\/uploads\/2015\/09\/cerkev_lendava_DSC_1763-e1443376160638-120x120.jpg\" alt=\"cerkev_lendava_DSC_1763\" width=\"120\" height=\"120\" srcset=\"https:\/\/zupnija-lendava.si\/wp-content\/uploads\/2015\/09\/cerkev_lendava_DSC_1763-e1443376160638-120x120.jpg 120w, https:\/\/zupnija-lendava.si\/wp-content\/uploads\/2015\/09\/cerkev_lendava_DSC_1763-e1443376160638-50x50.jpg 50w\" sizes=\"auto, (max-width: 120px) 100vw, 120px\" \/><\/a> <a href=\"https:\/\/zupnija-lendava.si\/wp-content\/uploads\/2015\/09\/cerkev_lendava_DSC_1767-e1443376102491.jpg\" data-lbwps-width=\"522\" data-lbwps-height=\"537\" data-lbwps-srcsmall=\"https:\/\/zupnija-lendava.si\/wp-content\/uploads\/2015\/09\/cerkev_lendava_DSC_1767-e1443376102491-292x300.jpg\"><img loading=\"lazy\" decoding=\"async\" class=\"img-galerija alignnone size-thumbnail wp-image-29951\" title=\"cerkev_lendava_DSC_1767\" src=\"https:\/\/zupnija-lendava.si\/wp-content\/uploads\/2015\/09\/cerkev_lendava_DSC_1767-e1443376102491-120x120.jpg\" alt=\"cerkev_lendava_DSC_1767\" width=\"120\" height=\"120\" srcset=\"https:\/\/zupnija-lendava.si\/wp-content\/uploads\/2015\/09\/cerkev_lendava_DSC_1767-e1443376102491-120x120.jpg 120w, https:\/\/zupnija-lendava.si\/wp-content\/uploads\/2015\/09\/cerkev_lendava_DSC_1767-e1443376102491-50x50.jpg 50w\" sizes=\"auto, (max-width: 120px) 100vw, 120px\" \/><\/a> <a href=\"https:\/\/zupnija-lendava.si\/wp-content\/uploads\/2015\/09\/cerkev_lendava_VEN_5509.jpg\" data-lbwps-width=\"1200\" data-lbwps-height=\"800\" data-lbwps-srcsmall=\"https:\/\/zupnija-lendava.si\/wp-content\/uploads\/2015\/09\/cerkev_lendava_VEN_5509-300x200.jpg\"><img loading=\"lazy\" decoding=\"async\" class=\"img-galerija alignnone size-thumbnail wp-image-29959\" title=\"cerkev_lendava_VEN_5509\" src=\"https:\/\/zupnija-lendava.si\/wp-content\/uploads\/2015\/09\/cerkev_lendava_VEN_5509-120x120.jpg\" alt=\"cerkev_lendava_VEN_5509\" width=\"120\" height=\"120\" \/><\/a><\/p>\n","protected":false},"excerpt":{"rendered":"<p>Lendva v\u00e1ros lelki k\u00f6zpontj\u00e1t a Szent Katalin templom k\u00f6r\u00fcli t\u00e9r adja. Mintegy azt is mondhatn\u00e1nk, itt kezd dobogni a v\u00e1ros sz\u00edve. A lendvai pl\u00e9b\u00e1nia egyh\u00e1z-szervezetileg 1777-ig a z\u00e1gr\u00e1bi \u00e9rseks\u00e9ghez tartozott, majd ezt k\u00f6vet\u0151en a szombathelyi p\u00fcsp\u00f6ks\u00e9ghez. Az els\u0151 vil\u00e1gh\u00e1bor\u00fat k\u00f6vet\u0151en &hellip; <a href=\"https:\/\/zupnija-lendava.si\/hu\/templomaink-alexandriai-szent-katalin-plebaniatemplom\/\"><span class=\"meta-nav\">Tov\u00e1bb \u2192<\/span><\/a><\/p>\n","protected":false},"author":3,"featured_media":0,"parent":0,"menu_order":0,"comment_status":"closed","ping_status":"closed","template":"","meta":{"footnotes":""},"class_list":["post-27573","page","type-page","status-publish","hentry"],"_links":{"self":[{"href":"https:\/\/zupnija-lendava.si\/hu\/wp-json\/wp\/v2\/pages\/27573","targetHints":{"allow":["GET"]}}],"collection":[{"href":"https:\/\/zupnija-lendava.si\/hu\/wp-json\/wp\/v2\/pages"}],"about":[{"href":"https:\/\/zupnija-lendava.si\/hu\/wp-json\/wp\/v2\/types\/page"}],"author":[{"embeddable":true,"href":"https:\/\/zupnija-lendava.si\/hu\/wp-json\/wp\/v2\/users\/3"}],"replies":[{"embeddable":true,"href":"https:\/\/zupnija-lendava.si\/hu\/wp-json\/wp\/v2\/comments?post=27573"}],"version-history":[{"count":0,"href":"https:\/\/zupnija-lendava.si\/hu\/wp-json\/wp\/v2\/pages\/27573\/revisions"}],"wp:attachment":[{"href":"https:\/\/zupnija-lendava.si\/hu\/wp-json\/wp\/v2\/media?parent=27573"}],"curies":[{"name":"wp","href":"https:\/\/api.w.org\/{rel}","templated":true}]}}