{"id":27571,"date":"2015-09-17T20:13:41","date_gmt":"2015-09-17T18:13:41","guid":{"rendered":"http:\/\/zupnija-lendava.si\/karmelhegyi-boldogasszony-templom-gyertyanos\/"},"modified":"2021-09-11T09:55:24","modified_gmt":"2021-09-11T07:55:24","slug":"templomaink-karmelhegyi-boldogasszony-templom-gyertyanos","status":"publish","type":"page","link":"https:\/\/zupnija-lendava.si\/hu\/templomaink-karmelhegyi-boldogasszony-templom-gyertyanos\/","title":{"rendered":"TEMPLOMAINK: K\u00e1rmelhegyi Boldogasszony-templom, Gyerty\u00e1nos"},"content":{"rendered":"<p><img loading=\"lazy\" decoding=\"async\" class=\"alignnone size-full wp-image-32870\" src=\"http:\/\/zupnija-lendava.si\/wp-content\/uploads\/2015\/09\/naslov_cerkev_gaberje.jpg\" alt=\"naslov_cerkev_gaberje\" width=\"710\" height=\"150\" srcset=\"https:\/\/zupnija-lendava.si\/wp-content\/uploads\/2015\/09\/naslov_cerkev_gaberje.jpg 710w, https:\/\/zupnija-lendava.si\/wp-content\/uploads\/2015\/09\/naslov_cerkev_gaberje-300x63.jpg 300w, https:\/\/zupnija-lendava.si\/wp-content\/uploads\/2015\/09\/naslov_cerkev_gaberje-50x11.jpg 50w\" sizes=\"auto, (max-width: 710px) 100vw, 710px\" \/><\/p>\n<p><strong><img loading=\"lazy\" decoding=\"async\" class=\"alignnone size-medium\" src=\"https:\/\/zupnija-lendava.si\/wp-content\/plugins\/sitepress-multilingual-cms\/res\/flags\/hu.png\" width=\"18\" height=\"12\" \/>\u00a0MAGYAR:<\/strong><\/p>\n<p><a href=\"https:\/\/zupnija-lendava.si\/wp-content\/uploads\/2015\/09\/cerkev_gaberje_01.jpg\" data-lbwps-width=\"456\" data-lbwps-height=\"664\" data-lbwps-srcsmall=\"https:\/\/zupnija-lendava.si\/wp-content\/uploads\/2015\/09\/cerkev_gaberje_01-206x300.jpg\"><img loading=\"lazy\" decoding=\"async\" class=\"alignright wp-image-32871\" src=\"https:\/\/zupnija-lendava.si\/wp-content\/uploads\/2015\/09\/cerkev_gaberje_01.jpg\" alt=\"cerkev_gaberje_01\" width=\"200\" height=\"291\" srcset=\"https:\/\/zupnija-lendava.si\/wp-content\/uploads\/2015\/09\/cerkev_gaberje_01.jpg 456w, https:\/\/zupnija-lendava.si\/wp-content\/uploads\/2015\/09\/cerkev_gaberje_01-206x300.jpg 206w, https:\/\/zupnija-lendava.si\/wp-content\/uploads\/2015\/09\/cerkev_gaberje_01-34x50.jpg 34w\" sizes=\"auto, (max-width: 200px) 100vw, 200px\" \/><\/a><strong>K\u00c1RMELHEGYI BOLDOGASSZONY-TEMPLOM GYERTY\u00c1NOSBAN<\/strong> (1995 \u2013 1997)<\/p>\n<p>A r\u00e9gi k\u00e1polna hely\u00e9n (1923) most templom \u00e1ll, amely a K\u00e1rmelhegyi Boldogasszonynak van szentelve, \u00e9s a lendvai pl\u00e9b\u00e1nia al\u00e1 tartozik.<\/p>\n<p>1995-ben kezdt\u00e9k el \u00e9p\u00edteni a templomot, 1997-ben fejezt\u00e9k be \u00e9s szentelt\u00e9k fel. A templom belseje sz\u00e9p \u00e9p\u00edt\u00e9szettel b\u00fcszk\u00e9lkedik, amely a dokle\u017eovjei Kova\u010d \u00e9p\u00edt\u00e9sz munk\u00e1ja. A templom belsej\u00e9t Hauko m\u0171v\u00e9szi munk\u00e1ja d\u00edsz\u00edti, amely K\u00e1rmelhegyi Boldogasszonyt \u2013 k\u00e9t angyallal \u2013 \u00e1br\u00e1zolja, skapul\u00e1r\u00e9val a kez\u00e9ben, \u00e9s a megv\u00e1lt\u00e1sra v\u00e1r\u00f3 lelkeket. A mozaik 12.000 darabb\u00f3l tev\u0151dik \u00f6ssze, \u00e9s k\u00fcl\u00f6nf\u00e9le f\u00e1b\u00f3l k\u00e9sz\u00fclt, amelyet m\u00e1s-m\u00e1s orsz\u00e1gb\u00f3l szerezt\u00fcnk be. A k\u00fcl\u00f6nb\u00f6z\u0151 \u00e1rnyalatokban felcsillan\u00f3 f\u00e9ny, a pasztell sz\u00ednek \u00e9s a dombornyomat j\u00e1t\u00e9koss\u00e1ga egy egyedi alkot\u00e1s benyom\u00e1s\u00e1t kelti. Atemplomot ezen k\u00edv\u00fcl nagyon sz\u00e9p f\u00e1b\u00f3l k\u00e9sz\u00fclt kereszt \u00e9s kereszt\u00fat d\u00edsz\u00edti, amelyet 2004-ben k\u00e9sz\u00edtettek. A keresztutat mozaik \u00e1br\u00e1zolja, amely a templom jobb \u00e9s bal oldal\u00e1n tal\u00e1lhat\u00f3.<\/p>\n<table style=\"width: 100%; background-color: #f6bd7f;\" border=\"0\">\n<tbody>\n<tr>\n<td style=\"text-align: center;\">Za ogled notranjosti cerkve lahko pokli\u010dete <br \/>\nna tel. \u0161t. <strong>070 777 069<\/strong> (Danica) ali <strong>031 320 287<\/strong> (Helena). <\/p>\n<p>Klju\u010di pa se lahko dobijo pri Hozjanovih, Glavna ulica 20, preko cerkve. <br \/>\n<em>Vabljeni k ogledu!<\/em><\/td>\n<\/tr>\n<\/tbody>\n<\/table>\n<hr \/>\n<p><strong><img loading=\"lazy\" decoding=\"async\" class=\"alignnone size-medium\" src=\"https:\/\/zupnija-lendava.si\/wp-content\/plugins\/sitepress-multilingual-cms\/res\/flags\/de.png\" width=\"18\" height=\"12\" \/>\u00a0DEUTSCH:<\/strong><\/p>\n<p><img loading=\"lazy\" decoding=\"async\" class=\"alignright wp-image-32872\" src=\"https:\/\/zupnija-lendava.si\/wp-content\/uploads\/2015\/09\/cerkev_gaberje_02_Panorama4.jpg\" alt=\"cerkev_gaberje_02_Panorama4\" width=\"150\" height=\"419\" srcset=\"https:\/\/zupnija-lendava.si\/wp-content\/uploads\/2015\/09\/cerkev_gaberje_02_Panorama4.jpg 358w, https:\/\/zupnija-lendava.si\/wp-content\/uploads\/2015\/09\/cerkev_gaberje_02_Panorama4-107x300.jpg 107w, https:\/\/zupnija-lendava.si\/wp-content\/uploads\/2015\/09\/cerkev_gaberje_02_Panorama4-18x50.jpg 18w\" sizes=\"auto, (max-width: 150px) 100vw, 150px\" \/><strong>\u00bbLIEBE FRAU VOM BERGE KARMEL\u00ab &#8211; KIRCHE IN GABERJE<\/strong> (1995\u20131997)<\/p>\n<p>Auf der Stelle der ehmaligen Kapelle, die 1923 gebaut wurde, steht heute die Kirche, die der \u00bbLiebe Frau vom Berge Karmel\u00ab gewidmet ist (Gedenktag am 16. Juli). Die Kirche geh\u00f6rt zur Pfarrei Lendava.<\/p>\n<p>Im Jahre 1995 fingen die Kirchenbauarbeiten an und wurden im Juli 1997 beendet, dann wurde die Kirche auch geweiht. Das Kircheninnere wird duch die sch\u00f6ne Architektur von Herrn Kova\u010d aus Dokle\u017eovje ausgezeichnet. Der Hauptaltar schm\u00fcckt das Kunstst\u00fcck von Herrn Hauko, die die \u00bbLiebe Frau vom Berge Karmel\u00ab darstellt, die in ihrer Hand das Skapulir h\u00e4lt, neben ihr stehen zwei Engel und die Seelen, die auf Erl\u00f6sung warten. Das Mosaik ist aus 12.000 St\u00fccken und aus verschiedenen L\u00e4ndern gelieferten unterschiedlichen Holzsorten zusammengestellt. Das Lichtspiel, die Pastelfarben und die Verspieltheit in Reliefen gibt den Eindruck eines einzigartigen Kunstst\u00fccks.<\/p>\n<p>Im Kircheninneren befindet sich auch ein Holzkreuz und das Kreuzweg-Mosaik auf der rechten und linken Seite der Kirche, das im Jahre 2004 angefertigt wurde.<\/p>\n<table style=\"width: 100%; background-color: #f6bd7f;\" border=\"0\">\n<tbody>\n<tr>\n<td style=\"text-align: center;\">F\u00fcr die Besichtigung der Kirche rufen Sie <br \/>\nDanica (Tel.: <strong>00386<\/strong> <strong>70 777 069<\/strong>) oder Helena (Tel.: <strong>00386 31 320 287<\/strong>) an.<\/p>\n<p>Die Kirchenschl\u00fcssel sind bei der Familie Hozjan (Glavna ulica 20) <br \/>\ngenen\u00fcber der Kirche erreichbar. <em>Herzlich willkommen!<\/em><\/td>\n<\/tr>\n<\/tbody>\n<\/table>\n<hr \/>\n<p><strong><img loading=\"lazy\" decoding=\"async\" class=\"alignnone size-medium\" src=\"https:\/\/zupnija-lendava.si\/wp-content\/plugins\/sitepress-multilingual-cms\/res\/flags\/en.png\" width=\"18\" height=\"12\" \/> ENGLISH:<\/strong><\/p>\n<p><strong>THE CHURCH OF OUR LADY OF MOUNT CARMEL IN GABERJE<\/strong> (1995 \u2013 1997) <\/p>\n<p>The church, dedicated to Our Lady of Mount Carmel, is situated at the site of the old chapel, built in 1923. Its name is celebrated on 16<sup>th<\/sup> July and it is a subsidiary of the parish church in Lendava.<\/p>\n<p>The construction of the church began in 1995 and it was completed and consecrated in July 1997. The interior of the church is known for its beautiful architecture, the work of a local architect from Dokle\u017eovje Mr Kova\u010d. The main altar is adorned with artwork of Mr Hauko, depicting Our Lady of Mount Carmel holding a scapular in her hand, flanked by two angels and souls awaiting salvation. The mosaic is composed of 12,000 pieces and of several types of wood that have been supplied from various countries of the world. The combination of light, pastel colors and relief playfulness gives the impression of a single artwork.<\/p>\n<p>Inside the church, there are a beautiful wooden cross and the Way of the Cross, which was constructed in 2004 and is installed on the left and right wall of the church in the form of a mosaic.<\/p>\n<table style=\"width: 100%; background-color: #f6bd7f;\" border=\"0\">\n<tbody>\n<tr>\n<td style=\"text-align: center;\">To see the inside of the church you can call <br \/>\nphone Nr <strong>00386<\/strong> <strong>70 777 069<\/strong> (Danica) or <strong>00386 31 320 287<\/strong> (Helena).<\/p>\n<p>The keys are at the home of Hozjan family, 20 Main Street (Glavna ulica 20), <br \/>\nacross the street from the church.<em> Welcome!<\/em><\/td>\n<\/tr>\n<\/tbody>\n<\/table>\n<hr \/>\n<h2>FOTOGALERIJA \/ FOTOGALERIE \/ PHOTO-GALLERY<\/h2>\n<p><a href=\"http:\/\/zupnija-lendava.si\/wp-content\/uploads\/2015\/09\/cerkev_gaberje_VEN_5231.jpg\" data-lbwps-width=\"1000\" data-lbwps-height=\"667\" data-lbwps-srcsmall=\"https:\/\/zupnija-lendava.si\/wp-content\/uploads\/2015\/09\/cerkev_gaberje_VEN_5231-300x200.jpg\"><img loading=\"lazy\" decoding=\"async\" class=\"img-galerija alignnone size-thumbnail wp-image-32873\" title=\"cerkev_gaberje_VEN_5231\" src=\"https:\/\/zupnija-lendava.si\/wp-content\/uploads\/2015\/09\/cerkev_gaberje_VEN_5231-120x120.jpg\" alt=\"cerkev_gaberje_VEN_5231\" width=\"120\" height=\"120\" \/><\/a> <a href=\"http:\/\/zupnija-lendava.si\/wp-content\/uploads\/2015\/09\/cerkev_gaberje_VEN_5239.jpg\" data-lbwps-width=\"1000\" data-lbwps-height=\"667\" data-lbwps-srcsmall=\"https:\/\/zupnija-lendava.si\/wp-content\/uploads\/2015\/09\/cerkev_gaberje_VEN_5239-300x200.jpg\"><img loading=\"lazy\" decoding=\"async\" class=\"img-galerija alignnone size-thumbnail wp-image-32874\" title=\"cerkev_gaberje_VEN_5239\" src=\"https:\/\/zupnija-lendava.si\/wp-content\/uploads\/2015\/09\/cerkev_gaberje_VEN_5239-120x120.jpg\" alt=\"cerkev_gaberje_VEN_5239\" width=\"120\" height=\"120\" \/><\/a> <a href=\"http:\/\/zupnija-lendava.si\/wp-content\/uploads\/2015\/09\/cerkev_gaberje_VEN_5241.jpg\" data-lbwps-width=\"772\" data-lbwps-height=\"1000\" data-lbwps-srcsmall=\"https:\/\/zupnija-lendava.si\/wp-content\/uploads\/2015\/09\/cerkev_gaberje_VEN_5241-232x300.jpg\"><img loading=\"lazy\" decoding=\"async\" class=\"img-galerija alignnone size-thumbnail wp-image-32875\" title=\"cerkev_gaberje_VEN_5241\" src=\"https:\/\/zupnija-lendava.si\/wp-content\/uploads\/2015\/09\/cerkev_gaberje_VEN_5241-120x120.jpg\" alt=\"cerkev_gaberje_VEN_5241\" width=\"120\" height=\"120\" \/><\/a> <a href=\"http:\/\/zupnija-lendava.si\/wp-content\/uploads\/2015\/09\/cerkev_gaberje_VEN_5248.jpg\" data-lbwps-width=\"667\" data-lbwps-height=\"1000\" data-lbwps-srcsmall=\"https:\/\/zupnija-lendava.si\/wp-content\/uploads\/2015\/09\/cerkev_gaberje_VEN_5248-200x300.jpg\"><img loading=\"lazy\" decoding=\"async\" class=\"img-galerija alignnone size-thumbnail wp-image-32876\" title=\"cerkev_gaberje_VEN_5248\" src=\"https:\/\/zupnija-lendava.si\/wp-content\/uploads\/2015\/09\/cerkev_gaberje_VEN_5248-120x120.jpg\" alt=\"cerkev_gaberje_VEN_5248\" width=\"120\" height=\"120\" \/><\/a> <a href=\"http:\/\/zupnija-lendava.si\/wp-content\/uploads\/2015\/09\/cerkev_gaberje_VEN_5255-1.jpg\" data-lbwps-width=\"1000\" data-lbwps-height=\"631\" data-lbwps-srcsmall=\"https:\/\/zupnija-lendava.si\/wp-content\/uploads\/2015\/09\/cerkev_gaberje_VEN_5255-1-300x189.jpg\"><img loading=\"lazy\" decoding=\"async\" class=\"img-galerija alignnone size-thumbnail wp-image-32877\" title=\"cerkev_gaberje_VEN_5255-1\" src=\"https:\/\/zupnija-lendava.si\/wp-content\/uploads\/2015\/09\/cerkev_gaberje_VEN_5255-1-120x120.jpg\" alt=\"cerkev_gaberje_VEN_5255-1\" width=\"120\" height=\"120\" \/><\/a><\/p>\n","protected":false},"excerpt":{"rendered":"<p>\u00a0MAGYAR: K\u00c1RMELHEGYI BOLDOGASSZONY-TEMPLOM GYERTY\u00c1NOSBAN (1995 \u2013 1997) A r\u00e9gi k\u00e1polna hely\u00e9n (1923) most templom \u00e1ll, amely a K\u00e1rmelhegyi Boldogasszonynak van szentelve, \u00e9s a lendvai pl\u00e9b\u00e1nia al\u00e1 tartozik. 1995-ben kezdt\u00e9k el \u00e9p\u00edteni a templomot, 1997-ben fejezt\u00e9k be \u00e9s szentelt\u00e9k fel. A &hellip; <a href=\"https:\/\/zupnija-lendava.si\/hu\/templomaink-karmelhegyi-boldogasszony-templom-gyertyanos\/\"><span class=\"meta-nav\">Tov\u00e1bb \u2192<\/span><\/a><\/p>\n","protected":false},"author":3,"featured_media":0,"parent":0,"menu_order":0,"comment_status":"closed","ping_status":"closed","template":"","meta":{"footnotes":""},"class_list":["post-27571","page","type-page","status-publish","hentry"],"_links":{"self":[{"href":"https:\/\/zupnija-lendava.si\/hu\/wp-json\/wp\/v2\/pages\/27571","targetHints":{"allow":["GET"]}}],"collection":[{"href":"https:\/\/zupnija-lendava.si\/hu\/wp-json\/wp\/v2\/pages"}],"about":[{"href":"https:\/\/zupnija-lendava.si\/hu\/wp-json\/wp\/v2\/types\/page"}],"author":[{"embeddable":true,"href":"https:\/\/zupnija-lendava.si\/hu\/wp-json\/wp\/v2\/users\/3"}],"replies":[{"embeddable":true,"href":"https:\/\/zupnija-lendava.si\/hu\/wp-json\/wp\/v2\/comments?post=27571"}],"version-history":[{"count":0,"href":"https:\/\/zupnija-lendava.si\/hu\/wp-json\/wp\/v2\/pages\/27571\/revisions"}],"wp:attachment":[{"href":"https:\/\/zupnija-lendava.si\/hu\/wp-json\/wp\/v2\/media?parent=27571"}],"curies":[{"name":"wp","href":"https:\/\/api.w.org\/{rel}","templated":true}]}}