{"id":27509,"date":"2015-01-04T18:39:22","date_gmt":"2015-01-04T17:39:22","guid":{"rendered":"http:\/\/zupnija-lendava.si\/fotogaleria-gyerekek-karacsonyi-szentmiseje-2014\/"},"modified":"2015-01-04T18:39:22","modified_gmt":"2015-01-04T17:39:22","slug":"fotogaleria-gyerekek-karacsonyi-szentmiseje-2014","status":"publish","type":"page","link":"https:\/\/zupnija-lendava.si\/hu\/fotogaleria-gyerekek-karacsonyi-szentmiseje-2014\/","title":{"rendered":"FOTOGAL\u00c9RIA: Gyerekek kar\u00e1csonyi szentmis\u00e9je 2014"},"content":{"rendered":"<p>F\u00e9nyk\u00e9palbum c\u00edme: <strong>Kar\u00e1csonyi mise gyermekeknek 2014<\/strong><br \/> D\u00e1tum: <strong>2014. december 24.<\/strong><\/p>\n<div id=\"tabela2\">\n<table style=\"width: 98%; background-color: #f7d9b7;\" border=\"0\">\n<tbody>\n<tr>\n<td style=\"text-align: center;\"><span style=\"font-family: verdana,geneva; font-size: 11px;\">A megny\u00edtott k\u00e9pek k\u00f6z\u00f6tt el\u0151re \u00e9s h\u00e1tra a <strong>billenty\u0171zettel is mozoghatunk<\/strong> (bal \u00e9s jobb oldali ny\u00edlak)<\/span><\/td>\n<\/tr>\n<\/tbody>\n<\/table>\n<\/div>\n<p><a href=\"http:\/\/zupnija-lendava.si\/wp-content\/uploads\/2015\/01\/20141224_bozic_otrok_00001.jpg\" data-lbwps-width=\"900\" data-lbwps-height=\"598\" data-lbwps-srcsmall=\"https:\/\/zupnija-lendava.si\/wp-content\/uploads\/2015\/01\/20141224_bozic_otrok_00001-300x199.jpg\"><img loading=\"lazy\" decoding=\"async\" class=\"img-galerija alignnone size-thumbnail wp-image-7403\" title=\"20141224_bozic_otrok_00001\" src=\"http:\/\/zupnija-lendava.si\/wp-content\/uploads\/2015\/01\/20141224_bozic_otrok_00001-120x120.jpg\" alt=\"20141224_bozic_otrok_00001\" width=\"120\" height=\"120\" \/><\/a> <a href=\"http:\/\/zupnija-lendava.si\/wp-content\/uploads\/2015\/01\/20141224_bozic_otrok_00002.jpg\" data-lbwps-width=\"900\" data-lbwps-height=\"598\" data-lbwps-srcsmall=\"https:\/\/zupnija-lendava.si\/wp-content\/uploads\/2015\/01\/20141224_bozic_otrok_00002-300x199.jpg\"><img loading=\"lazy\" decoding=\"async\" class=\"img-galerija alignnone size-thumbnail wp-image-7404\" title=\"20141224_bozic_otrok_00002\" src=\"http:\/\/zupnija-lendava.si\/wp-content\/uploads\/2015\/01\/20141224_bozic_otrok_00002-120x120.jpg\" alt=\"20141224_bozic_otrok_00002\" width=\"120\" height=\"120\" \/><\/a> <a href=\"http:\/\/zupnija-lendava.si\/wp-content\/uploads\/2015\/01\/20141224_bozic_otrok_00003.jpg\" data-lbwps-width=\"900\" data-lbwps-height=\"598\" data-lbwps-srcsmall=\"https:\/\/zupnija-lendava.si\/wp-content\/uploads\/2015\/01\/20141224_bozic_otrok_00003-300x199.jpg\"><img loading=\"lazy\" decoding=\"async\" class=\"img-galerija alignnone size-thumbnail wp-image-7405\" title=\"20141224_bozic_otrok_00003\" src=\"http:\/\/zupnija-lendava.si\/wp-content\/uploads\/2015\/01\/20141224_bozic_otrok_00003-120x120.jpg\" alt=\"20141224_bozic_otrok_00003\" width=\"120\" height=\"120\" \/><\/a> <a href=\"http:\/\/zupnija-lendava.si\/wp-content\/uploads\/2015\/01\/20141224_bozic_otrok_00004.jpg\" data-lbwps-width=\"900\" data-lbwps-height=\"598\" data-lbwps-srcsmall=\"https:\/\/zupnija-lendava.si\/wp-content\/uploads\/2015\/01\/20141224_bozic_otrok_00004-300x199.jpg\"><img loading=\"lazy\" decoding=\"async\" class=\"img-galerija alignnone size-thumbnail wp-image-7406\" title=\"20141224_bozic_otrok_00004\" src=\"http:\/\/zupnija-lendava.si\/wp-content\/uploads\/2015\/01\/20141224_bozic_otrok_00004-120x120.jpg\" alt=\"20141224_bozic_otrok_00004\" width=\"120\" height=\"120\" \/><\/a> <a href=\"http:\/\/zupnija-lendava.si\/wp-content\/uploads\/2015\/01\/20141224_bozic_otrok_00005.jpg\" data-lbwps-width=\"900\" data-lbwps-height=\"598\" data-lbwps-srcsmall=\"https:\/\/zupnija-lendava.si\/wp-content\/uploads\/2015\/01\/20141224_bozic_otrok_00005-300x199.jpg\"><img loading=\"lazy\" decoding=\"async\" class=\"img-galerija alignnone size-thumbnail wp-image-7407\" title=\"20141224_bozic_otrok_00005\" src=\"http:\/\/zupnija-lendava.si\/wp-content\/uploads\/2015\/01\/20141224_bozic_otrok_00005-120x120.jpg\" alt=\"20141224_bozic_otrok_00005\" width=\"120\" height=\"120\" \/><\/a> <a href=\"http:\/\/zupnija-lendava.si\/wp-content\/uploads\/2015\/01\/20141224_bozic_otrok_00006.jpg\" data-lbwps-width=\"900\" data-lbwps-height=\"598\" data-lbwps-srcsmall=\"https:\/\/zupnija-lendava.si\/wp-content\/uploads\/2015\/01\/20141224_bozic_otrok_00006-300x199.jpg\"><img loading=\"lazy\" decoding=\"async\" class=\"img-galerija alignnone size-thumbnail wp-image-7408\" title=\"20141224_bozic_otrok_00006\" src=\"http:\/\/zupnija-lendava.si\/wp-content\/uploads\/2015\/01\/20141224_bozic_otrok_00006-120x120.jpg\" alt=\"20141224_bozic_otrok_00006\" width=\"120\" height=\"120\" \/><\/a> <a href=\"http:\/\/zupnija-lendava.si\/wp-content\/uploads\/2015\/01\/20141224_bozic_otrok_00007.jpg\" data-lbwps-width=\"900\" data-lbwps-height=\"598\" data-lbwps-srcsmall=\"https:\/\/zupnija-lendava.si\/wp-content\/uploads\/2015\/01\/20141224_bozic_otrok_00007-300x199.jpg\"><img loading=\"lazy\" decoding=\"async\" class=\"img-galerija alignnone size-thumbnail wp-image-7409\" title=\"20141224_bozic_otrok_00007\" src=\"http:\/\/zupnija-lendava.si\/wp-content\/uploads\/2015\/01\/20141224_bozic_otrok_00007-120x120.jpg\" alt=\"20141224_bozic_otrok_00007\" width=\"120\" height=\"120\" \/><\/a> <a href=\"http:\/\/zupnija-lendava.si\/wp-content\/uploads\/2015\/01\/20141224_bozic_otrok_00008.jpg\" data-lbwps-width=\"900\" data-lbwps-height=\"598\" data-lbwps-srcsmall=\"https:\/\/zupnija-lendava.si\/wp-content\/uploads\/2015\/01\/20141224_bozic_otrok_00008-300x199.jpg\"><img loading=\"lazy\" decoding=\"async\" class=\"img-galerija alignnone size-thumbnail wp-image-7410\" title=\"20141224_bozic_otrok_00008\" src=\"http:\/\/zupnija-lendava.si\/wp-content\/uploads\/2015\/01\/20141224_bozic_otrok_00008-120x120.jpg\" alt=\"20141224_bozic_otrok_00008\" width=\"120\" height=\"120\" \/><\/a> <a href=\"http:\/\/zupnija-lendava.si\/wp-content\/uploads\/2015\/01\/20141224_bozic_otrok_00009.jpg\" data-lbwps-width=\"900\" data-lbwps-height=\"598\" data-lbwps-srcsmall=\"https:\/\/zupnija-lendava.si\/wp-content\/uploads\/2015\/01\/20141224_bozic_otrok_00009-300x199.jpg\"><img loading=\"lazy\" decoding=\"async\" class=\"img-galerija alignnone size-thumbnail wp-image-7411\" title=\"20141224_bozic_otrok_00009\" src=\"http:\/\/zupnija-lendava.si\/wp-content\/uploads\/2015\/01\/20141224_bozic_otrok_00009-120x120.jpg\" alt=\"20141224_bozic_otrok_00009\" width=\"120\" height=\"120\" \/><\/a> <a href=\"http:\/\/zupnija-lendava.si\/wp-content\/uploads\/2015\/01\/20141224_bozic_otrok_00010.jpg\" data-lbwps-width=\"900\" data-lbwps-height=\"598\" data-lbwps-srcsmall=\"https:\/\/zupnija-lendava.si\/wp-content\/uploads\/2015\/01\/20141224_bozic_otrok_00010-300x199.jpg\"><img loading=\"lazy\" decoding=\"async\" class=\"img-galerija alignnone size-thumbnail wp-image-7412\" title=\"20141224_bozic_otrok_00010\" src=\"http:\/\/zupnija-lendava.si\/wp-content\/uploads\/2015\/01\/20141224_bozic_otrok_00010-120x120.jpg\" alt=\"20141224_bozic_otrok_00010\" width=\"120\" height=\"120\" \/><\/a> <a href=\"http:\/\/zupnija-lendava.si\/wp-content\/uploads\/2015\/01\/20141224_bozic_otrok_00011.jpg\" data-lbwps-width=\"900\" data-lbwps-height=\"598\" data-lbwps-srcsmall=\"https:\/\/zupnija-lendava.si\/wp-content\/uploads\/2015\/01\/20141224_bozic_otrok_00011-300x199.jpg\"><img loading=\"lazy\" decoding=\"async\" class=\"img-galerija alignnone size-thumbnail wp-image-7413\" title=\"20141224_bozic_otrok_00011\" src=\"http:\/\/zupnija-lendava.si\/wp-content\/uploads\/2015\/01\/20141224_bozic_otrok_00011-120x120.jpg\" alt=\"20141224_bozic_otrok_00011\" width=\"120\" height=\"120\" \/><\/a> <a href=\"http:\/\/zupnija-lendava.si\/wp-content\/uploads\/2015\/01\/20141224_bozic_otrok_00012.jpg\" data-lbwps-width=\"900\" data-lbwps-height=\"305\" data-lbwps-srcsmall=\"https:\/\/zupnija-lendava.si\/wp-content\/uploads\/2015\/01\/20141224_bozic_otrok_00012-300x102.jpg\"><img loading=\"lazy\" decoding=\"async\" class=\"img-galerija alignnone size-thumbnail wp-image-7414\" title=\"20141224_bozic_otrok_00012\" src=\"http:\/\/zupnija-lendava.si\/wp-content\/uploads\/2015\/01\/20141224_bozic_otrok_00012-120x120.jpg\" alt=\"20141224_bozic_otrok_00012\" width=\"120\" height=\"120\" \/><\/a> <a href=\"http:\/\/zupnija-lendava.si\/wp-content\/uploads\/2015\/01\/20141224_bozic_otrok_00013.jpg\" data-lbwps-width=\"900\" data-lbwps-height=\"598\" data-lbwps-srcsmall=\"https:\/\/zupnija-lendava.si\/wp-content\/uploads\/2015\/01\/20141224_bozic_otrok_00013-300x199.jpg\"><img loading=\"lazy\" decoding=\"async\" class=\"img-galerija alignnone size-thumbnail wp-image-7415\" title=\"20141224_bozic_otrok_00013\" src=\"http:\/\/zupnija-lendava.si\/wp-content\/uploads\/2015\/01\/20141224_bozic_otrok_00013-120x120.jpg\" alt=\"20141224_bozic_otrok_00013\" width=\"120\" height=\"120\" \/><\/a> <a href=\"http:\/\/zupnija-lendava.si\/wp-content\/uploads\/2015\/01\/20141224_bozic_otrok_00014.jpg\" data-lbwps-width=\"900\" data-lbwps-height=\"598\" data-lbwps-srcsmall=\"https:\/\/zupnija-lendava.si\/wp-content\/uploads\/2015\/01\/20141224_bozic_otrok_00014-300x199.jpg\"><img loading=\"lazy\" decoding=\"async\" class=\"img-galerija alignnone size-thumbnail wp-image-7416\" title=\"20141224_bozic_otrok_00014\" src=\"http:\/\/zupnija-lendava.si\/wp-content\/uploads\/2015\/01\/20141224_bozic_otrok_00014-120x120.jpg\" alt=\"20141224_bozic_otrok_00014\" width=\"120\" height=\"120\" \/><\/a> <a href=\"http:\/\/zupnija-lendava.si\/wp-content\/uploads\/2015\/01\/20141224_bozic_otrok_00015.jpg\" data-lbwps-width=\"900\" data-lbwps-height=\"598\" data-lbwps-srcsmall=\"https:\/\/zupnija-lendava.si\/wp-content\/uploads\/2015\/01\/20141224_bozic_otrok_00015-300x199.jpg\"><img loading=\"lazy\" decoding=\"async\" class=\"img-galerija alignnone size-thumbnail wp-image-7417\" title=\"20141224_bozic_otrok_00015\" src=\"http:\/\/zupnija-lendava.si\/wp-content\/uploads\/2015\/01\/20141224_bozic_otrok_00015-120x120.jpg\" alt=\"20141224_bozic_otrok_00015\" width=\"120\" height=\"120\" \/><\/a> <a href=\"http:\/\/zupnija-lendava.si\/wp-content\/uploads\/2015\/01\/20141224_bozic_otrok_00016.jpg\" data-lbwps-width=\"900\" data-lbwps-height=\"598\" data-lbwps-srcsmall=\"https:\/\/zupnija-lendava.si\/wp-content\/uploads\/2015\/01\/20141224_bozic_otrok_00016-300x199.jpg\"><img loading=\"lazy\" decoding=\"async\" class=\"img-galerija alignnone size-thumbnail wp-image-7418\" title=\"20141224_bozic_otrok_00016\" src=\"http:\/\/zupnija-lendava.si\/wp-content\/uploads\/2015\/01\/20141224_bozic_otrok_00016-120x120.jpg\" alt=\"20141224_bozic_otrok_00016\" width=\"120\" height=\"120\" \/><\/a> <a href=\"http:\/\/zupnija-lendava.si\/wp-content\/uploads\/2015\/01\/20141224_bozic_otrok_00017.jpg\" data-lbwps-width=\"900\" data-lbwps-height=\"598\" data-lbwps-srcsmall=\"https:\/\/zupnija-lendava.si\/wp-content\/uploads\/2015\/01\/20141224_bozic_otrok_00017-300x199.jpg\"><img loading=\"lazy\" decoding=\"async\" class=\"img-galerija alignnone size-thumbnail wp-image-7419\" title=\"20141224_bozic_otrok_00017\" src=\"http:\/\/zupnija-lendava.si\/wp-content\/uploads\/2015\/01\/20141224_bozic_otrok_00017-120x120.jpg\" alt=\"20141224_bozic_otrok_00017\" width=\"120\" height=\"120\" \/><\/a> <a href=\"http:\/\/zupnija-lendava.si\/wp-content\/uploads\/2015\/01\/20141224_bozic_otrok_00018.jpg\" data-lbwps-width=\"900\" data-lbwps-height=\"598\" data-lbwps-srcsmall=\"https:\/\/zupnija-lendava.si\/wp-content\/uploads\/2015\/01\/20141224_bozic_otrok_00018-300x199.jpg\"><img loading=\"lazy\" decoding=\"async\" class=\"img-galerija alignnone size-thumbnail wp-image-7420\" title=\"20141224_bozic_otrok_00018\" src=\"http:\/\/zupnija-lendava.si\/wp-content\/uploads\/2015\/01\/20141224_bozic_otrok_00018-120x120.jpg\" alt=\"20141224_bozic_otrok_00018\" width=\"120\" height=\"120\" \/><\/a> <a href=\"http:\/\/zupnija-lendava.si\/wp-content\/uploads\/2015\/01\/20141224_bozic_otrok_00019.jpg\" data-lbwps-width=\"900\" data-lbwps-height=\"394\" data-lbwps-srcsmall=\"https:\/\/zupnija-lendava.si\/wp-content\/uploads\/2015\/01\/20141224_bozic_otrok_00019-300x131.jpg\"><img loading=\"lazy\" decoding=\"async\" class=\"img-galerija alignnone size-thumbnail wp-image-7421\" title=\"20141224_bozic_otrok_00019\" src=\"http:\/\/zupnija-lendava.si\/wp-content\/uploads\/2015\/01\/20141224_bozic_otrok_00019-120x120.jpg\" alt=\"20141224_bozic_otrok_00019\" width=\"120\" height=\"120\" \/><\/a> <a href=\"http:\/\/zupnija-lendava.si\/wp-content\/uploads\/2015\/01\/20141224_bozic_otrok_00020.jpg\" data-lbwps-width=\"900\" data-lbwps-height=\"598\" data-lbwps-srcsmall=\"https:\/\/zupnija-lendava.si\/wp-content\/uploads\/2015\/01\/20141224_bozic_otrok_00020-300x199.jpg\"><img loading=\"lazy\" decoding=\"async\" class=\"img-galerija alignnone size-thumbnail wp-image-7422\" title=\"20141224_bozic_otrok_00020\" src=\"http:\/\/zupnija-lendava.si\/wp-content\/uploads\/2015\/01\/20141224_bozic_otrok_00020-120x120.jpg\" alt=\"20141224_bozic_otrok_00020\" width=\"120\" height=\"120\" \/><\/a> <a href=\"http:\/\/zupnija-lendava.si\/wp-content\/uploads\/2015\/01\/20141224_bozic_otrok_00021.jpg\" data-lbwps-width=\"900\" data-lbwps-height=\"598\" data-lbwps-srcsmall=\"https:\/\/zupnija-lendava.si\/wp-content\/uploads\/2015\/01\/20141224_bozic_otrok_00021-300x199.jpg\"><img loading=\"lazy\" decoding=\"async\" class=\"img-galerija alignnone size-thumbnail wp-image-7423\" title=\"20141224_bozic_otrok_00021\" src=\"http:\/\/zupnija-lendava.si\/wp-content\/uploads\/2015\/01\/20141224_bozic_otrok_00021-120x120.jpg\" alt=\"20141224_bozic_otrok_00021\" width=\"120\" height=\"120\" \/><\/a> <a href=\"http:\/\/zupnija-lendava.si\/wp-content\/uploads\/2015\/01\/20141224_bozic_otrok_00022.jpg\" data-lbwps-width=\"900\" data-lbwps-height=\"598\" data-lbwps-srcsmall=\"https:\/\/zupnija-lendava.si\/wp-content\/uploads\/2015\/01\/20141224_bozic_otrok_00022-300x199.jpg\"><img loading=\"lazy\" decoding=\"async\" class=\"img-galerija alignnone size-thumbnail wp-image-7424\" title=\"20141224_bozic_otrok_00022\" src=\"http:\/\/zupnija-lendava.si\/wp-content\/uploads\/2015\/01\/20141224_bozic_otrok_00022-120x120.jpg\" alt=\"20141224_bozic_otrok_00022\" width=\"120\" height=\"120\" \/><\/a><\/p>\n","protected":false},"excerpt":{"rendered":"<p>F\u00e9nyk\u00e9palbum c\u00edme: Kar\u00e1csonyi mise gyermekeknek 2014 D\u00e1tum: 2014. december 24. A megny\u00edtott k\u00e9pek k\u00f6z\u00f6tt el\u0151re \u00e9s h\u00e1tra a billenty\u0171zettel is mozoghatunk (bal \u00e9s jobb oldali ny\u00edlak)<\/p>\n","protected":false},"author":3,"featured_media":0,"parent":0,"menu_order":0,"comment_status":"closed","ping_status":"closed","template":"","meta":{"footnotes":""},"class_list":["post-27509","page","type-page","status-publish","hentry"],"_links":{"self":[{"href":"https:\/\/zupnija-lendava.si\/hu\/wp-json\/wp\/v2\/pages\/27509","targetHints":{"allow":["GET"]}}],"collection":[{"href":"https:\/\/zupnija-lendava.si\/hu\/wp-json\/wp\/v2\/pages"}],"about":[{"href":"https:\/\/zupnija-lendava.si\/hu\/wp-json\/wp\/v2\/types\/page"}],"author":[{"embeddable":true,"href":"https:\/\/zupnija-lendava.si\/hu\/wp-json\/wp\/v2\/users\/3"}],"replies":[{"embeddable":true,"href":"https:\/\/zupnija-lendava.si\/hu\/wp-json\/wp\/v2\/comments?post=27509"}],"version-history":[{"count":0,"href":"https:\/\/zupnija-lendava.si\/hu\/wp-json\/wp\/v2\/pages\/27509\/revisions"}],"wp:attachment":[{"href":"https:\/\/zupnija-lendava.si\/hu\/wp-json\/wp\/v2\/media?parent=27509"}],"curies":[{"name":"wp","href":"https:\/\/api.w.org\/{rel}","templated":true}]}}