{"id":27457,"date":"2014-01-15T18:55:07","date_gmt":"2014-01-15T17:55:07","guid":{"rendered":"http:\/\/zupnija-lendava.si\/unnepi-ejfeli-mise-gyerekeknek-2013\/"},"modified":"2014-01-15T18:55:07","modified_gmt":"2014-01-15T17:55:07","slug":"unnepi-ejfeli-mise-gyerekeknek-2013","status":"publish","type":"page","link":"https:\/\/zupnija-lendava.si\/hu\/unnepi-ejfeli-mise-gyerekeknek-2013\/","title":{"rendered":"\u00dcnnepi \u00e9jf\u00e9li mise gyerekeknek 2013"},"content":{"rendered":"<p>F\u00e9nyk\u00e9palbum c\u00edme: <strong>\u00dcnnepi \u00e9jf\u00e9li mise gyerekeknek 2013<\/strong><br \/> D\u00e1tum: <strong>2013. december 24.<\/strong><\/p>\n<div id=\"tabela2\">\n<table style=\"width: 98%; background-color: #f7d9b7;\" border=\"0\">\n<tbody>\n<tr>\n<td style=\"text-align: center;\"><span style=\"font-family: verdana,geneva; font-size: 11px;\"><span style=\"font-family: verdana,geneva; font-size: 11px;\">A megny\u00edtott k\u00e9pek k\u00f6z\u00f6tt el\u0151re \u00e9s h\u00e1tra <strong>a billenty\u0171zettel is mozoghatunk<\/strong> (bal \u00e9s jobb oldali ny\u00edlak)<\/span><\/span><\/td>\n<\/tr>\n<\/tbody>\n<\/table>\n<\/div>\n<p><a href=\"http:\/\/zupnija-lendava.si\/wp-content\/uploads\/2014\/01\/20131224_otroska_polnocnica_01.jpg\" data-lbwps-width=\"900\" data-lbwps-height=\"598\" data-lbwps-srcsmall=\"https:\/\/zupnija-lendava.si\/wp-content\/uploads\/2014\/01\/20131224_otroska_polnocnica_01-300x199.jpg\"><img loading=\"lazy\" decoding=\"async\" class=\"img-galerija alignnone size-thumbnail wp-image-5105\" title=\"20131224_otroska_polnocnica_01\" alt=\"20131224_otroska_polnocnica_01\" src=\"http:\/\/zupnija-lendava.si\/wp-content\/uploads\/2014\/01\/20131224_otroska_polnocnica_01-120x120.jpg\" width=\"120\" height=\"120\" \/><\/a> <a href=\"http:\/\/zupnija-lendava.si\/wp-content\/uploads\/2014\/01\/20131224_otroska_polnocnica_02.jpg\" data-lbwps-width=\"900\" data-lbwps-height=\"603\" data-lbwps-srcsmall=\"https:\/\/zupnija-lendava.si\/wp-content\/uploads\/2014\/01\/20131224_otroska_polnocnica_02-300x201.jpg\"><img loading=\"lazy\" decoding=\"async\" class=\"img-galerija alignnone size-thumbnail wp-image-5106\" title=\"20131224_otroska_polnocnica_02\" alt=\"20131224_otroska_polnocnica_02\" src=\"http:\/\/zupnija-lendava.si\/wp-content\/uploads\/2014\/01\/20131224_otroska_polnocnica_02-120x120.jpg\" width=\"120\" height=\"120\" \/><\/a> <a href=\"http:\/\/zupnija-lendava.si\/wp-content\/uploads\/2014\/01\/20131224_otroska_polnocnica_03.jpg\" data-lbwps-width=\"900\" data-lbwps-height=\"598\" data-lbwps-srcsmall=\"https:\/\/zupnija-lendava.si\/wp-content\/uploads\/2014\/01\/20131224_otroska_polnocnica_03-300x199.jpg\"><img loading=\"lazy\" decoding=\"async\" class=\"img-galerija alignnone size-thumbnail wp-image-5107\" title=\"20131224_otroska_polnocnica_03\" alt=\"20131224_otroska_polnocnica_03\" src=\"http:\/\/zupnija-lendava.si\/wp-content\/uploads\/2014\/01\/20131224_otroska_polnocnica_03-120x120.jpg\" width=\"120\" height=\"120\" \/><\/a> <a href=\"http:\/\/zupnija-lendava.si\/wp-content\/uploads\/2014\/01\/20131224_otroska_polnocnica_04.jpg\" data-lbwps-width=\"900\" data-lbwps-height=\"598\" data-lbwps-srcsmall=\"https:\/\/zupnija-lendava.si\/wp-content\/uploads\/2014\/01\/20131224_otroska_polnocnica_04-300x199.jpg\"><img loading=\"lazy\" decoding=\"async\" class=\"img-galerija alignnone size-thumbnail wp-image-5108\" title=\"20131224_otroska_polnocnica_04\" alt=\"20131224_otroska_polnocnica_04\" src=\"http:\/\/zupnija-lendava.si\/wp-content\/uploads\/2014\/01\/20131224_otroska_polnocnica_04-120x120.jpg\" width=\"120\" height=\"120\" \/><\/a> <a href=\"http:\/\/zupnija-lendava.si\/wp-content\/uploads\/2014\/01\/20131224_otroska_polnocnica_05.jpg\" data-lbwps-width=\"900\" data-lbwps-height=\"598\" data-lbwps-srcsmall=\"https:\/\/zupnija-lendava.si\/wp-content\/uploads\/2014\/01\/20131224_otroska_polnocnica_05-300x199.jpg\"><img loading=\"lazy\" decoding=\"async\" class=\"img-galerija alignnone size-thumbnail wp-image-5109\" title=\"20131224_otroska_polnocnica_05\" alt=\"20131224_otroska_polnocnica_05\" src=\"http:\/\/zupnija-lendava.si\/wp-content\/uploads\/2014\/01\/20131224_otroska_polnocnica_05-120x120.jpg\" width=\"120\" height=\"120\" \/><\/a> <a href=\"http:\/\/zupnija-lendava.si\/wp-content\/uploads\/2014\/01\/20131224_otroska_polnocnica_06.jpg\" data-lbwps-width=\"900\" data-lbwps-height=\"598\" data-lbwps-srcsmall=\"https:\/\/zupnija-lendava.si\/wp-content\/uploads\/2014\/01\/20131224_otroska_polnocnica_06-300x199.jpg\"><img loading=\"lazy\" decoding=\"async\" class=\"img-galerija alignnone size-thumbnail wp-image-5110\" title=\"20131224_otroska_polnocnica_06\" alt=\"20131224_otroska_polnocnica_06\" src=\"http:\/\/zupnija-lendava.si\/wp-content\/uploads\/2014\/01\/20131224_otroska_polnocnica_06-120x120.jpg\" width=\"120\" height=\"120\" \/><\/a> <a href=\"http:\/\/zupnija-lendava.si\/wp-content\/uploads\/2014\/01\/20131224_otroska_polnocnica_07.jpg\" data-lbwps-width=\"900\" data-lbwps-height=\"598\" data-lbwps-srcsmall=\"https:\/\/zupnija-lendava.si\/wp-content\/uploads\/2014\/01\/20131224_otroska_polnocnica_07-300x199.jpg\"><img loading=\"lazy\" decoding=\"async\" class=\"img-galerija alignnone size-thumbnail wp-image-5111\" title=\"20131224_otroska_polnocnica_07\" alt=\"20131224_otroska_polnocnica_07\" src=\"http:\/\/zupnija-lendava.si\/wp-content\/uploads\/2014\/01\/20131224_otroska_polnocnica_07-120x120.jpg\" width=\"120\" height=\"120\" \/><\/a> <a href=\"http:\/\/zupnija-lendava.si\/wp-content\/uploads\/2014\/01\/20131224_otroska_polnocnica_08.jpg\" data-lbwps-width=\"900\" data-lbwps-height=\"598\" data-lbwps-srcsmall=\"https:\/\/zupnija-lendava.si\/wp-content\/uploads\/2014\/01\/20131224_otroska_polnocnica_08-300x199.jpg\"><img loading=\"lazy\" decoding=\"async\" class=\"img-galerija alignnone size-thumbnail wp-image-5112\" title=\"20131224_otroska_polnocnica_08\" alt=\"20131224_otroska_polnocnica_08\" src=\"http:\/\/zupnija-lendava.si\/wp-content\/uploads\/2014\/01\/20131224_otroska_polnocnica_08-120x120.jpg\" width=\"120\" height=\"120\" \/><\/a> <a href=\"http:\/\/zupnija-lendava.si\/wp-content\/uploads\/2014\/01\/20131224_otroska_polnocnica_09.jpg\" data-lbwps-width=\"900\" data-lbwps-height=\"598\" data-lbwps-srcsmall=\"https:\/\/zupnija-lendava.si\/wp-content\/uploads\/2014\/01\/20131224_otroska_polnocnica_09-300x199.jpg\"><img loading=\"lazy\" decoding=\"async\" class=\"img-galerija alignnone size-thumbnail wp-image-5113\" title=\"20131224_otroska_polnocnica_09\" alt=\"20131224_otroska_polnocnica_09\" src=\"http:\/\/zupnija-lendava.si\/wp-content\/uploads\/2014\/01\/20131224_otroska_polnocnica_09-120x120.jpg\" width=\"120\" height=\"120\" \/><\/a> <a href=\"http:\/\/zupnija-lendava.si\/wp-content\/uploads\/2014\/01\/20131224_otroska_polnocnica_10.jpg\" data-lbwps-width=\"900\" data-lbwps-height=\"598\" data-lbwps-srcsmall=\"https:\/\/zupnija-lendava.si\/wp-content\/uploads\/2014\/01\/20131224_otroska_polnocnica_10-300x199.jpg\"><img loading=\"lazy\" decoding=\"async\" class=\"img-galerija alignnone size-thumbnail wp-image-5114\" title=\"20131224_otroska_polnocnica_10\" alt=\"20131224_otroska_polnocnica_10\" src=\"http:\/\/zupnija-lendava.si\/wp-content\/uploads\/2014\/01\/20131224_otroska_polnocnica_10-120x120.jpg\" width=\"120\" height=\"120\" \/><\/a> <a href=\"http:\/\/zupnija-lendava.si\/wp-content\/uploads\/2014\/01\/20131224_otroska_polnocnica_11.jpg\" data-lbwps-width=\"900\" data-lbwps-height=\"598\" data-lbwps-srcsmall=\"https:\/\/zupnija-lendava.si\/wp-content\/uploads\/2014\/01\/20131224_otroska_polnocnica_11-300x199.jpg\"><img loading=\"lazy\" decoding=\"async\" class=\"img-galerija alignnone size-thumbnail wp-image-5115\" title=\"20131224_otroska_polnocnica_11\" alt=\"20131224_otroska_polnocnica_11\" src=\"http:\/\/zupnija-lendava.si\/wp-content\/uploads\/2014\/01\/20131224_otroska_polnocnica_11-120x120.jpg\" width=\"120\" height=\"120\" \/><\/a> <a href=\"http:\/\/zupnija-lendava.si\/wp-content\/uploads\/2014\/01\/20131224_otroska_polnocnica_12.jpg\" data-lbwps-width=\"900\" data-lbwps-height=\"598\" data-lbwps-srcsmall=\"https:\/\/zupnija-lendava.si\/wp-content\/uploads\/2014\/01\/20131224_otroska_polnocnica_12-300x199.jpg\"><img loading=\"lazy\" decoding=\"async\" class=\"img-galerija alignnone size-thumbnail wp-image-5116\" title=\"20131224_otroska_polnocnica_12\" alt=\"20131224_otroska_polnocnica_12\" src=\"http:\/\/zupnija-lendava.si\/wp-content\/uploads\/2014\/01\/20131224_otroska_polnocnica_12-120x120.jpg\" width=\"120\" height=\"120\" \/><\/a> <a href=\"http:\/\/zupnija-lendava.si\/wp-content\/uploads\/2014\/01\/20131224_otroska_polnocnica_13.jpg\" data-lbwps-width=\"900\" data-lbwps-height=\"598\" data-lbwps-srcsmall=\"https:\/\/zupnija-lendava.si\/wp-content\/uploads\/2014\/01\/20131224_otroska_polnocnica_13-300x199.jpg\"><img loading=\"lazy\" decoding=\"async\" class=\"img-galerija alignnone size-thumbnail wp-image-5117\" title=\"20131224_otroska_polnocnica_13\" alt=\"20131224_otroska_polnocnica_13\" src=\"http:\/\/zupnija-lendava.si\/wp-content\/uploads\/2014\/01\/20131224_otroska_polnocnica_13-120x120.jpg\" width=\"120\" height=\"120\" \/><\/a> <a href=\"http:\/\/zupnija-lendava.si\/wp-content\/uploads\/2014\/01\/20131224_otroska_polnocnica_14.jpg\" data-lbwps-width=\"900\" data-lbwps-height=\"598\" data-lbwps-srcsmall=\"https:\/\/zupnija-lendava.si\/wp-content\/uploads\/2014\/01\/20131224_otroska_polnocnica_14-300x199.jpg\"><img loading=\"lazy\" decoding=\"async\" class=\"img-galerija alignnone size-thumbnail wp-image-5118\" title=\"20131224_otroska_polnocnica_14\" alt=\"20131224_otroska_polnocnica_14\" src=\"http:\/\/zupnija-lendava.si\/wp-content\/uploads\/2014\/01\/20131224_otroska_polnocnica_14-120x120.jpg\" width=\"120\" height=\"120\" \/><\/a> <a href=\"http:\/\/zupnija-lendava.si\/wp-content\/uploads\/2014\/01\/20131224_otroska_polnocnica_15.jpg\" data-lbwps-width=\"900\" data-lbwps-height=\"598\" data-lbwps-srcsmall=\"https:\/\/zupnija-lendava.si\/wp-content\/uploads\/2014\/01\/20131224_otroska_polnocnica_15-300x199.jpg\"><img loading=\"lazy\" decoding=\"async\" class=\"img-galerija alignnone size-thumbnail wp-image-5119\" title=\"20131224_otroska_polnocnica_15\" alt=\"20131224_otroska_polnocnica_15\" src=\"http:\/\/zupnija-lendava.si\/wp-content\/uploads\/2014\/01\/20131224_otroska_polnocnica_15-120x120.jpg\" width=\"120\" height=\"120\" \/><\/a> <a href=\"http:\/\/zupnija-lendava.si\/wp-content\/uploads\/2014\/01\/20131224_otroska_polnocnica_16.jpg\" data-lbwps-width=\"900\" data-lbwps-height=\"598\" data-lbwps-srcsmall=\"https:\/\/zupnija-lendava.si\/wp-content\/uploads\/2014\/01\/20131224_otroska_polnocnica_16-300x199.jpg\"><img loading=\"lazy\" decoding=\"async\" class=\"img-galerija alignnone size-thumbnail wp-image-5120\" title=\"20131224_otroska_polnocnica_16\" alt=\"20131224_otroska_polnocnica_16\" src=\"http:\/\/zupnija-lendava.si\/wp-content\/uploads\/2014\/01\/20131224_otroska_polnocnica_16-120x120.jpg\" width=\"120\" height=\"120\" \/><\/a> <a href=\"http:\/\/zupnija-lendava.si\/wp-content\/uploads\/2014\/01\/20131224_otroska_polnocnica_17.jpg\" data-lbwps-width=\"900\" data-lbwps-height=\"598\" data-lbwps-srcsmall=\"https:\/\/zupnija-lendava.si\/wp-content\/uploads\/2014\/01\/20131224_otroska_polnocnica_17-300x199.jpg\"><img loading=\"lazy\" decoding=\"async\" class=\"img-galerija alignnone size-thumbnail wp-image-5121\" title=\"20131224_otroska_polnocnica_17\" alt=\"20131224_otroska_polnocnica_17\" src=\"http:\/\/zupnija-lendava.si\/wp-content\/uploads\/2014\/01\/20131224_otroska_polnocnica_17-120x120.jpg\" width=\"120\" height=\"120\" \/><\/a> <a href=\"http:\/\/zupnija-lendava.si\/wp-content\/uploads\/2014\/01\/20131224_otroska_polnocnica_18.jpg\" data-lbwps-width=\"900\" data-lbwps-height=\"598\" data-lbwps-srcsmall=\"https:\/\/zupnija-lendava.si\/wp-content\/uploads\/2014\/01\/20131224_otroska_polnocnica_18-300x199.jpg\"><img loading=\"lazy\" decoding=\"async\" class=\"img-galerija alignnone size-thumbnail wp-image-5122\" title=\"20131224_otroska_polnocnica_18\" alt=\"20131224_otroska_polnocnica_18\" src=\"http:\/\/zupnija-lendava.si\/wp-content\/uploads\/2014\/01\/20131224_otroska_polnocnica_18-120x120.jpg\" width=\"120\" height=\"120\" \/><\/a> <a href=\"http:\/\/zupnija-lendava.si\/wp-content\/uploads\/2014\/01\/20131224_otroska_polnocnica_19.jpg\" data-lbwps-width=\"900\" data-lbwps-height=\"598\" data-lbwps-srcsmall=\"https:\/\/zupnija-lendava.si\/wp-content\/uploads\/2014\/01\/20131224_otroska_polnocnica_19-300x199.jpg\"><img loading=\"lazy\" decoding=\"async\" class=\"img-galerija alignnone size-thumbnail wp-image-5123\" title=\"20131224_otroska_polnocnica_19\" alt=\"20131224_otroska_polnocnica_19\" src=\"http:\/\/zupnija-lendava.si\/wp-content\/uploads\/2014\/01\/20131224_otroska_polnocnica_19-120x120.jpg\" width=\"120\" height=\"120\" \/><\/a> <a href=\"http:\/\/zupnija-lendava.si\/wp-content\/uploads\/2014\/01\/20131224_otroska_polnocnica_20.jpg\" data-lbwps-width=\"900\" data-lbwps-height=\"598\" data-lbwps-srcsmall=\"https:\/\/zupnija-lendava.si\/wp-content\/uploads\/2014\/01\/20131224_otroska_polnocnica_20-300x199.jpg\"><img loading=\"lazy\" decoding=\"async\" class=\"img-galerija alignnone size-thumbnail wp-image-5124\" title=\"20131224_otroska_polnocnica_20\" alt=\"20131224_otroska_polnocnica_20\" src=\"http:\/\/zupnija-lendava.si\/wp-content\/uploads\/2014\/01\/20131224_otroska_polnocnica_20-120x120.jpg\" width=\"120\" height=\"120\" \/><\/a> <a href=\"http:\/\/zupnija-lendava.si\/wp-content\/uploads\/2014\/01\/20131224_otroska_polnocnica_21.jpg\" data-lbwps-width=\"900\" data-lbwps-height=\"598\" data-lbwps-srcsmall=\"https:\/\/zupnija-lendava.si\/wp-content\/uploads\/2014\/01\/20131224_otroska_polnocnica_21-300x199.jpg\"><img loading=\"lazy\" decoding=\"async\" class=\"img-galerija alignnone size-thumbnail wp-image-5125\" title=\"20131224_otroska_polnocnica_21\" alt=\"20131224_otroska_polnocnica_21\" src=\"http:\/\/zupnija-lendava.si\/wp-content\/uploads\/2014\/01\/20131224_otroska_polnocnica_21-120x120.jpg\" width=\"120\" height=\"120\" \/><\/a> <a href=\"http:\/\/zupnija-lendava.si\/wp-content\/uploads\/2014\/01\/20131224_otroska_polnocnica_22.jpg\" data-lbwps-width=\"900\" data-lbwps-height=\"598\" data-lbwps-srcsmall=\"https:\/\/zupnija-lendava.si\/wp-content\/uploads\/2014\/01\/20131224_otroska_polnocnica_22-300x199.jpg\"><img loading=\"lazy\" decoding=\"async\" class=\"img-galerija alignnone size-thumbnail wp-image-5126\" title=\"20131224_otroska_polnocnica_22\" alt=\"20131224_otroska_polnocnica_22\" src=\"http:\/\/zupnija-lendava.si\/wp-content\/uploads\/2014\/01\/20131224_otroska_polnocnica_22-120x120.jpg\" width=\"120\" height=\"120\" \/><\/a> <a href=\"http:\/\/zupnija-lendava.si\/wp-content\/uploads\/2014\/01\/20131224_otroska_polnocnica_23.jpg\" data-lbwps-width=\"900\" data-lbwps-height=\"598\" data-lbwps-srcsmall=\"https:\/\/zupnija-lendava.si\/wp-content\/uploads\/2014\/01\/20131224_otroska_polnocnica_23-300x199.jpg\"><img loading=\"lazy\" decoding=\"async\" class=\"img-galerija alignnone size-thumbnail wp-image-5127\" title=\"20131224_otroska_polnocnica_23\" alt=\"20131224_otroska_polnocnica_23\" src=\"http:\/\/zupnija-lendava.si\/wp-content\/uploads\/2014\/01\/20131224_otroska_polnocnica_23-120x120.jpg\" width=\"120\" height=\"120\" \/><\/a> <a href=\"http:\/\/zupnija-lendava.si\/wp-content\/uploads\/2014\/01\/20131224_otroska_polnocnica_24.jpg\" data-lbwps-width=\"900\" data-lbwps-height=\"598\" data-lbwps-srcsmall=\"https:\/\/zupnija-lendava.si\/wp-content\/uploads\/2014\/01\/20131224_otroska_polnocnica_24-300x199.jpg\"><img loading=\"lazy\" decoding=\"async\" class=\"img-galerija alignnone size-thumbnail wp-image-5128\" title=\"20131224_otroska_polnocnica_24\" alt=\"20131224_otroska_polnocnica_24\" src=\"http:\/\/zupnija-lendava.si\/wp-content\/uploads\/2014\/01\/20131224_otroska_polnocnica_24-120x120.jpg\" width=\"120\" height=\"120\" \/><\/a> <a href=\"http:\/\/zupnija-lendava.si\/wp-content\/uploads\/2014\/01\/20131224_otroska_polnocnica_25.jpg\" data-lbwps-width=\"900\" data-lbwps-height=\"598\" data-lbwps-srcsmall=\"https:\/\/zupnija-lendava.si\/wp-content\/uploads\/2014\/01\/20131224_otroska_polnocnica_25-300x199.jpg\"><img loading=\"lazy\" decoding=\"async\" class=\"img-galerija alignnone size-thumbnail wp-image-5129\" title=\"20131224_otroska_polnocnica_25\" alt=\"20131224_otroska_polnocnica_25\" src=\"http:\/\/zupnija-lendava.si\/wp-content\/uploads\/2014\/01\/20131224_otroska_polnocnica_25-120x120.jpg\" width=\"120\" height=\"120\" \/><\/a> <a href=\"http:\/\/zupnija-lendava.si\/wp-content\/uploads\/2014\/01\/20131224_otroska_polnocnica_26.jpg\" data-lbwps-width=\"900\" data-lbwps-height=\"598\" data-lbwps-srcsmall=\"https:\/\/zupnija-lendava.si\/wp-content\/uploads\/2014\/01\/20131224_otroska_polnocnica_26-300x199.jpg\"><img loading=\"lazy\" decoding=\"async\" class=\"img-galerija alignnone size-thumbnail wp-image-5130\" title=\"20131224_otroska_polnocnica_26\" alt=\"20131224_otroska_polnocnica_26\" src=\"http:\/\/zupnija-lendava.si\/wp-content\/uploads\/2014\/01\/20131224_otroska_polnocnica_26-120x120.jpg\" width=\"120\" height=\"120\" \/><\/a> <a href=\"http:\/\/zupnija-lendava.si\/wp-content\/uploads\/2014\/01\/20131224_otroska_polnocnica_27.jpg\" data-lbwps-width=\"900\" data-lbwps-height=\"598\" data-lbwps-srcsmall=\"https:\/\/zupnija-lendava.si\/wp-content\/uploads\/2014\/01\/20131224_otroska_polnocnica_27-300x199.jpg\"><img loading=\"lazy\" decoding=\"async\" class=\"img-galerija alignnone size-thumbnail wp-image-5131\" title=\"20131224_otroska_polnocnica_27\" alt=\"20131224_otroska_polnocnica_27\" src=\"http:\/\/zupnija-lendava.si\/wp-content\/uploads\/2014\/01\/20131224_otroska_polnocnica_27-120x120.jpg\" width=\"120\" height=\"120\" \/><\/a> <a href=\"http:\/\/zupnija-lendava.si\/wp-content\/uploads\/2014\/01\/20131224_otroska_polnocnica_28.jpg\" data-lbwps-width=\"900\" data-lbwps-height=\"598\" data-lbwps-srcsmall=\"https:\/\/zupnija-lendava.si\/wp-content\/uploads\/2014\/01\/20131224_otroska_polnocnica_28-300x199.jpg\"><img loading=\"lazy\" decoding=\"async\" class=\"img-galerija alignnone size-thumbnail wp-image-5132\" title=\"20131224_otroska_polnocnica_28\" alt=\"20131224_otroska_polnocnica_28\" src=\"http:\/\/zupnija-lendava.si\/wp-content\/uploads\/2014\/01\/20131224_otroska_polnocnica_28-120x120.jpg\" width=\"120\" height=\"120\" \/><\/a> <a href=\"http:\/\/zupnija-lendava.si\/wp-content\/uploads\/2014\/01\/20131224_otroska_polnocnica_29.jpg\" data-lbwps-width=\"900\" data-lbwps-height=\"598\" data-lbwps-srcsmall=\"https:\/\/zupnija-lendava.si\/wp-content\/uploads\/2014\/01\/20131224_otroska_polnocnica_29-300x199.jpg\"><img loading=\"lazy\" decoding=\"async\" class=\"img-galerija alignnone size-thumbnail wp-image-5133\" title=\"20131224_otroska_polnocnica_29\" alt=\"20131224_otroska_polnocnica_29\" src=\"http:\/\/zupnija-lendava.si\/wp-content\/uploads\/2014\/01\/20131224_otroska_polnocnica_29-120x120.jpg\" width=\"120\" height=\"120\" \/><\/a><\/p>\n<hr \/>\n<p style=\"text-align: center;\"><a href=\"javascript: history.go(-1)\">\u25c0 Vissza a fot\u00f3gal\u00e9ria kezd\u0151lapj\u00e1ra<\/a><\/p>\n","protected":false},"excerpt":{"rendered":"<p>F\u00e9nyk\u00e9palbum c\u00edme: \u00dcnnepi \u00e9jf\u00e9li mise gyerekeknek 2013 D\u00e1tum: 2013. december 24. A megny\u00edtott k\u00e9pek k\u00f6z\u00f6tt el\u0151re \u00e9s h\u00e1tra a billenty\u0171zettel is mozoghatunk (bal \u00e9s jobb oldali ny\u00edlak) \u25c0 Vissza a fot\u00f3gal\u00e9ria kezd\u0151lapj\u00e1ra<\/p>\n","protected":false},"author":3,"featured_media":0,"parent":0,"menu_order":0,"comment_status":"closed","ping_status":"closed","template":"","meta":{"footnotes":""},"class_list":["post-27457","page","type-page","status-publish","hentry"],"_links":{"self":[{"href":"https:\/\/zupnija-lendava.si\/hu\/wp-json\/wp\/v2\/pages\/27457","targetHints":{"allow":["GET"]}}],"collection":[{"href":"https:\/\/zupnija-lendava.si\/hu\/wp-json\/wp\/v2\/pages"}],"about":[{"href":"https:\/\/zupnija-lendava.si\/hu\/wp-json\/wp\/v2\/types\/page"}],"author":[{"embeddable":true,"href":"https:\/\/zupnija-lendava.si\/hu\/wp-json\/wp\/v2\/users\/3"}],"replies":[{"embeddable":true,"href":"https:\/\/zupnija-lendava.si\/hu\/wp-json\/wp\/v2\/comments?post=27457"}],"version-history":[{"count":0,"href":"https:\/\/zupnija-lendava.si\/hu\/wp-json\/wp\/v2\/pages\/27457\/revisions"}],"wp:attachment":[{"href":"https:\/\/zupnija-lendava.si\/hu\/wp-json\/wp\/v2\/media?parent=27457"}],"curies":[{"name":"wp","href":"https:\/\/api.w.org\/{rel}","templated":true}]}}