{"id":27363,"date":"2012-06-09T11:31:53","date_gmt":"2012-06-09T09:31:53","guid":{"rendered":"http:\/\/zupnija-lendava.si\/fotogaleria-urnapi-kormenet-2012\/"},"modified":"2012-06-09T11:31:53","modified_gmt":"2012-06-09T09:31:53","slug":"fotogaleria-urnapi-kormenet-2012","status":"publish","type":"page","link":"https:\/\/zupnija-lendava.si\/hu\/fotogaleria-urnapi-kormenet-2012\/","title":{"rendered":"FOTOGAL\u00c9RIA: \u00darnapi k\u00f6rmenet 2012"},"content":{"rendered":"<p>F\u00e9nyk\u00e9palbum c\u00edme: <strong>\u00darnapi k\u00f6rmenet 2012<\/strong><br \/> D\u00e1tum: 2012. j\u00fanius 7.<strong><\/strong><\/p>\n<div id=\"tabela2\">\n<table style=\"width: 98%; background-color: #f7d9b7;\" border=\"0\">\n<tbody>\n<tr>\n<td style=\"text-align: center;\"><span style=\"font-family: verdana,geneva; font-size: 11px;\">A megny\u00edtott k\u00e9pek k\u00f6z\u00f6tt el\u0151re \u00e9s h\u00e1tra a <strong>billenty\u0171zettel is mozoghatunk<\/strong> (bal \u00e9s jobb oldali ny\u00edlak)<\/span><\/td>\n<\/tr>\n<\/tbody>\n<\/table>\n<\/div>\n<p><a href=\"http:\/\/zupnija-lendava.si\/wp-content\/uploads\/2012\/06\/20120607_telovska_procesija_01.jpg\" data-lbwps-width=\"900\" data-lbwps-height=\"675\" data-lbwps-srcsmall=\"https:\/\/zupnija-lendava.si\/wp-content\/uploads\/2012\/06\/20120607_telovska_procesija_01-300x225.jpg\"><img loading=\"lazy\" decoding=\"async\" class=\"img-galerija alignnone size-thumbnail wp-image-941\" title=\"20120607_telovska_procesija_01\" src=\"http:\/\/zupnija-lendava.si\/wp-content\/uploads\/2012\/06\/20120607_telovska_procesija_01-120x120.jpg\" alt=\"20120607_telovska_procesija_01\" width=\"120\" height=\"120\" \/><\/a> <a href=\"http:\/\/zupnija-lendava.si\/wp-content\/uploads\/2012\/06\/20120607_telovska_procesija_02.jpg\" data-lbwps-width=\"900\" data-lbwps-height=\"675\" data-lbwps-srcsmall=\"https:\/\/zupnija-lendava.si\/wp-content\/uploads\/2012\/06\/20120607_telovska_procesija_02-300x225.jpg\"><img loading=\"lazy\" decoding=\"async\" class=\"img-galerija alignnone size-thumbnail wp-image-942\" title=\"20120607_telovska_procesija_02\" src=\"http:\/\/zupnija-lendava.si\/wp-content\/uploads\/2012\/06\/20120607_telovska_procesija_02-120x120.jpg\" alt=\"20120607_telovska_procesija_02\" width=\"120\" height=\"120\" \/><\/a> <a href=\"http:\/\/zupnija-lendava.si\/wp-content\/uploads\/2012\/06\/20120607_telovska_procesija_03.jpg\" data-lbwps-width=\"900\" data-lbwps-height=\"675\" data-lbwps-srcsmall=\"https:\/\/zupnija-lendava.si\/wp-content\/uploads\/2012\/06\/20120607_telovska_procesija_03-300x225.jpg\"><img loading=\"lazy\" decoding=\"async\" class=\"img-galerija alignnone size-thumbnail wp-image-943\" title=\"20120607_telovska_procesija_03\" src=\"http:\/\/zupnija-lendava.si\/wp-content\/uploads\/2012\/06\/20120607_telovska_procesija_03-120x120.jpg\" alt=\"20120607_telovska_procesija_03\" width=\"120\" height=\"120\" \/><\/a> <a href=\"http:\/\/zupnija-lendava.si\/wp-content\/uploads\/2012\/06\/20120607_telovska_procesija_04.jpg\" data-lbwps-width=\"900\" data-lbwps-height=\"675\" data-lbwps-srcsmall=\"https:\/\/zupnija-lendava.si\/wp-content\/uploads\/2012\/06\/20120607_telovska_procesija_04-300x225.jpg\"><img loading=\"lazy\" decoding=\"async\" class=\"img-galerija alignnone size-thumbnail wp-image-944\" title=\"20120607_telovska_procesija_04\" src=\"http:\/\/zupnija-lendava.si\/wp-content\/uploads\/2012\/06\/20120607_telovska_procesija_04-120x120.jpg\" alt=\"20120607_telovska_procesija_04\" width=\"120\" height=\"120\" \/><\/a> <a href=\"http:\/\/zupnija-lendava.si\/wp-content\/uploads\/2012\/06\/20120607_telovska_procesija_05.jpg\" data-lbwps-width=\"900\" data-lbwps-height=\"675\" data-lbwps-srcsmall=\"https:\/\/zupnija-lendava.si\/wp-content\/uploads\/2012\/06\/20120607_telovska_procesija_05-300x225.jpg\"><img loading=\"lazy\" decoding=\"async\" class=\"img-galerija alignnone size-thumbnail wp-image-945\" title=\"20120607_telovska_procesija_05\" src=\"http:\/\/zupnija-lendava.si\/wp-content\/uploads\/2012\/06\/20120607_telovska_procesija_05-120x120.jpg\" alt=\"20120607_telovska_procesija_05\" width=\"120\" height=\"120\" \/><\/a> <a href=\"http:\/\/zupnija-lendava.si\/wp-content\/uploads\/2012\/06\/20120607_telovska_procesija_06.jpg\" data-lbwps-width=\"900\" data-lbwps-height=\"675\" data-lbwps-srcsmall=\"https:\/\/zupnija-lendava.si\/wp-content\/uploads\/2012\/06\/20120607_telovska_procesija_06-300x225.jpg\"><img loading=\"lazy\" decoding=\"async\" class=\"img-galerija alignnone size-thumbnail wp-image-946\" title=\"20120607_telovska_procesija_06\" src=\"http:\/\/zupnija-lendava.si\/wp-content\/uploads\/2012\/06\/20120607_telovska_procesija_06-120x120.jpg\" alt=\"20120607_telovska_procesija_06\" width=\"120\" height=\"120\" \/><\/a> <a href=\"http:\/\/zupnija-lendava.si\/wp-content\/uploads\/2012\/06\/20120607_telovska_procesija_07.jpg\" data-lbwps-width=\"900\" data-lbwps-height=\"675\" data-lbwps-srcsmall=\"https:\/\/zupnija-lendava.si\/wp-content\/uploads\/2012\/06\/20120607_telovska_procesija_07-300x225.jpg\"><img loading=\"lazy\" decoding=\"async\" class=\"img-galerija alignnone size-thumbnail wp-image-947\" title=\"20120607_telovska_procesija_07\" src=\"http:\/\/zupnija-lendava.si\/wp-content\/uploads\/2012\/06\/20120607_telovska_procesija_07-120x120.jpg\" alt=\"20120607_telovska_procesija_07\" width=\"120\" height=\"120\" \/><\/a> <a href=\"http:\/\/zupnija-lendava.si\/wp-content\/uploads\/2012\/06\/20120607_telovska_procesija_08.jpg\" data-lbwps-width=\"900\" data-lbwps-height=\"675\" data-lbwps-srcsmall=\"https:\/\/zupnija-lendava.si\/wp-content\/uploads\/2012\/06\/20120607_telovska_procesija_08-300x225.jpg\"><img loading=\"lazy\" decoding=\"async\" class=\"img-galerija alignnone size-thumbnail wp-image-948\" title=\"20120607_telovska_procesija_08\" src=\"http:\/\/zupnija-lendava.si\/wp-content\/uploads\/2012\/06\/20120607_telovska_procesija_08-120x120.jpg\" alt=\"20120607_telovska_procesija_08\" width=\"120\" height=\"120\" \/><\/a> <a href=\"http:\/\/zupnija-lendava.si\/wp-content\/uploads\/2012\/06\/20120607_telovska_procesija_09.jpg\" data-lbwps-width=\"900\" data-lbwps-height=\"675\" data-lbwps-srcsmall=\"https:\/\/zupnija-lendava.si\/wp-content\/uploads\/2012\/06\/20120607_telovska_procesija_09-300x225.jpg\"><img loading=\"lazy\" decoding=\"async\" class=\"img-galerija alignnone size-thumbnail wp-image-949\" title=\"20120607_telovska_procesija_09\" src=\"http:\/\/zupnija-lendava.si\/wp-content\/uploads\/2012\/06\/20120607_telovska_procesija_09-120x120.jpg\" alt=\"20120607_telovska_procesija_09\" width=\"120\" height=\"120\" \/><\/a> <a href=\"http:\/\/zupnija-lendava.si\/wp-content\/uploads\/2012\/06\/20120607_telovska_procesija_10.jpg\" data-lbwps-width=\"900\" data-lbwps-height=\"675\" data-lbwps-srcsmall=\"https:\/\/zupnija-lendava.si\/wp-content\/uploads\/2012\/06\/20120607_telovska_procesija_10-300x225.jpg\"><img loading=\"lazy\" decoding=\"async\" class=\"img-galerija alignnone size-thumbnail wp-image-950\" title=\"20120607_telovska_procesija_10\" src=\"http:\/\/zupnija-lendava.si\/wp-content\/uploads\/2012\/06\/20120607_telovska_procesija_10-120x120.jpg\" alt=\"20120607_telovska_procesija_10\" width=\"120\" height=\"120\" \/><\/a> <a href=\"http:\/\/zupnija-lendava.si\/wp-content\/uploads\/2012\/06\/20120607_telovska_procesija_11.jpg\" data-lbwps-width=\"900\" data-lbwps-height=\"675\" data-lbwps-srcsmall=\"https:\/\/zupnija-lendava.si\/wp-content\/uploads\/2012\/06\/20120607_telovska_procesija_11-300x225.jpg\"><img loading=\"lazy\" decoding=\"async\" class=\"img-galerija alignnone size-thumbnail wp-image-951\" title=\"20120607_telovska_procesija_11\" src=\"http:\/\/zupnija-lendava.si\/wp-content\/uploads\/2012\/06\/20120607_telovska_procesija_11-120x120.jpg\" alt=\"20120607_telovska_procesija_11\" width=\"120\" height=\"120\" \/><\/a> <a href=\"http:\/\/zupnija-lendava.si\/wp-content\/uploads\/2012\/06\/20120607_telovska_procesija_12.jpg\" data-lbwps-width=\"900\" data-lbwps-height=\"675\" data-lbwps-srcsmall=\"https:\/\/zupnija-lendava.si\/wp-content\/uploads\/2012\/06\/20120607_telovska_procesija_12-300x225.jpg\"><img loading=\"lazy\" decoding=\"async\" class=\"img-galerija alignnone size-thumbnail wp-image-952\" title=\"20120607_telovska_procesija_12\" src=\"http:\/\/zupnija-lendava.si\/wp-content\/uploads\/2012\/06\/20120607_telovska_procesija_12-120x120.jpg\" alt=\"20120607_telovska_procesija_12\" width=\"120\" height=\"120\" \/><\/a> <a href=\"http:\/\/zupnija-lendava.si\/wp-content\/uploads\/2012\/06\/20120607_telovska_procesija_13.jpg\" data-lbwps-width=\"900\" data-lbwps-height=\"675\" data-lbwps-srcsmall=\"https:\/\/zupnija-lendava.si\/wp-content\/uploads\/2012\/06\/20120607_telovska_procesija_13-300x225.jpg\"><img loading=\"lazy\" decoding=\"async\" class=\"img-galerija alignnone size-thumbnail wp-image-953\" title=\"20120607_telovska_procesija_13\" src=\"http:\/\/zupnija-lendava.si\/wp-content\/uploads\/2012\/06\/20120607_telovska_procesija_13-120x120.jpg\" alt=\"20120607_telovska_procesija_13\" width=\"120\" height=\"120\" \/><\/a> <a href=\"http:\/\/zupnija-lendava.si\/wp-content\/uploads\/2012\/06\/20120607_telovska_procesija_14.jpg\" data-lbwps-width=\"900\" data-lbwps-height=\"675\" data-lbwps-srcsmall=\"https:\/\/zupnija-lendava.si\/wp-content\/uploads\/2012\/06\/20120607_telovska_procesija_14-300x225.jpg\"><img loading=\"lazy\" decoding=\"async\" class=\"img-galerija alignnone size-thumbnail wp-image-954\" title=\"20120607_telovska_procesija_14\" src=\"http:\/\/zupnija-lendava.si\/wp-content\/uploads\/2012\/06\/20120607_telovska_procesija_14-120x120.jpg\" alt=\"20120607_telovska_procesija_14\" width=\"120\" height=\"120\" \/><\/a> <a href=\"http:\/\/zupnija-lendava.si\/wp-content\/uploads\/2012\/06\/20120607_telovska_procesija_15.jpg\" data-lbwps-width=\"900\" data-lbwps-height=\"675\" data-lbwps-srcsmall=\"https:\/\/zupnija-lendava.si\/wp-content\/uploads\/2012\/06\/20120607_telovska_procesija_15-300x225.jpg\"><img loading=\"lazy\" decoding=\"async\" class=\"img-galerija alignnone size-thumbnail wp-image-955\" title=\"20120607_telovska_procesija_15\" src=\"http:\/\/zupnija-lendava.si\/wp-content\/uploads\/2012\/06\/20120607_telovska_procesija_15-120x120.jpg\" alt=\"20120607_telovska_procesija_15\" width=\"120\" height=\"120\" \/><\/a> <a href=\"http:\/\/zupnija-lendava.si\/wp-content\/uploads\/2012\/06\/20120607_telovska_procesija_16.jpg\" data-lbwps-width=\"900\" data-lbwps-height=\"675\" data-lbwps-srcsmall=\"https:\/\/zupnija-lendava.si\/wp-content\/uploads\/2012\/06\/20120607_telovska_procesija_16-300x225.jpg\"><img loading=\"lazy\" decoding=\"async\" class=\"img-galerija alignnone size-thumbnail wp-image-956\" title=\"20120607_telovska_procesija_16\" src=\"http:\/\/zupnija-lendava.si\/wp-content\/uploads\/2012\/06\/20120607_telovska_procesija_16-120x120.jpg\" alt=\"20120607_telovska_procesija_16\" width=\"120\" height=\"120\" \/><\/a> <a href=\"http:\/\/zupnija-lendava.si\/wp-content\/uploads\/2012\/06\/20120607_telovska_procesija_17.jpg\" data-lbwps-width=\"900\" data-lbwps-height=\"675\" data-lbwps-srcsmall=\"https:\/\/zupnija-lendava.si\/wp-content\/uploads\/2012\/06\/20120607_telovska_procesija_17-300x225.jpg\"><img loading=\"lazy\" decoding=\"async\" class=\"img-galerija alignnone size-thumbnail wp-image-957\" title=\"20120607_telovska_procesija_17\" src=\"http:\/\/zupnija-lendava.si\/wp-content\/uploads\/2012\/06\/20120607_telovska_procesija_17-120x120.jpg\" alt=\"20120607_telovska_procesija_17\" width=\"120\" height=\"120\" \/><\/a> <a href=\"http:\/\/zupnija-lendava.si\/wp-content\/uploads\/2012\/06\/20120607_telovska_procesija_18.jpg\" data-lbwps-width=\"900\" data-lbwps-height=\"675\" data-lbwps-srcsmall=\"https:\/\/zupnija-lendava.si\/wp-content\/uploads\/2012\/06\/20120607_telovska_procesija_18-300x225.jpg\"><img loading=\"lazy\" decoding=\"async\" class=\"img-galerija alignnone size-thumbnail wp-image-958\" title=\"20120607_telovska_procesija_18\" src=\"http:\/\/zupnija-lendava.si\/wp-content\/uploads\/2012\/06\/20120607_telovska_procesija_18-120x120.jpg\" alt=\"20120607_telovska_procesija_18\" width=\"120\" height=\"120\" \/><\/a> <a href=\"http:\/\/zupnija-lendava.si\/wp-content\/uploads\/2012\/06\/20120607_telovska_procesija_19.jpg\" data-lbwps-width=\"900\" data-lbwps-height=\"675\" data-lbwps-srcsmall=\"https:\/\/zupnija-lendava.si\/wp-content\/uploads\/2012\/06\/20120607_telovska_procesija_19-300x225.jpg\"><img loading=\"lazy\" decoding=\"async\" class=\"img-galerija alignnone size-thumbnail wp-image-959\" title=\"20120607_telovska_procesija_19\" src=\"http:\/\/zupnija-lendava.si\/wp-content\/uploads\/2012\/06\/20120607_telovska_procesija_19-120x120.jpg\" alt=\"20120607_telovska_procesija_19\" width=\"120\" height=\"120\" \/><\/a> <a href=\"http:\/\/zupnija-lendava.si\/wp-content\/uploads\/2012\/06\/20120607_telovska_procesija_20.jpg\" data-lbwps-width=\"900\" data-lbwps-height=\"675\" data-lbwps-srcsmall=\"https:\/\/zupnija-lendava.si\/wp-content\/uploads\/2012\/06\/20120607_telovska_procesija_20-300x225.jpg\"><img loading=\"lazy\" decoding=\"async\" class=\"img-galerija alignnone size-thumbnail wp-image-960\" title=\"20120607_telovska_procesija_20\" src=\"http:\/\/zupnija-lendava.si\/wp-content\/uploads\/2012\/06\/20120607_telovska_procesija_20-120x120.jpg\" alt=\"20120607_telovska_procesija_20\" width=\"120\" height=\"120\" \/><\/a><\/p>\n<hr \/>\n<p style=\"text-align: center;\"><a href=\"javascript: history.go(-1)\">\u25c0 Vissza a fot\u00f3gal\u00e9ria kezd\u0151lapj\u00e1ra<br \/> <\/a><\/p>\n","protected":false},"excerpt":{"rendered":"<p>F\u00e9nyk\u00e9palbum c\u00edme: \u00darnapi k\u00f6rmenet 2012 D\u00e1tum: 2012. j\u00fanius 7. A megny\u00edtott k\u00e9pek k\u00f6z\u00f6tt el\u0151re \u00e9s h\u00e1tra a billenty\u0171zettel is mozoghatunk (bal \u00e9s jobb oldali ny\u00edlak) \u25c0 Vissza a fot\u00f3gal\u00e9ria kezd\u0151lapj\u00e1ra<\/p>\n","protected":false},"author":3,"featured_media":0,"parent":0,"menu_order":0,"comment_status":"closed","ping_status":"closed","template":"","meta":{"footnotes":""},"class_list":["post-27363","page","type-page","status-publish","hentry"],"_links":{"self":[{"href":"https:\/\/zupnija-lendava.si\/hu\/wp-json\/wp\/v2\/pages\/27363","targetHints":{"allow":["GET"]}}],"collection":[{"href":"https:\/\/zupnija-lendava.si\/hu\/wp-json\/wp\/v2\/pages"}],"about":[{"href":"https:\/\/zupnija-lendava.si\/hu\/wp-json\/wp\/v2\/types\/page"}],"author":[{"embeddable":true,"href":"https:\/\/zupnija-lendava.si\/hu\/wp-json\/wp\/v2\/users\/3"}],"replies":[{"embeddable":true,"href":"https:\/\/zupnija-lendava.si\/hu\/wp-json\/wp\/v2\/comments?post=27363"}],"version-history":[{"count":0,"href":"https:\/\/zupnija-lendava.si\/hu\/wp-json\/wp\/v2\/pages\/27363\/revisions"}],"wp:attachment":[{"href":"https:\/\/zupnija-lendava.si\/hu\/wp-json\/wp\/v2\/media?parent=27363"}],"curies":[{"name":"wp","href":"https:\/\/api.w.org\/{rel}","templated":true}]}}