{"id":27358,"date":"2012-04-15T22:02:44","date_gmt":"2012-04-15T20:02:44","guid":{"rendered":"http:\/\/zupnija-lendava.si\/figyelmukbe\/"},"modified":"2012-04-15T22:02:44","modified_gmt":"2012-04-15T20:02:44","slug":"figyelmukbe","status":"publish","type":"page","link":"https:\/\/zupnija-lendava.si\/hu\/figyelmukbe\/","title":{"rendered":"FIGYELM\u00dcKBE"},"content":{"rendered":"<p><em>A lent tal\u00e1lhat\u00f3 n\u00e9h\u00e1ny kapcsolatot aj\u00e1nljuk sz\u00edves figyelm\u00fckbe.<\/em><\/p>\n<hr \/>\n<p>Magyar nyelv\u0171 oldalak:<\/p>\n<hr \/>\n<ul>\n<li><a href=\"http:\/\/www.biblia.hu\/\">Biblia<\/a><\/li>\n<li><a href=\"http:\/\/www.agape.hu\/hitelet_lista.php\">Hit\u00e9let<\/a><\/li>\n<li><a href=\"http:\/\/uj.katolikus.hu\/\">Magyar Katolikus P\u00fcsp\u00f6ki Konferencia<\/a><\/li>\n<li><a href=\"http:\/\/www.katolikusradio.hu\/\">Magyar Katolikus R\u00e1di\u00f3<\/a><\/li>\n<li><a href=\"http:\/\/www.magyarkurir.hu\/ \">Magyar Kur\u00edr<\/a><\/li>\n<li><a href=\"http:\/\/www.martinus.hu\/\">Szombathelyi Egyh\u00e1zmegye<\/a><\/li>\n<li><a href=\"https:\/\/www.vaticannews.va\/hu.html\">Vatik\u00e1ni R\u00e1di\u00f3 (magyar)<\/a><\/li>\n<\/ul>\n<hr \/>\n<p>Szlov\u00e9n nyelv\u0171 oldalak:<\/p>\n<hr \/>\n<ul>\n<li><a href=\"http:\/\/katoliska-cerkev.si\/\">Cerkev na Slovenskem<\/a><\/li>\n<li><a href=\"http:\/\/www.druzina.si\/\">Dru\u017eina<\/a><\/li>\n<li><a href=\"http:\/\/www.diz.si\/\">Dru\u017eina in \u017eivljenje<\/a><\/li>\n<li><a href=\"http:\/\/www.exodus.si\/\">ExodusTV &#8211; kr\u0161\u010danska televizija<\/a> \/ Szlov\u00e9n Kereszt\u00e9ny TV<\/li>\n<li><a href=\"http:\/\/www.medjugorje.si\/\">Medjugorje<\/a><\/li>\n<li><a href=\"http:\/\/www.missio.si\/\"><span class=\"st\">Misijonsko sredi\u0161\u010de Slovenije<\/span><\/a> \/ Szlov\u00e9n Misszi\u00f3s K\u00f6zpont<\/li>\n<li><a href=\"http:\/\/www.skofija-sobota.si\/\">Muraszombati P\u00fcsp\u00f6ks\u00e9g \/ \u0160kofija Murska Sobota<\/a><\/li>\n<li><a href=\"http:\/\/www.ognjisce.si\/\">Ognji\u0161\u010de in Radio Ognji\u0161\u010de<\/a><\/li>\n<li><a href=\"https:\/\/www.vaticannews.va\/sl.html\">Radio Vatikan<\/a> \/ szlov\u00e9n nyelv\u0171 oldal<\/li>\n<li><a href=\"http:\/\/www.biblija.net\">Sveto pismo<\/a> \/ Szent\u00edr\u00e1s<\/li>\n<\/ul>\n<p><span style=\"font-size: 11px;\">Utols\u00f3 fr\u00edss\u00edt\u00e9s: 2020. 5. 14.<\/span><\/p>\n","protected":false},"excerpt":{"rendered":"<p>A lent tal\u00e1lhat\u00f3 n\u00e9h\u00e1ny kapcsolatot aj\u00e1nljuk sz\u00edves figyelm\u00fckbe. Magyar nyelv\u0171 oldalak: Biblia Hit\u00e9let Magyar Katolikus P\u00fcsp\u00f6ki Konferencia Magyar Katolikus R\u00e1di\u00f3 Magyar Kur\u00edr Szombathelyi Egyh\u00e1zmegye Vatik\u00e1ni R\u00e1di\u00f3 (magyar) Szlov\u00e9n nyelv\u0171 oldalak: Cerkev na Slovenskem Dru\u017eina Dru\u017eina in \u017eivljenje ExodusTV &#8211; kr\u0161\u010danska &hellip; <a href=\"https:\/\/zupnija-lendava.si\/hu\/figyelmukbe\/\"><span class=\"meta-nav\">Tov\u00e1bb \u2192<\/span><\/a><\/p>\n","protected":false},"author":3,"featured_media":0,"parent":0,"menu_order":0,"comment_status":"closed","ping_status":"closed","template":"","meta":{"footnotes":""},"class_list":["post-27358","page","type-page","status-publish","hentry"],"_links":{"self":[{"href":"https:\/\/zupnija-lendava.si\/hu\/wp-json\/wp\/v2\/pages\/27358","targetHints":{"allow":["GET"]}}],"collection":[{"href":"https:\/\/zupnija-lendava.si\/hu\/wp-json\/wp\/v2\/pages"}],"about":[{"href":"https:\/\/zupnija-lendava.si\/hu\/wp-json\/wp\/v2\/types\/page"}],"author":[{"embeddable":true,"href":"https:\/\/zupnija-lendava.si\/hu\/wp-json\/wp\/v2\/users\/3"}],"replies":[{"embeddable":true,"href":"https:\/\/zupnija-lendava.si\/hu\/wp-json\/wp\/v2\/comments?post=27358"}],"version-history":[{"count":0,"href":"https:\/\/zupnija-lendava.si\/hu\/wp-json\/wp\/v2\/pages\/27358\/revisions"}],"wp:attachment":[{"href":"https:\/\/zupnija-lendava.si\/hu\/wp-json\/wp\/v2\/media?parent=27358"}],"curies":[{"name":"wp","href":"https:\/\/api.w.org\/{rel}","templated":true}]}}