{"id":27353,"date":"2012-04-07T22:57:51","date_gmt":"2012-04-07T20:57:51","guid":{"rendered":"http:\/\/zupnija-lendava.si\/fotogaleria\/"},"modified":"2026-04-05T17:52:03","modified_gmt":"2026-04-05T15:52:03","slug":"fotogaleria","status":"publish","type":"page","link":"https:\/\/zupnija-lendava.si\/hu\/fotogaleria\/","title":{"rendered":"FOT\u00d3GAL\u00c9RIA"},"content":{"rendered":"<p>\u00dcdv\u00f6z\u00f6lj\u00fck a Lendvai Pl\u00e9b\u00e1nia fot\u00f3gal\u00e9ri\u00e1j\u00e1ban.\u00a0<br \/>\nA k\u00e9pek megtekint\u00e9s\u00e9hez k\u00e9rj\u00fck kattintsanak a lent tal\u00e1lhat\u00f3 kapcsolatokra.<\/p>\n<p><strong>A 2026-OS \u00c9V ESEM\u00c9NYEINEK F\u00c9NYK\u00c9PEI<\/strong><\/p>\n<table style=\"width: 100%; border-collapse: collapse;\">\n<tbody>\n<tr>\n<td style=\"width: 50%;\"><a href=\"https:\/\/zupnija-lendava.si\/hu\/fotogaleria-uj-minisztransok-befogadasa-2026-3-21\/\"><img loading=\"lazy\" decoding=\"async\" class=\"alignnone wp-image-71349 size-medium\" src=\"https:\/\/zupnija-lendava.si\/wp-content\/uploads\/2026\/04\/DSC_3530-300x199.jpg\" alt=\"\" width=\"300\" height=\"199\" srcset=\"https:\/\/zupnija-lendava.si\/wp-content\/uploads\/2026\/04\/DSC_3530-300x199.jpg 300w, https:\/\/zupnija-lendava.si\/wp-content\/uploads\/2026\/04\/DSC_3530-1024x679.jpg 1024w, https:\/\/zupnija-lendava.si\/wp-content\/uploads\/2026\/04\/DSC_3530-768x509.jpg 768w, https:\/\/zupnija-lendava.si\/wp-content\/uploads\/2026\/04\/DSC_3530.jpg 1500w\" sizes=\"auto, (max-width: 300px) 100vw, 300px\" \/><\/a><\/td>\n<td style=\"width: 50%;\">\n<p>&nbsp;<\/p>\n<p><strong>2026. m\u00e1rcius 21.<\/strong><br \/>\n<a href=\"https:\/\/zupnija-lendava.si\/hu\/fotogaleria-uj-minisztransok-befogadasa-2026-3-21\/\"><span style=\"font-size: 14pt;\">\u00daj minisztr\u00e1nsok befogad\u00e1sa<\/span><\/a><\/p>\n<\/td>\n<\/tr>\n<tr>\n<td style=\"width: 50%;\"><a href=\"https:\/\/zupnija-lendava.si\/hu\/fotogaleria-halasz-zarandoklat-lendvan-2026-ban\/\"><img loading=\"lazy\" decoding=\"async\" class=\"alignnone wp-image-71248 size-medium\" src=\"https:\/\/zupnija-lendava.si\/wp-content\/uploads\/2026\/04\/20260316_halas14-300x199.jpg\" alt=\"\" width=\"300\" height=\"199\" srcset=\"https:\/\/zupnija-lendava.si\/wp-content\/uploads\/2026\/04\/20260316_halas14-300x199.jpg 300w, https:\/\/zupnija-lendava.si\/wp-content\/uploads\/2026\/04\/20260316_halas14-1024x679.jpg 1024w, https:\/\/zupnija-lendava.si\/wp-content\/uploads\/2026\/04\/20260316_halas14-768x509.jpg 768w, https:\/\/zupnija-lendava.si\/wp-content\/uploads\/2026\/04\/20260316_halas14.jpg 1500w\" sizes=\"auto, (max-width: 300px) 100vw, 300px\" \/><\/a><\/td>\n<td style=\"width: 50%;\">\n<p>&nbsp;<\/p>\n<p><strong>2026. m\u00e1rcius 16.<\/strong><br \/>\n<a href=\"https:\/\/zupnija-lendava.si\/hu\/fotogaleria-halasz-zarandoklat-lendvan-2026-ban\/\"><span style=\"font-size: 14pt;\">Hal\u00e1sz-zar\u00e1ndoklat Lendv\u00e1n &#8211; Hal\u00e1sz D\u00e1niel pap hal\u00e1l\u00e1nak 81. \u00e9vfordul\u00f3ja<\/span><\/a><\/p>\n<\/td>\n<\/tr>\n<tr>\n<td style=\"width: 50%;\"><a href=\"https:\/\/zupnija-lendava.si\/hu\/fotogaleria-a-ljubljanai-papi-szeminarium-kispapjai-lendvan\/\"><img loading=\"lazy\" decoding=\"async\" class=\"alignnone wp-image-71222 size-medium\" src=\"https:\/\/zupnija-lendava.si\/wp-content\/uploads\/2026\/04\/20260315_obisk_slo_bogoslov41-300x199.jpg\" alt=\"\" width=\"300\" height=\"199\" srcset=\"https:\/\/zupnija-lendava.si\/wp-content\/uploads\/2026\/04\/20260315_obisk_slo_bogoslov41-300x199.jpg 300w, https:\/\/zupnija-lendava.si\/wp-content\/uploads\/2026\/04\/20260315_obisk_slo_bogoslov41-1024x679.jpg 1024w, https:\/\/zupnija-lendava.si\/wp-content\/uploads\/2026\/04\/20260315_obisk_slo_bogoslov41-768x509.jpg 768w, https:\/\/zupnija-lendava.si\/wp-content\/uploads\/2026\/04\/20260315_obisk_slo_bogoslov41.jpg 1500w\" sizes=\"auto, (max-width: 300px) 100vw, 300px\" \/><\/a><\/td>\n<td style=\"width: 50%;\">\n<p>&nbsp;<\/p>\n<p><strong>2026. m\u00e1rcius 15.<\/strong><br \/>\n<a href=\"https:\/\/zupnija-lendava.si\/hu\/fotogaleria-a-ljubljanai-papi-szeminarium-kispapjai-lendvan\/\"><span style=\"font-size: 14pt;\">A ljubljanai papi szemin\u00e1rium kispapjai Lendv\u00e1n<\/span><\/a><\/p>\n<\/td>\n<\/tr>\n<tr>\n<td style=\"width: 50%;\"><a href=\"https:\/\/zupnija-lendava.si\/hu\/fotogaleria-hamvazoszerda-2026-ban\/\"><img loading=\"lazy\" decoding=\"async\" class=\"alignnone wp-image-70372 size-medium\" src=\"https:\/\/zupnija-lendava.si\/wp-content\/uploads\/2026\/03\/20260218_pepelnica08-300x199.jpg\" alt=\"\" width=\"300\" height=\"199\" srcset=\"https:\/\/zupnija-lendava.si\/wp-content\/uploads\/2026\/03\/20260218_pepelnica08-300x199.jpg 300w, https:\/\/zupnija-lendava.si\/wp-content\/uploads\/2026\/03\/20260218_pepelnica08-1024x679.jpg 1024w, https:\/\/zupnija-lendava.si\/wp-content\/uploads\/2026\/03\/20260218_pepelnica08-768x509.jpg 768w, https:\/\/zupnija-lendava.si\/wp-content\/uploads\/2026\/03\/20260218_pepelnica08.jpg 1500w\" sizes=\"auto, (max-width: 300px) 100vw, 300px\" \/><\/a><\/td>\n<td style=\"width: 50%;\">\n<p>&nbsp;<\/p>\n<p><strong>2026. febru\u00e1r 2.<\/strong><br \/>\n<a href=\"https:\/\/zupnija-lendava.si\/hu\/fotogaleria-hamvazoszerda-2026-ban\/\"><span style=\"font-size: 14pt;\">Hamvaz\u00f3szerda \u2013 b\u00f6jti id\u0151szak kezdete<\/span><\/a><\/p>\n<\/td>\n<\/tr>\n<tr>\n<td style=\"width: 50%;\"><a href=\"https:\/\/zupnija-lendava.si\/hu\/fotogaleria-urunk-bemutatasanak-unnepe-gyertyaszentelo-boldogasszony-2026-ban\/\"><img loading=\"lazy\" decoding=\"async\" class=\"alignnone wp-image-70001 size-medium\" src=\"https:\/\/zupnija-lendava.si\/wp-content\/uploads\/2026\/02\/20260202_jezusovo_darovanje_01-300x199.jpg\" alt=\"\" width=\"300\" height=\"199\" srcset=\"https:\/\/zupnija-lendava.si\/wp-content\/uploads\/2026\/02\/20260202_jezusovo_darovanje_01-300x199.jpg 300w, https:\/\/zupnija-lendava.si\/wp-content\/uploads\/2026\/02\/20260202_jezusovo_darovanje_01-1024x679.jpg 1024w, https:\/\/zupnija-lendava.si\/wp-content\/uploads\/2026\/02\/20260202_jezusovo_darovanje_01-768x509.jpg 768w, https:\/\/zupnija-lendava.si\/wp-content\/uploads\/2026\/02\/20260202_jezusovo_darovanje_01.jpg 1500w\" sizes=\"auto, (max-width: 300px) 100vw, 300px\" \/><\/a><\/td>\n<td style=\"width: 50%;\">\n<p>&nbsp;<\/p>\n<p><strong>2026. febru\u00e1r 2.<\/strong><br \/>\n<a href=\"https:\/\/zupnija-lendava.si\/hu\/fotogaleria-urunk-bemutatasanak-unnepe-gyertyaszentelo-boldogasszony-2026-ban\/\"><span style=\"font-size: 14pt;\">Urunk bemutat\u00e1s\u00e1nak \u00fcnnepe \u2013 Gyertyaszentel\u0151 Boldogasszony<\/span><\/a><\/p>\n<\/td>\n<\/tr>\n<tr>\n<td style=\"width: 50%;\"><a href=\"https:\/\/zupnija-lendava.si\/hu\/fotogaleria-haromkiralyok-es-urunk-megkeresztelkedesenek-unnepe-2026\/\"><img loading=\"lazy\" decoding=\"async\" class=\"alignnone wp-image-69678 size-medium\" src=\"https:\/\/zupnija-lendava.si\/wp-content\/uploads\/2026\/01\/20260110_sveti_3kralji_27-300x199.jpg\" alt=\"\" width=\"300\" height=\"199\" srcset=\"https:\/\/zupnija-lendava.si\/wp-content\/uploads\/2026\/01\/20260110_sveti_3kralji_27-300x199.jpg 300w, https:\/\/zupnija-lendava.si\/wp-content\/uploads\/2026\/01\/20260110_sveti_3kralji_27-1024x678.jpg 1024w, https:\/\/zupnija-lendava.si\/wp-content\/uploads\/2026\/01\/20260110_sveti_3kralji_27-768x509.jpg 768w, https:\/\/zupnija-lendava.si\/wp-content\/uploads\/2026\/01\/20260110_sveti_3kralji_27.jpg 1400w\" sizes=\"auto, (max-width: 300px) 100vw, 300px\" \/><\/a><\/td>\n<td style=\"width: 50%;\">\n<p>&nbsp;<\/p>\n<p><strong>2026. janu\u00e1r 10.<\/strong><br \/>\n<a href=\"https:\/\/zupnija-lendava.si\/hu\/fotogaleria-haromkiralyok-es-urunk-megkeresztelkedesenek-unnepe-2026\/\"><span style=\"font-size: 14pt;\">H\u00e1romkir\u00e1lyok \u00e9s Urunk megkeresztelked\u00e9s\u00e9nek \u00fcnnepe<\/span><\/a><\/p>\n<\/td>\n<\/tr>\n<\/tbody>\n<\/table>\n<p>El\u0151z\u0151 \u00e9vek arch\u00edvuma: <a href=\"https:\/\/zupnija-lendava.si\/hu\/fotogaleria-2025-os-ev\/\">2025<\/a> | <a href=\"https:\/\/zupnija-lendava.si\/hu\/fotogaleria-2024-es-ev\/\">2024<\/a> | <a href=\"https:\/\/zupnija-lendava.si\/hu\/fotogaleria-2023-as-ev\/\">2023<\/a> | <a href=\"https:\/\/zupnija-lendava.si\/hu\/fotogaleria-2022-es-ev\/\">2022<\/a> | <a href=\"https:\/\/zupnija-lendava.si\/hu\/fotogaleria-2021-es-ev\/\">2021<\/a> | <a href=\"https:\/\/zupnija-lendava.si\/hu\/fotogaleria-2020-as-ev\/\">2020<\/a> | <a href=\"https:\/\/zupnija-lendava.si\/hu\/fotogaleria-2019-es-ev\/\">2019<\/a> | <a href=\"https:\/\/zupnija-lendava.si\/hu\/fotogaleria-2018-as-ev\/\">2018<\/a> | <a href=\"https:\/\/zupnija-lendava.si\/hu\/fotogaleria-2017-es-ev\/\">2017<\/a> | <a href=\"https:\/\/zupnija-lendava.si\/hu\/fotogaleria-2016-os-ev\/\">2016<\/a> | <a href=\"https:\/\/zupnija-lendava.si\/hu\/fotogaleria-2015-os-ev\/\">2015<\/a> | <a href=\"https:\/\/zupnija-lendava.si\/hu\/fotogaleria-2014-es-ev\/\">2014<\/a> | <a href=\"https:\/\/zupnija-lendava.si\/hu\/fotogaleria-2013-as-ev\/\">2013<\/a> | <a href=\"https:\/\/zupnija-lendava.si\/hu\/fotogaleria-2012-es-ev\/\">2012<\/a> | <a href=\"https:\/\/zupnija-lendava.si\/hu\/fotogaleria-2011-es-ev\/\">2011<\/a><\/p>\n","protected":false},"excerpt":{"rendered":"<p>\u00dcdv\u00f6z\u00f6lj\u00fck a Lendvai Pl\u00e9b\u00e1nia fot\u00f3gal\u00e9ri\u00e1j\u00e1ban.\u00a0 A k\u00e9pek megtekint\u00e9s\u00e9hez k\u00e9rj\u00fck kattintsanak a lent tal\u00e1lhat\u00f3 kapcsolatokra. A 2026-OS \u00c9V ESEM\u00c9NYEINEK F\u00c9NYK\u00c9PEI &nbsp; 2026. m\u00e1rcius 21. \u00daj minisztr\u00e1nsok befogad\u00e1sa &nbsp; 2026. m\u00e1rcius 16. Hal\u00e1sz-zar\u00e1ndoklat Lendv\u00e1n &#8211; Hal\u00e1sz D\u00e1niel pap hal\u00e1l\u00e1nak 81. \u00e9vfordul\u00f3ja &nbsp; &hellip; <a href=\"https:\/\/zupnija-lendava.si\/hu\/fotogaleria\/\"><span class=\"meta-nav\">Tov\u00e1bb \u2192<\/span><\/a><\/p>\n","protected":false},"author":3,"featured_media":0,"parent":0,"menu_order":0,"comment_status":"closed","ping_status":"closed","template":"","meta":{"footnotes":""},"class_list":["post-27353","page","type-page","status-publish","hentry"],"_links":{"self":[{"href":"https:\/\/zupnija-lendava.si\/hu\/wp-json\/wp\/v2\/pages\/27353","targetHints":{"allow":["GET"]}}],"collection":[{"href":"https:\/\/zupnija-lendava.si\/hu\/wp-json\/wp\/v2\/pages"}],"about":[{"href":"https:\/\/zupnija-lendava.si\/hu\/wp-json\/wp\/v2\/types\/page"}],"author":[{"embeddable":true,"href":"https:\/\/zupnija-lendava.si\/hu\/wp-json\/wp\/v2\/users\/3"}],"replies":[{"embeddable":true,"href":"https:\/\/zupnija-lendava.si\/hu\/wp-json\/wp\/v2\/comments?post=27353"}],"version-history":[{"count":66,"href":"https:\/\/zupnija-lendava.si\/hu\/wp-json\/wp\/v2\/pages\/27353\/revisions"}],"predecessor-version":[{"id":71424,"href":"https:\/\/zupnija-lendava.si\/hu\/wp-json\/wp\/v2\/pages\/27353\/revisions\/71424"}],"wp:attachment":[{"href":"https:\/\/zupnija-lendava.si\/hu\/wp-json\/wp\/v2\/media?parent=27353"}],"curies":[{"name":"wp","href":"https:\/\/api.w.org\/{rel}","templated":true}]}}