{"id":27349,"date":"2012-04-07T20:25:03","date_gmt":"2012-04-07T18:25:03","guid":{"rendered":"http:\/\/zupnija-lendava.si\/hittan\/"},"modified":"2025-09-13T20:39:14","modified_gmt":"2025-09-13T18:39:14","slug":"hittan","status":"publish","type":"page","link":"https:\/\/zupnija-lendava.si\/hu\/hittan\/","title":{"rendered":"HITTAN"},"content":{"rendered":"<p><span style=\"font-size: 18pt;\"><strong>A 2025\/2026-os hittan\u00e9v \u00f3rarendje<br \/>\n<\/strong><\/span><\/p>\n<p><span style=\"font-size: 14pt;\">1-t\u0151l 9-ig oszt\u00e1lyig<\/span><strong><br \/>\n<\/strong><\/p>\n<div id=\"tabela1\">\n<table style=\"width: 100%;\">\n<tbody>\n<tr style=\"background-color: #f7d9b7;\">\n<td><strong>NAP<\/strong><\/td>\n<td><strong>OSZT\u00c1LY<\/strong><\/td>\n<td><strong>\u00d3RA<\/strong><\/td>\n<\/tr>\n<tr style=\"background-color: #fff;\">\n<td>H\u00c9TF\u0150<\/td>\n<td><strong>5. oszt\u00e1ly<br \/>\n2. oszt\u00e1ly<br \/>\n3. oszt\u00e1ly<br \/>\n<\/strong><\/td>\n<td>14:00 \u00e9s 15:00 k\u00f6z\u00f6tt<br \/>\n16:00 \u00e9s 17:00 k\u00f6z\u00f6tt<br \/>\n17:00 \u00e9s 18:00 k\u00f6z\u00f6tt<\/td>\n<\/tr>\n<tr style=\"background-color: #fff;\">\n<td>KEDD<\/td>\n<td><strong>8. in 9. oszt\u00e1ly<br \/>\n1. oszt\u00e1ly<br \/>\n6. \u00e9s 7. oszt\u00e1ly<br \/>\n<\/strong><\/td>\n<td>16:00 \u00e9s 17:00 k\u00f6z\u00f6tt<br \/>\n17:00 \u00e9s 18:00 k\u00f6z\u00f6tt<br \/>\n18:00 \u00e9s 19:00 k\u00f6z\u00f6tt<\/td>\n<\/tr>\n<tr style=\"background-color: #fff;\">\n<td>CS\u00dcT\u00d6RT\u00d6K<\/td>\n<td><strong>4. oszt\u00e1ly<\/strong><\/td>\n<td>17:00 \u00e9s 18:00 k\u00f6z\u00f6tt<\/td>\n<\/tr>\n<\/tbody>\n<\/table>\n<\/div>\n","protected":false},"excerpt":{"rendered":"<p>A 2025\/2026-os hittan\u00e9v \u00f3rarendje 1-t\u0151l 9-ig oszt\u00e1lyig NAP OSZT\u00c1LY \u00d3RA H\u00c9TF\u0150 5. oszt\u00e1ly 2. oszt\u00e1ly 3. oszt\u00e1ly 14:00 \u00e9s 15:00 k\u00f6z\u00f6tt 16:00 \u00e9s 17:00 k\u00f6z\u00f6tt 17:00 \u00e9s 18:00 k\u00f6z\u00f6tt KEDD 8. in 9. oszt\u00e1ly 1. oszt\u00e1ly 6. \u00e9s 7. oszt\u00e1ly &hellip; <a href=\"https:\/\/zupnija-lendava.si\/hu\/hittan\/\"><span class=\"meta-nav\">Tov\u00e1bb \u2192<\/span><\/a><\/p>\n","protected":false},"author":3,"featured_media":0,"parent":0,"menu_order":0,"comment_status":"closed","ping_status":"closed","template":"","meta":{"footnotes":""},"class_list":["post-27349","page","type-page","status-publish","hentry"],"_links":{"self":[{"href":"https:\/\/zupnija-lendava.si\/hu\/wp-json\/wp\/v2\/pages\/27349","targetHints":{"allow":["GET"]}}],"collection":[{"href":"https:\/\/zupnija-lendava.si\/hu\/wp-json\/wp\/v2\/pages"}],"about":[{"href":"https:\/\/zupnija-lendava.si\/hu\/wp-json\/wp\/v2\/types\/page"}],"author":[{"embeddable":true,"href":"https:\/\/zupnija-lendava.si\/hu\/wp-json\/wp\/v2\/users\/3"}],"replies":[{"embeddable":true,"href":"https:\/\/zupnija-lendava.si\/hu\/wp-json\/wp\/v2\/comments?post=27349"}],"version-history":[{"count":12,"href":"https:\/\/zupnija-lendava.si\/hu\/wp-json\/wp\/v2\/pages\/27349\/revisions"}],"predecessor-version":[{"id":68761,"href":"https:\/\/zupnija-lendava.si\/hu\/wp-json\/wp\/v2\/pages\/27349\/revisions\/68761"}],"wp:attachment":[{"href":"https:\/\/zupnija-lendava.si\/hu\/wp-json\/wp\/v2\/media?parent=27349"}],"curies":[{"name":"wp","href":"https:\/\/api.w.org\/{rel}","templated":true}]}}