{"id":27345,"date":"2012-04-05T17:55:14","date_gmt":"2012-04-05T15:55:14","guid":{"rendered":"http:\/\/zupnija-lendava.si\/informaciok-a-plebaniarol\/"},"modified":"2024-09-14T13:10:21","modified_gmt":"2024-09-14T11:10:21","slug":"informaciok-a-plebaniarol","status":"publish","type":"page","link":"https:\/\/zupnija-lendava.si\/hu\/informaciok-a-plebaniarol\/","title":{"rendered":"INFORM\u00c1CI\u00d3K: A pl\u00e9b\u00e1ni\u00e1r\u00f3l"},"content":{"rendered":"<h3><strong><span style=\"color: #d8721c;\">Inform\u00e1ci\u00f3k<\/span><\/strong><\/h3>\n<hr \/>\n<p><img loading=\"lazy\" decoding=\"async\" class=\"size-thumbnail wp-image-29967 alignright\" src=\"https:\/\/zupnija-lendava.si\/wp-content\/uploads\/2021\/01\/zupnija_logo-120x120.png\" alt=\"\" width=\"120\" height=\"120\" srcset=\"https:\/\/zupnija-lendava.si\/wp-content\/uploads\/2021\/01\/zupnija_logo-120x120.png 120w, https:\/\/zupnija-lendava.si\/wp-content\/uploads\/2021\/01\/zupnija_logo.png 200w\" sizes=\"auto, (max-width: 120px) 100vw, 120px\" \/>Alexandriai szent Katalin pl\u00e9b\u00e1nia, Lendva<\/p>\n<p><strong>A PL\u00c9B\u00c1NIA VEZET\u0150S\u00c9GE<\/strong><\/p>\n<p>Pl\u00e9b\u00e1nos: <strong>Martin Dolami\u010d-Konrad<\/strong><\/p>\n<hr \/>\n<p><strong>SZENTMIS\u00c9K H\u00c9TK\u00d6ZNAPOKON<br \/>\n<\/strong><\/p>\n<table style=\"width: 100%; background-color: white;\">\n<tbody>\n<tr>\n<td style=\"width: 35%; background-color: #ffffff;\">h\u00e9tf\u0151:<\/td>\n<td><strong>19 \u00f3rakor<\/strong>, t\u00e9li id\u0151szakban <strong>18 \u00f3rakor<\/strong><\/td>\n<\/tr>\n<tr>\n<td>kedd:<\/td>\n<td><strong>19 \u00f3rakor<\/strong>, t\u00e9li id\u0151szakban <strong>18 \u00f3rakor<\/strong><\/td>\n<\/tr>\n<tr>\n<td>szerda:<\/td>\n<td><strong>9.30-kor<\/strong> az Id\u0151sebb polg\u00e1rok otthon\u00e1ban<\/td>\n<\/tr>\n<tr>\n<td>cs\u00fct\u00f6rt\u00f6k:<\/td>\n<td><strong>19 \u00f3rakor<\/strong>, t\u00e9li id\u0151szakban <strong>18 \u00f3rakor<\/strong><\/td>\n<\/tr>\n<tr>\n<td>p\u00e9ntek:<\/td>\n<td><strong>19 \u00f3rakor<\/strong>, t\u00e9li id\u0151szakban <strong>18 \u00f3rakor<br \/>\n10.00-kor<\/strong> az Id\u0151sebb polg\u00e1rok otthon\u00e1ban (ha nincs szerd\u00e1n az adott h\u00e9ten)<strong><br \/>\n<\/strong><\/td>\n<\/tr>\n<tr>\n<td>szombat:<strong><br \/>\n<\/strong><\/td>\n<td><strong>18 \u00f3rakor szentmise kisgyermekes csal\u00e1dok \u00e9s a hittanosok r\u00e9sz\u00e9re <\/strong><\/td>\n<\/tr>\n<\/tbody>\n<\/table>\n<p><strong>SZENTMIS\u00c9K VAS\u00c1RNAPOKON<\/strong><\/p>\n<table style=\"width: 100%; background-color: white;\">\n<tbody>\n<tr>\n<td style=\"width: 35%;\">Lendva:<\/td>\n<td><strong>8.00<\/strong> \u00f3rakor magyar nyelven<br \/>\n<strong>10.00<\/strong> \u00f3rakor szlov\u00e9n nyelven<\/td>\n<\/tr>\n<\/tbody>\n<\/table>\n<p><strong>A PL\u00c9B\u00c1NIAHIVATAL NYITVATART\u00c1SA \/ FOGAD\u00d3\u00d3R\u00c1K<br \/>\n<\/strong><\/p>\n<table style=\"width: 100%; background-color: white;\">\n<tbody>\n<tr>\n<td style=\"width: 35%;\">H\u00e9tf\u0151<\/td>\n<td>nincs hivatalos fogad\u00f3\u00f3ra<\/td>\n<\/tr>\n<tr>\n<td><strong>Kedd<\/strong><\/td>\n<td><strong>8.30 \u2013 11.00 \u00e9s 16.00 \u2013 18.00<\/strong><\/td>\n<\/tr>\n<tr>\n<td>Szerda<\/td>\n<td>nincs hivatalos fogad\u00f3\u00f3ra<\/td>\n<\/tr>\n<tr>\n<td>Cs\u00fct\u00f6rt\u00f6k<\/td>\n<td>nincs hivatalos fogad\u00f3\u00f3ra<\/td>\n<\/tr>\n<tr>\n<td><strong>P\u00e9ntek<\/strong><\/td>\n<td><strong>8.30 \u2013 11.00<\/strong><\/td>\n<\/tr>\n<tr>\n<td>Szombat, vas\u00e1rnap \u00e9s \u00fcnnepnap<\/td>\n<td>nincs hivatalos fogad\u00f3\u00f3ra<\/td>\n<\/tr>\n<\/tbody>\n<\/table>\n<h3><strong><span style=\"color: #d8721c;\">HASZNOS INFORM\u00c1CI\u00d3K &#8211; El\u00e9rhet\u0151s\u00e9g<br \/>\n<\/span><\/strong><\/h3>\n<table style=\"width: 100%;\" border=\"0\">\n<tbody>\n<tr>\n<td style=\"width: 35%;\">C\u00edm:<\/td>\n<td><strong>\u017dupnija Lendava &#8211; Lendvai Pl\u00e9b\u00e1nia<br \/>\nCerkveni trg 2 &#8211; Templom t\u00e9r 2 <br \/>\n9220 Lendva<br \/>\nSzlov\u00e9nia<br \/>\n<\/strong><\/td>\n<\/tr>\n<tr>\n<td>Telefon:<\/td>\n<td><strong>+368 (0)2 578 83 30<br \/>\n<\/strong><\/td>\n<\/tr>\n<tr>\n<td>Mobilsz\u00e1m:<\/td>\n<td><strong>+368 (0)41 670 199<br \/>\n<em>(csak hal\u00e1leset vagy beteg kenete eset\u00e9n!)<\/em><\/strong><\/td>\n<\/tr>\n<tr>\n<td>E-mail:<\/td>\n<td><strong><a href=\"m&#x61;i&#108;&#x74;o&#x3a;&#x7a;u&#x70;n&#105;&#x6a;a&#46;&#x6c;e&#x6e;d&#97;&#x76;a&#64;&#x72;k&#x63;&#x2e;s&#x69;\">z&#x75;&#x70;n&#105;&#x6a;a&#46;&#x6c;&#x65;n&#x64;&#x61;v&#97;&#x40;r&#107;&#x63;&#x2e;s&#x69;<\/a><br \/>\n<\/strong><\/td>\n<\/tr>\n<tr>\n<td>Banksz\u00e1mlasz\u00e1m:<\/td>\n<td><strong>SI56 0400 0027 8476 077 (OTP banka)<\/strong><\/td>\n<\/tr>\n<tr>\n<td>BIC:<\/td>\n<td><strong>KBMASI2X<\/strong><\/td>\n<\/tr>\n<tr>\n<td>Ad\u00f3sz\u00e1m:<\/td>\n<td><strong>12925667<br \/>\n<\/strong><\/td>\n<\/tr>\n<tr>\n<td>T\u00f6rzssz\u00e1m\/Regisztr\u00e1ci\u00f3s sz\u00e1m:<\/td>\n<td><strong>5927404000<br \/>\n<\/strong><\/td>\n<\/tr>\n<\/tbody>\n<\/table>\n","protected":false},"excerpt":{"rendered":"<p>Inform\u00e1ci\u00f3k Alexandriai szent Katalin pl\u00e9b\u00e1nia, Lendva A PL\u00c9B\u00c1NIA VEZET\u0150S\u00c9GE Pl\u00e9b\u00e1nos: Martin Dolami\u010d-Konrad SZENTMIS\u00c9K H\u00c9TK\u00d6ZNAPOKON h\u00e9tf\u0151: 19 \u00f3rakor, t\u00e9li id\u0151szakban 18 \u00f3rakor kedd: 19 \u00f3rakor, t\u00e9li id\u0151szakban 18 \u00f3rakor szerda: 9.30-kor az Id\u0151sebb polg\u00e1rok otthon\u00e1ban cs\u00fct\u00f6rt\u00f6k: 19 \u00f3rakor, t\u00e9li id\u0151szakban 18 &hellip; <a href=\"https:\/\/zupnija-lendava.si\/hu\/informaciok-a-plebaniarol\/\"><span class=\"meta-nav\">Tov\u00e1bb \u2192<\/span><\/a><\/p>\n","protected":false},"author":3,"featured_media":0,"parent":0,"menu_order":0,"comment_status":"closed","ping_status":"closed","template":"","meta":{"footnotes":""},"class_list":["post-27345","page","type-page","status-publish","hentry"],"_links":{"self":[{"href":"https:\/\/zupnija-lendava.si\/hu\/wp-json\/wp\/v2\/pages\/27345","targetHints":{"allow":["GET"]}}],"collection":[{"href":"https:\/\/zupnija-lendava.si\/hu\/wp-json\/wp\/v2\/pages"}],"about":[{"href":"https:\/\/zupnija-lendava.si\/hu\/wp-json\/wp\/v2\/types\/page"}],"author":[{"embeddable":true,"href":"https:\/\/zupnija-lendava.si\/hu\/wp-json\/wp\/v2\/users\/3"}],"replies":[{"embeddable":true,"href":"https:\/\/zupnija-lendava.si\/hu\/wp-json\/wp\/v2\/comments?post=27345"}],"version-history":[{"count":1,"href":"https:\/\/zupnija-lendava.si\/hu\/wp-json\/wp\/v2\/pages\/27345\/revisions"}],"predecessor-version":[{"id":64349,"href":"https:\/\/zupnija-lendava.si\/hu\/wp-json\/wp\/v2\/pages\/27345\/revisions\/64349"}],"wp:attachment":[{"href":"https:\/\/zupnija-lendava.si\/hu\/wp-json\/wp\/v2\/media?parent=27345"}],"curies":[{"name":"wp","href":"https:\/\/api.w.org\/{rel}","templated":true}]}}